{"id":25804,"date":"2025-02-20T23:27:52","date_gmt":"2025-02-20T22:27:52","guid":{"rendered":"http:\/\/olemosaic.com\/producto\/girafa-figura-de-resina-de-14-cm-pintada-a-mano\/"},"modified":"2025-07-25T19:42:58","modified_gmt":"2025-07-25T17:42:58","slug":"girafe-figurine-resine-14-cm-peinte-a-la-main","status":"publish","type":"product","link":"https:\/\/olemosaic.com\/fr\/produit\/girafe-figurine-resine-14-cm-peinte-a-la-main\/","title":{"rendered":"Girafe. Figurine mosa\u00efque de 14 cm."},"content":{"rendered":"<p>Figurine de girafe en r\u00e9sine effet peint \u00e0 la main &#8211; Souvenir d&rsquo;Espagne<\/p>\n<p>D\u00e9couvrez notre charmante figurine de girafe en r\u00e9sine, une pi\u00e8ce de 14 cm qui c\u00e9l\u00e8bre la faune vibrante et l&rsquo;art espagnol. Chaque figurine semble \u00eatre peinte \u00e0 la main par des artisans, ce qui garantit que chaque girafe est unique et pleine de d\u00e9tails. Son design en mosa\u00efque se distingue par la fusion de tons vibrants tels que le rose, le bleu, le jaune et le vert, cr\u00e9ant un effet visuel attrayant qui ne passera pas inaper\u00e7u. La texture de la surface, qui imite d&rsquo;incroyables pi\u00e8ces de mosa\u00efque, ajoute une touche artistique et moderne, en faisant une excellente option d\u00e9corative pour n&rsquo;importe quel foyer.<\/p>\n<p>Ce souvenir, en plus d&rsquo;\u00eatre un bel ornement, capture l&rsquo;essence de l&rsquo;art et de la culture espagnole, o\u00f9 l&rsquo;utilisation de la couleur et la cr\u00e9ativit\u00e9 sont fondamentales. Id\u00e9ale pour ceux qui recherchent un d\u00e9tail original \u00e9voquant leur visite en Espagne, cette girafe effet peint \u00e0 la main est une merveilleuse repr\u00e9sentation de l&rsquo;esprit ludique et color\u00e9 de la r\u00e9gion.<\/p>\n<p>Chez Ol\u00e9 Mosaic, nous sommes distributeurs de souvenirs de faune, proposant des produits authentiques qui se distinguent par leur qualit\u00e9 et leur design. Ajouter ces figurines \u00e0 votre catalogue est un succ\u00e8s garanti pour attirer les touristes souhaitant ramener un morceau de la culture espagnole chez eux. Ce charmant souvenir est parfait pour ceux qui recherchent des cadeaux uniques et m\u00e9morables, id\u00e9aux pour se souvenir d&rsquo;une exp\u00e9rience sp\u00e9ciale.<\/p>\n","protected":false},"excerpt":{"rendered":"<p>Figurine de 14 cm, design artisanal, peint \u00e0 la main, repr\u00e9sentant une girafe aux couleurs vibrantes. Ce charmant souvenir se distingue par son design en mosa\u00efque, combinant des tons roses, bleus, jaunes et verts, cr\u00e9ant un effet visuel tr\u00e8s attrayant. Id\u00e9ale pour ceux qui recherchent un d\u00e9tail d\u00e9coratif capturant l&rsquo;essence de la faune et de l&rsquo;art en une seule pi\u00e8ce. Parfaite pour ajouter une touche d&rsquo;originalit\u00e9 \u00e0 n&rsquo;importe quel espace.<\/p>\n","protected":false},"featured_media":11037,"template":"","meta":{"_acf_changed":false},"product_brand":[],"product_cat":[540],"product_tag":[530],"class_list":{"0":"post-25804","1":"product","2":"type-product","3":"status-publish","4":"has-post-thumbnail","6":"product_cat-chiffres","7":"product_tag-animaux","8":"pa_motivo-girafes","10":"first","11":"instock","12":"shipping-taxable","13":"product-type-simple"},"acf":[],"_links":{"self":[{"href":"https:\/\/olemosaic.com\/fr\/wp-json\/wp\/v2\/product\/25804","targetHints":{"allow":["GET"]}}],"collection":[{"href":"https:\/\/olemosaic.com\/fr\/wp-json\/wp\/v2\/product"}],"about":[{"href":"https:\/\/olemosaic.com\/fr\/wp-json\/wp\/v2\/types\/product"}],"wp:featuredmedia":[{"embeddable":true,"href":"https:\/\/olemosaic.com\/fr\/wp-json\/wp\/v2\/media\/11037"}],"wp:attachment":[{"href":"https:\/\/olemosaic.com\/fr\/wp-json\/wp\/v2\/media?parent=25804"}],"wp:term":[{"taxonomy":"product_brand","embeddable":true,"href":"https:\/\/olemosaic.com\/fr\/wp-json\/wp\/v2\/product_brand?post=25804"},{"taxonomy":"product_cat","embeddable":true,"href":"https:\/\/olemosaic.com\/fr\/wp-json\/wp\/v2\/product_cat?post=25804"},{"taxonomy":"product_tag","embeddable":true,"href":"https:\/\/olemosaic.com\/fr\/wp-json\/wp\/v2\/product_tag?post=25804"}],"curies":[{"name":"wp","href":"https:\/\/api.w.org\/{rel}","templated":true}]}}