{"id":25745,"date":"2025-02-20T23:27:48","date_gmt":"2025-02-20T22:27:48","guid":{"rendered":"http:\/\/olemosaic.com\/producto\/llavero-de-madera-letra-u-valencia\/"},"modified":"2025-07-25T18:48:00","modified_gmt":"2025-07-25T16:48:00","slug":"porte-cles-en-bois-lettre-u-valence","status":"publish","type":"product","link":"https:\/\/olemosaic.com\/fr\/produit\/porte-cles-en-bois-lettre-u-valence\/","title":{"rendered":"Porte-cl\u00e9s en bois. Lettre U. Valence."},"content":{"rendered":"<p>Ce porte-cl\u00e9s en bois en forme de lettre U est un souvenir distinctif de Valence qui capture l&rsquo;essence vibrante de la ville. Avec un design ing\u00e9nieux, il pr\u00e9sente une repr\u00e9sentation color\u00e9e des monuments embl\u00e9matiques de Valence, comme la majestueuse Cath\u00e9drale de Valence, orn\u00e9e des couleurs vives qui \u00e9voquent la c\u00e9l\u00e8bre mosa\u00efque de la r\u00e9gion. La pi\u00e8ce se distingue par sa finition d\u00e9taill\u00e9e et sa riche palette chromatique, qui va des tons bleus et oranges aux verts vibrants, refl\u00e9tant l&rsquo;architecture unique qui caract\u00e9rise la capitale du Turia.<\/p>\n<p>Le porte-cl\u00e9s n&rsquo;est pas seulement fonctionnel, il devient un souvenir m\u00e9morable de votre visite dans cette belle ville. Le texte \u00ab\u00a0Valencia\u00a0\u00bb est clairement visible, lo qui ajoute une valeur sentimentale et touristique, en faisant un compl\u00e9ment parfait pour les cl\u00e9s ou un sac. Ce porte-cl\u00e9s est un excellent cadeau pour ceux qui souhaitent emporter un morceau de la culture valencienne chez eux, et id\u00e9al pour les touristes qui recherchent des souvenirs authentiques et repr\u00e9sentatifs. Chez Ol\u00e9 Mosaic, nous sommes des distributeurs en gros de produits artisanaux comme ce porte-cl\u00e9s, garantissant qualit\u00e9 et authenticit\u00e9 dans chaque pi\u00e8ce, ce qui en fait une option attrayante pour les magasins de cadeaux touristiques qui recherchent des produits uniques et \u00e0 forte demande.<\/p>\n","protected":false},"excerpt":{"rendered":"<p>Porte-cl\u00e9s en bois en forme de lettre U, inspir\u00e9 de la ville de Valence. Ce porte-cl\u00e9s attrayant pr\u00e9sente un design vibrant qui combine des \u00e9l\u00e9ments architecturaux embl\u00e9matiques, comme des d\u00e9tails de la Cath\u00e9drale de Valence et d&rsquo;autres symboles locaux, d\u00e9cor\u00e9 de couleurs \u00e9clatantes qui \u00e9voquent les c\u00e9l\u00e8bres mosa\u00efques de la ville. Sa finition d\u00e9taill\u00e9e et l&rsquo;inscription \u00ab\u00a0Valencia\u00a0\u00bb visible en font un souvenir parfait pour se rem\u00e9morer la visite.<\/p>\n","protected":false},"featured_media":10879,"template":"","meta":{"_acf_changed":false},"product_brand":[],"product_cat":[607],"product_tag":[614],"class_list":{"0":"post-25745","1":"product","2":"type-product","3":"status-publish","4":"has-post-thumbnail","6":"product_cat-porte-cles","7":"product_tag-lettres","8":"pa_ciudad-valencia","9":"pa_motivo-lettre-u","10":"pa_pais-espana","12":"first","13":"instock","14":"shipping-taxable","15":"product-type-simple"},"acf":[],"_links":{"self":[{"href":"https:\/\/olemosaic.com\/fr\/wp-json\/wp\/v2\/product\/25745","targetHints":{"allow":["GET"]}}],"collection":[{"href":"https:\/\/olemosaic.com\/fr\/wp-json\/wp\/v2\/product"}],"about":[{"href":"https:\/\/olemosaic.com\/fr\/wp-json\/wp\/v2\/types\/product"}],"wp:featuredmedia":[{"embeddable":true,"href":"https:\/\/olemosaic.com\/fr\/wp-json\/wp\/v2\/media\/10879"}],"wp:attachment":[{"href":"https:\/\/olemosaic.com\/fr\/wp-json\/wp\/v2\/media?parent=25745"}],"wp:term":[{"taxonomy":"product_brand","embeddable":true,"href":"https:\/\/olemosaic.com\/fr\/wp-json\/wp\/v2\/product_brand?post=25745"},{"taxonomy":"product_cat","embeddable":true,"href":"https:\/\/olemosaic.com\/fr\/wp-json\/wp\/v2\/product_cat?post=25745"},{"taxonomy":"product_tag","embeddable":true,"href":"https:\/\/olemosaic.com\/fr\/wp-json\/wp\/v2\/product_tag?post=25745"}],"curies":[{"name":"wp","href":"https:\/\/api.w.org\/{rel}","templated":true}]}}