{"id":25743,"date":"2025-02-20T23:27:48","date_gmt":"2025-02-20T22:27:48","guid":{"rendered":"http:\/\/olemosaic.com\/producto\/taza-de-ceramica-panoramica-barcelona-beige\/"},"modified":"2025-07-25T18:43:42","modified_gmt":"2025-07-25T16:43:42","slug":"mug-en-ceramique-panoramique-barcelone-beige-fr","status":"publish","type":"product","link":"https:\/\/olemosaic.com\/fr\/produit\/mug-en-ceramique-panoramique-barcelone-beige-fr\/","title":{"rendered":"Mug en c\u00e9ramique. Panoramique. Barcelone. Parc G\u00fcell. Beige."},"content":{"rendered":"<p>D\u00e9couvrez notre mug en c\u00e9ramique avec la vue panoramique de Barcelone ! Ce charmant souvenir est un hommage \u00e0 la culture vibrante et \u00e0 l&rsquo;architecture singuli\u00e8re de la cit\u00e9 comtale. Le mug est d\u00e9cor\u00e9 d&rsquo;un design color\u00e9 qui met en valeur l&rsquo;iconique Parc G\u00fcell, c\u00e9l\u00e8bre pour ses mosa\u00efques ondulantes et son style architectural innovant, un symbole de l&rsquo;\u0153uvre d&rsquo;Antoni Gaud\u00ed. Les tons beige pr\u00e9dominent sur le fond, tandis que les d\u00e9tails en bleu et vert \u00e9voquent la nature et l&rsquo;art int\u00e9gr\u00e9s dans ce parc embl\u00e9matique, faisant de chaque gorg\u00e9e un rappel de la splendeur de Barcelone.<\/p>\n<p>Le mug comprend une cuill\u00e8re orange, qui ajoute de la fonctionnalit\u00e9 \u00e0 son design attrayant et facilite l&rsquo;exp\u00e9rience de d\u00e9gustation de vos boissons pr\u00e9f\u00e9r\u00e9es. Pr\u00e9sent\u00e9 dans un emballage \u00e9l\u00e9gant, c&rsquo;est une option de cadeau id\u00e9ale pour ceux qui souhaitent emporter un petit morceau de Barcelone chez eux. Ce souvenir n&rsquo;est pas seulement un objet d\u00e9coratif, mais un souvenir authentique qui capture l&rsquo;essence artistique et culturelle de la ville. Chez Ol\u00e9 Mosaic, nous nous engageons dans la distribution de souvenirs de qualit\u00e9 en gros, et ce mug est un excellent ajout pour les magasins de cadeaux touristiques qui cherchent \u00e0 offrir des produits authentiques et repr\u00e9sentatifs de Barcelone.<\/p>\n","protected":false},"excerpt":{"rendered":"<p>Mug en c\u00e9ramique avec une vue panoramique color\u00e9e de Barcelone, pr\u00e9sent\u00e9 dans un emballage \u00e9l\u00e9gant. Ce produit comprend une cuill\u00e8re orange, qui ajoute fonctionnalit\u00e9 et style. D\u00e9cor\u00e9 d&rsquo;un design qui met en valeur le c\u00e9l\u00e8bre Parc G\u00fcell, le mug pr\u00e9sente des carreaux aux formes fluides et vibrantes, combinant des motifs architecturaux avec des couleurs beige et des d\u00e9tails en bleu et vert. Un souvenir parfait qui capture l&rsquo;essence artistique de la ville.<\/p>\n","protected":false},"featured_media":9205,"template":"","meta":{"_acf_changed":false},"product_brand":[],"product_cat":[822],"product_tag":[585],"class_list":{"0":"post-25743","1":"product","2":"type-product","3":"status-publish","4":"has-post-thumbnail","6":"product_cat-mugs-fr","7":"product_tag-ceramique","8":"pa_ciudad-barcelona","9":"pa_motivo-panoramas","10":"pa_pais-espana","12":"first","13":"instock","14":"shipping-taxable","15":"product-type-simple"},"acf":[],"_links":{"self":[{"href":"https:\/\/olemosaic.com\/fr\/wp-json\/wp\/v2\/product\/25743","targetHints":{"allow":["GET"]}}],"collection":[{"href":"https:\/\/olemosaic.com\/fr\/wp-json\/wp\/v2\/product"}],"about":[{"href":"https:\/\/olemosaic.com\/fr\/wp-json\/wp\/v2\/types\/product"}],"wp:featuredmedia":[{"embeddable":true,"href":"https:\/\/olemosaic.com\/fr\/wp-json\/wp\/v2\/media\/9205"}],"wp:attachment":[{"href":"https:\/\/olemosaic.com\/fr\/wp-json\/wp\/v2\/media?parent=25743"}],"wp:term":[{"taxonomy":"product_brand","embeddable":true,"href":"https:\/\/olemosaic.com\/fr\/wp-json\/wp\/v2\/product_brand?post=25743"},{"taxonomy":"product_cat","embeddable":true,"href":"https:\/\/olemosaic.com\/fr\/wp-json\/wp\/v2\/product_cat?post=25743"},{"taxonomy":"product_tag","embeddable":true,"href":"https:\/\/olemosaic.com\/fr\/wp-json\/wp\/v2\/product_tag?post=25743"}],"curies":[{"name":"wp","href":"https:\/\/api.w.org\/{rel}","templated":true}]}}