{"id":25741,"date":"2025-02-20T22:27:48","date_gmt":"2025-02-20T22:27:48","guid":{"rendered":"http:\/\/olemosaic.com\/producto\/funda-de-telefono-para-samsung-a14-tpu-motivos-marinos-azul\/"},"modified":"2025-07-25T20:28:13","modified_gmt":"2025-07-25T18:28:13","slug":"coque-de-telephone-pour-samsung-a14-tpu-motifs-marins-bleu","status":"publish","type":"product","link":"https:\/\/olemosaic.com\/fr\/produit\/coque-de-telephone-pour-samsung-a14-tpu-motifs-marins-bleu\/","title":{"rendered":"Coque de t\u00e9l\u00e9phone pour Samsung A14 (TPU). Motifs marins. Bleu"},"content":{"rendered":"<p>D\u00e9couvrez notre coque pour le t\u00e9l\u00e9phone Samsung A14, un accessoire id\u00e9al pour les amoureux de la mer ! Fabriqu\u00e9e en TPU r\u00e9sistant, cette coque offre une excellente protection pour votre appareil tout en affichant un design charmant qui \u00e9voque la profondeur de l&rsquo;oc\u00e9an. La palette vibrante de bleus repr\u00e9sente les diff\u00e9rents tons des eaux marines, cr\u00e9ant une atmosph\u00e8re sereine et rafra\u00eechissante. \u00c9labor\u00e9e avec des motifs marins color\u00e9s, l&rsquo;illustration montre une vari\u00e9t\u00e9 de poissons et de tortues dans un style mosa\u00efque, entour\u00e9s de coraux et de plantes aquatiques qui apportent vie et dynamisme \u00e0 l&rsquo;image.<\/p>\n<p>Cet accessoire n&rsquo;est pas seulement fonctionnel, c&rsquo;est aussi un cadeau parfait pour ceux qui appr\u00e9cient la beaut\u00e9 de la vie marine et souhaitent emporter un morceau de cette magie avec eux. La connexion culturelle de cette coque se refl\u00e8te dans la riche diversit\u00e9 de la vie marine qu&rsquo;elle repr\u00e9sente, soulignant l&rsquo;importance de l&rsquo;oc\u00e9an dans l&rsquo;h\u00e9ritage culturel des r\u00e9gions c\u00f4ti\u00e8res. Chaque fois que vous regarderez votre t\u00e9l\u00e9phone, vous pourrez vous souvenir des merveilles de la mer et de son \u00e9cosyst\u00e8me. Chez Ol\u00e9 Mosaic, nous sommes fiers de distribuer des souvenirs authentiques, et cette coque est une excellente option pour les magasins de cadeaux touristiques qui recherchent des produits uniques et de qualit\u00e9. Transformez votre Samsung A14 en une pi\u00e8ce d&rsquo;art avec cette coque aux motifs marins qui allie protection et style !<\/p>\n","protected":false},"excerpt":{"rendered":"<p>Coque pour Samsung A14 fabriqu\u00e9e en TPU, avec des motifs marins vibrants dans une palette de bleus qui \u00e9voquent la profondeur de l&rsquo;oc\u00e9an. Le design pr\u00e9sente des poissons et des tortues color\u00e9s dans un style mosa\u00efque, entour\u00e9s de coraux et de plantes aquatiques, apportant une touche artistique et joyeuse. Cet accessoire ne prot\u00e8ge pas seulement votre appareil, il montre aussi la beaut\u00e9 de la mer, ce qui en fait un cadeau id\u00e9al pour les amoureux de la vie marine.<\/p>\n","protected":false},"featured_media":12543,"template":"","meta":{"_acf_changed":false},"product_brand":[],"product_cat":[674],"product_tag":[530],"class_list":{"0":"post-25741","1":"product","2":"type-product","3":"status-publish","4":"has-post-thumbnail","6":"product_cat-etuis-pour-telephones-portables","7":"product_tag-animaux","8":"pa_motivo-animaux-marins","10":"first","11":"instock","12":"shipping-taxable","13":"product-type-simple"},"acf":[],"_links":{"self":[{"href":"https:\/\/olemosaic.com\/fr\/wp-json\/wp\/v2\/product\/25741","targetHints":{"allow":["GET"]}}],"collection":[{"href":"https:\/\/olemosaic.com\/fr\/wp-json\/wp\/v2\/product"}],"about":[{"href":"https:\/\/olemosaic.com\/fr\/wp-json\/wp\/v2\/types\/product"}],"wp:featuredmedia":[{"embeddable":true,"href":"https:\/\/olemosaic.com\/fr\/wp-json\/wp\/v2\/media\/12543"}],"wp:attachment":[{"href":"https:\/\/olemosaic.com\/fr\/wp-json\/wp\/v2\/media?parent=25741"}],"wp:term":[{"taxonomy":"product_brand","embeddable":true,"href":"https:\/\/olemosaic.com\/fr\/wp-json\/wp\/v2\/product_brand?post=25741"},{"taxonomy":"product_cat","embeddable":true,"href":"https:\/\/olemosaic.com\/fr\/wp-json\/wp\/v2\/product_cat?post=25741"},{"taxonomy":"product_tag","embeddable":true,"href":"https:\/\/olemosaic.com\/fr\/wp-json\/wp\/v2\/product_tag?post=25741"}],"curies":[{"name":"wp","href":"https:\/\/api.w.org\/{rel}","templated":true}]}}