{"id":25739,"date":"2025-02-20T22:27:48","date_gmt":"2025-02-20T22:27:48","guid":{"rendered":"http:\/\/olemosaic.com\/producto\/funda-de-telefono-para-iphone-14-promax-tpu-punt-de-trobada-barcelona-blanco\/"},"modified":"2025-07-25T18:39:42","modified_gmt":"2025-07-25T16:39:42","slug":"coque-de-telephone-pour-iphone-14-promax-tpu-punt-de-trobada-barcelone-blanc","status":"publish","type":"product","link":"https:\/\/olemosaic.com\/fr\/produit\/coque-de-telephone-pour-iphone-14-promax-tpu-punt-de-trobada-barcelone-blanc\/","title":{"rendered":"Coque de t\u00e9l\u00e9phone pour iPhone 14 Pro Max (TPU). Punt de trobada. Barcelone. Blanc"},"content":{"rendered":"<p>D\u00e9couvrez notre coque pour iPhone 14 Pro Max inspir\u00e9e de l&#8217;embl\u00e9matique \u00ab\u00a0Punt de Trobada\u00a0\u00bb de Barcelone ! Cet accessoire \u00e9l\u00e9gant, fabriqu\u00e9 en TPU, assure une protection optimale pour votre appareil sans renoncer au style. Le design captivant pr\u00e9sente une mosa\u00efque vibrante qui combine des formes abstraites dans des tons de rouge, jaune, vert et bleu, sur un fond blanc qui rehausse la composition artistique. Le mot \u00ab\u00a0Barcelona\u00a0\u00bb appara\u00eet \u00e9l\u00e9gamment imprim\u00e9 en lettres stylis\u00e9es, \u00e9voquant la richesse du modernisme catalan, une source in\u00e9puisable d&rsquo;inspiration visuelle.<\/p>\n<p>Ce souvenir de Barcelone n&rsquo;est pas seulement une coque pratique, mais aussi un hommage \u00e0 la cr\u00e9ativit\u00e9 et \u00e0 l&rsquo;art qui caract\u00e9risent la ville. Le \u00ab\u00a0Punt de Trobada\u00a0\u00bb, connu pour son attrait esth\u00e9tique, est un point de rencontre o\u00f9 convergent locaux et touristes, symbolisant l&rsquo;essence vibrante de la culture barcelonaise. Ce produit devient un souvenir unique qui connecte les utilisateurs \u00e0 la beaut\u00e9 et \u00e0 la tradition de la cit\u00e9 comtale, transformant chaque utilisation en une c\u00e9l\u00e9bration de son h\u00e9ritage artistique.<\/p>\n<p>Chez Ol\u00e9 Mosaic, nous nous sp\u00e9cialisons dans la distribution en gros de souvenirs authentiques, et cette coque de t\u00e9l\u00e9phone est une excellente option pour les magasins de cadeaux touristiques qui cherchent \u00e0 offrir des produits de qualit\u00e9 qui encapsulent l&rsquo;esprit de Barcelone. Attirez les amateurs d&rsquo;art et de culture avec cet article distinctif et fonctionnel qui incorpore l&rsquo;essence d&rsquo;une destination embl\u00e9matique.<\/p>\n","protected":false},"excerpt":{"rendered":"<p>Coque de t\u00e9l\u00e9phone pour iPhone 14 Pro Max en TPU, inspir\u00e9e du c\u00e9l\u00e8bre \u00ab\u00a0Punt de Trobada\u00a0\u00bb de Barcelone. Ce design color\u00e9 pr\u00e9sente une mosa\u00efque aux formes abstraites dans des tons de rouge, jaune, vert et bleu, sur un fond blanc. L&rsquo;image inclut le mot \u00ab\u00a0Barcelona\u00a0\u00bb en lettres stylis\u00e9es, \u00e9voquant le style vibrant du modernisme catalan. Id\u00e9ale pour prot\u00e9ger votre appareil et ajouter une touche artistique et distinctive du charme barcelonais.<\/p>\n","protected":false},"featured_media":12393,"template":"","meta":{"_acf_changed":false},"product_brand":[],"product_cat":[674],"product_tag":[],"class_list":{"0":"post-25739","1":"product","2":"type-product","3":"status-publish","4":"has-post-thumbnail","6":"product_cat-etuis-pour-telephones-portables","7":"pa_ciudad-barcelona","8":"pa_motivo-punt-de-trobada","9":"pa_pais-espana","11":"first","12":"instock","13":"shipping-taxable","14":"product-type-simple"},"acf":[],"_links":{"self":[{"href":"https:\/\/olemosaic.com\/fr\/wp-json\/wp\/v2\/product\/25739","targetHints":{"allow":["GET"]}}],"collection":[{"href":"https:\/\/olemosaic.com\/fr\/wp-json\/wp\/v2\/product"}],"about":[{"href":"https:\/\/olemosaic.com\/fr\/wp-json\/wp\/v2\/types\/product"}],"wp:featuredmedia":[{"embeddable":true,"href":"https:\/\/olemosaic.com\/fr\/wp-json\/wp\/v2\/media\/12393"}],"wp:attachment":[{"href":"https:\/\/olemosaic.com\/fr\/wp-json\/wp\/v2\/media?parent=25739"}],"wp:term":[{"taxonomy":"product_brand","embeddable":true,"href":"https:\/\/olemosaic.com\/fr\/wp-json\/wp\/v2\/product_brand?post=25739"},{"taxonomy":"product_cat","embeddable":true,"href":"https:\/\/olemosaic.com\/fr\/wp-json\/wp\/v2\/product_cat?post=25739"},{"taxonomy":"product_tag","embeddable":true,"href":"https:\/\/olemosaic.com\/fr\/wp-json\/wp\/v2\/product_tag?post=25739"}],"curies":[{"name":"wp","href":"https:\/\/api.w.org\/{rel}","templated":true}]}}