{"id":25737,"date":"2025-02-20T22:27:48","date_gmt":"2025-02-20T22:27:48","guid":{"rendered":"http:\/\/olemosaic.com\/producto\/funda-de-telefono-para-iphone-11-promax-tpu-mariposa-barcelona-blanco\/"},"modified":"2025-07-25T18:39:40","modified_gmt":"2025-07-25T16:39:40","slug":"coque-de-telephone-pour-iphone-11-promax-tpu-papillon-barcelone-blanc","status":"publish","type":"product","link":"https:\/\/olemosaic.com\/fr\/produit\/coque-de-telephone-pour-iphone-11-promax-tpu-papillon-barcelone-blanc\/","title":{"rendered":"Coque de t\u00e9l\u00e9phone pour iPhone 11 Pro Max (TPU). Papillon. Barcelone. Blanc"},"content":{"rendered":"<p>D\u00e9couvrez notre coque pour iPhone 11 Pro Max, un v\u00e9ritable bijou qui fusionne art et fonctionnalit\u00e9. Fabriqu\u00e9e en TPU r\u00e9sistant, cette coque pr\u00e9sente un design vibrant de papillons aux tons \u00e9clatants comme l&rsquo;orange, le bleu et le fuchsia, stylis\u00e9s avec un effet mosa\u00efque qui rappelle l&rsquo;architecture de Barcelone. La base blanche souligne la beaut\u00e9 des papillons, cr\u00e9ant un contraste saisissant et un attrait visuel in\u00e9gal\u00e9. Dans la partie inf\u00e9rieure, le nom \u00ab\u00a0Barcelona\u00a0\u00bb se distingue par un lettrage accrocheur, ajoutant une touche personnelle qui c\u00e9l\u00e8bre la ville embl\u00e9matique.<\/p>\n<p>\u00c9quiper votre appareil de cette coque ne le prot\u00e8ge pas seulement des chutes et des rayures, mais apporte \u00e9galement une touche de style unique et espagnol. Id\u00e9ale pour ceux qui recherchent un souvenir authentique et repr\u00e9sentatif de Barcelone, cette coque capture l&rsquo;essence de l&rsquo;art et de la culture de la r\u00e9gion, devenant un excellent cadeau pour les touristes et les visiteurs. Chez Ol\u00e9 Mosaic, nous nous sp\u00e9cialisons dans la distribution de souvenirs en gros, et cette coque est un exemple parfait de notre d\u00e9vouement \u00e0 la qualit\u00e9 et au design. Offrez \u00e0 vos clients l&rsquo;opportunit\u00e9 d&#8217;emporter un morceau de Barcelone toujours avec eux avec ce magnifique souvenir de papillons.<\/p>\n","protected":false},"excerpt":{"rendered":"<p>Coque pour iPhone 11 Pro Max fabriqu\u00e9e en TPU, d\u00e9cor\u00e9e d&rsquo;un design vibrant de papillons. Cette coque blanche pr\u00e9sente des papillons aux tons \u00e9clatants comme l&rsquo;orange, le bleu et le fuchsia, stylis\u00e9s avec un effet de mosa\u00efque qui \u00e9voque l&rsquo;architecture de Barcelone. L&rsquo;impression inclut le nom \u00ab\u00a0Barcelona\u00a0\u00bb avec un lettrage accrocheur, fusionnant art et fonctionnalit\u00e9, id\u00e9ale pour ceux qui cherchent \u00e0 prot\u00e9ger leur appareil avec une touche de style unique et espagnol.<\/p>\n","protected":false},"featured_media":12197,"template":"","meta":{"_acf_changed":false},"product_brand":[],"product_cat":[674],"product_tag":[530],"class_list":{"0":"post-25737","1":"product","2":"type-product","3":"status-publish","4":"has-post-thumbnail","6":"product_cat-etuis-pour-telephones-portables","7":"product_tag-animaux","8":"pa_ciudad-barcelona","9":"pa_motivo-papillons","10":"pa_pais-espana","12":"first","13":"instock","14":"shipping-taxable","15":"product-type-simple"},"acf":[],"_links":{"self":[{"href":"https:\/\/olemosaic.com\/fr\/wp-json\/wp\/v2\/product\/25737","targetHints":{"allow":["GET"]}}],"collection":[{"href":"https:\/\/olemosaic.com\/fr\/wp-json\/wp\/v2\/product"}],"about":[{"href":"https:\/\/olemosaic.com\/fr\/wp-json\/wp\/v2\/types\/product"}],"wp:featuredmedia":[{"embeddable":true,"href":"https:\/\/olemosaic.com\/fr\/wp-json\/wp\/v2\/media\/12197"}],"wp:attachment":[{"href":"https:\/\/olemosaic.com\/fr\/wp-json\/wp\/v2\/media?parent=25737"}],"wp:term":[{"taxonomy":"product_brand","embeddable":true,"href":"https:\/\/olemosaic.com\/fr\/wp-json\/wp\/v2\/product_brand?post=25737"},{"taxonomy":"product_cat","embeddable":true,"href":"https:\/\/olemosaic.com\/fr\/wp-json\/wp\/v2\/product_cat?post=25737"},{"taxonomy":"product_tag","embeddable":true,"href":"https:\/\/olemosaic.com\/fr\/wp-json\/wp\/v2\/product_tag?post=25737"}],"curies":[{"name":"wp","href":"https:\/\/api.w.org\/{rel}","templated":true}]}}