{"id":24370,"date":"2025-02-20T22:31:57","date_gmt":"2025-02-20T22:31:57","guid":{"rendered":"https:\/\/olemosaic.com\/producto\/aimant-en-ceramique-punt-de-trobada-barcelone-blanc\/"},"modified":"2025-02-20T22:31:57","modified_gmt":"2025-02-20T21:31:57","slug":"aimant-en-ceramique-punt-de-trobada-barcelone-blanc","status":"publish","type":"product","link":"https:\/\/olemosaic.com\/fr\/produit\/aimant-en-ceramique-punt-de-trobada-barcelone-blanc\/","title":{"rendered":"Aimant en c\u00e9ramique. Punt de trobada. Barcelone. Blanc."},"content":{"rendered":"<p>Cet aimant en c\u00e9ramique en forme de cuill\u00e8re est un charmant souvenir de Barcelone qui capture l&rsquo;essence artistique de la ville gr\u00e2ce \u00e0 un design inspir\u00e9 des c\u00e9l\u00e8bres mosa\u00efques de Gaud\u00ed. Sa forme stylis\u00e9e rappelle la cuill\u00e8re traditionnelle, un objet du quotidien qui devient une v\u00e9ritable \u0153uvre d&rsquo;art lorsqu&rsquo;il est orn\u00e9 d&rsquo;une palette de couleurs vives, notamment des rouges, des bleus et des jaunes sur un fond blanc qui rehausse son attrait visuel. Au centre, un d\u00e9licat entrelacs de motifs caract\u00e9ristiques de l&rsquo;\u0153uvre de Gaud\u00ed transforme cet aimant en une pi\u00e8ce unique et repr\u00e9sentative de l&rsquo;architecture moderniste catalane.  <\/p>\n<p>Le mot \u00ab\u00a0Barcelona\u00a0\u00bb est imprim\u00e9 en \u00e9vidence, ce qui accentue encore votre lien avec cette ville embl\u00e9matique. Cet aimant est non seulement id\u00e9al pour d\u00e9corer votre r\u00e9frig\u00e9rateur, mais il constitue \u00e9galement un cadeau parfait pour les amateurs d&rsquo;art et d&rsquo;architecture, en \u00e9voquant des souvenirs de promenade dans les rues vibrantes de Barcelone. Chez Ol\u00e9 Mosaic, nous sommes sp\u00e9cialis\u00e9s dans la distribution de souvenirs en gros, et cet aimant en c\u00e9ramique est un excellent choix pour les boutiques de cadeaux touristiques qui cherchent \u00e0 offrir des produits authentiques et repr\u00e9sentatifs de la culture espagnole. Ce souvenir de Barcelone est le choix parfait pour ceux qui veulent ramener chez eux un petit morceau de la magie catalane.   <\/p>\n","protected":false},"excerpt":{"rendered":"<p>Aimant en c\u00e9ramique en forme de cuill\u00e8re, d\u00e9cor\u00e9 d&rsquo;un motif color\u00e9 inspir\u00e9 de la c\u00e9l\u00e8bre mosa\u00efque de Gaudi. Cet aimant attrayant pr\u00e9sente une palette de couleurs vibrantes, notamment des rouges, des bleus et des jaunes, sur un fond blanc qui rehausse sa beaut\u00e9. Avec le mot \u00ab\u00a0Barcelona\u00a0\u00bb imprim\u00e9 en \u00e9vidence, c&rsquo;est un souvenir id\u00e9al pour se rappeler cette ville embl\u00e9matique, parfait pour d\u00e9corer votre r\u00e9frig\u00e9rateur ou comme cadeau pour les amoureux de l&rsquo;architecture et de l&rsquo;art catalans.  <\/p>\n","protected":false},"featured_media":9154,"template":"","meta":{"_acf_changed":false},"product_brand":[],"product_cat":[697],"product_tag":[585],"class_list":{"0":"post-24370","1":"product","2":"type-product","3":"status-publish","4":"has-post-thumbnail","6":"product_cat-aimants","7":"product_tag-ceramique","8":"pa_ciudad-barcelona","9":"pa_motivo-punt-de-trobada","10":"pa_pais-espana","12":"first","13":"instock","14":"shipping-taxable","15":"product-type-simple"},"acf":[],"_links":{"self":[{"href":"https:\/\/olemosaic.com\/fr\/wp-json\/wp\/v2\/product\/24370","targetHints":{"allow":["GET"]}}],"collection":[{"href":"https:\/\/olemosaic.com\/fr\/wp-json\/wp\/v2\/product"}],"about":[{"href":"https:\/\/olemosaic.com\/fr\/wp-json\/wp\/v2\/types\/product"}],"wp:featuredmedia":[{"embeddable":true,"href":"https:\/\/olemosaic.com\/fr\/wp-json\/wp\/v2\/media\/9154"}],"wp:attachment":[{"href":"https:\/\/olemosaic.com\/fr\/wp-json\/wp\/v2\/media?parent=24370"}],"wp:term":[{"taxonomy":"product_brand","embeddable":true,"href":"https:\/\/olemosaic.com\/fr\/wp-json\/wp\/v2\/product_brand?post=24370"},{"taxonomy":"product_cat","embeddable":true,"href":"https:\/\/olemosaic.com\/fr\/wp-json\/wp\/v2\/product_cat?post=24370"},{"taxonomy":"product_tag","embeddable":true,"href":"https:\/\/olemosaic.com\/fr\/wp-json\/wp\/v2\/product_tag?post=24370"}],"curies":[{"name":"wp","href":"https:\/\/api.w.org\/{rel}","templated":true}]}}