{"id":24352,"date":"2025-02-20T23:32:03","date_gmt":"2025-02-20T22:32:03","guid":{"rendered":"https:\/\/olemosaic.com\/producto\/aimant-en-ceramique-salamandre-et-fleurs-mosaique-barcelone-fond-blanc\/"},"modified":"2025-02-20T23:32:03","modified_gmt":"2025-02-20T22:32:03","slug":"aimant-en-ceramique-salamandre-et-fleurs-mosaique-barcelone-fond-blanc","status":"publish","type":"product","link":"https:\/\/olemosaic.com\/fr\/produit\/aimant-en-ceramique-salamandre-et-fleurs-mosaique-barcelone-fond-blanc\/","title":{"rendered":"Aimant en c\u00e9ramique. Salamandre et fleurs. Mosa\u00efque. Barcelone. Fond blanc."},"content":{"rendered":"<p>Cet aimant en c\u00e9ramique, avec son design allong\u00e9, est une repr\u00e9sentation vibrante de la richesse artistique et culturelle de Barcelone. D\u00e9cor\u00e9 d&rsquo;une salamandre color\u00e9e et de fleurs d\u00e9licates, ce souvenir \u00e9voque la technique iconique de la mosa\u00efque qui caract\u00e9rise les \u0153uvres du c\u00e9l\u00e8bre architecte Antoni Gaud\u00ed. La base blanche de l&rsquo;aimant permet aux couleurs vives &#8211; vert, rouge, jaune, bleu et noir &#8211; de ressortir de mani\u00e8re spectaculaire, symbolisant la biodiversit\u00e9 et la cr\u00e9ativit\u00e9 qui inondent Barcelone. Fabriqu\u00e9e selon la technique de la peinture \u00e0 la main, chaque pi\u00e8ce est unique, ce qui vous permet de ramener chez vous un \u00e9l\u00e9ment authentique de la culture barcelonaise.   <\/p>\n<p>Avec l&rsquo;inscription \u00ab\u00a0Barcelona\u00a0\u00bb dans le design, cet aimant n&rsquo;est pas seulement un souvenir fonctionnel qui gardera vos notes et photos en place, mais sert aussi de pi\u00e8ce d\u00e9corative rappelant les mosa\u00efques vibrantes du Park G\u00fcell. Id\u00e9al pour les touristes \u00e0 la recherche de souvenirs qui repr\u00e9sentent l&rsquo;essence de cette ville embl\u00e9matique, cet aimant en c\u00e9ramique est un excellent choix pour les boutiques de cadeaux touristiques qui appr\u00e9cient l&rsquo;authenticit\u00e9 et l&rsquo;artisanat. Chez Ol\u00e9 Mosaic, nous sommes sp\u00e9cialis\u00e9s dans la distribution en gros de souvenirs en c\u00e9ramique, en veillant \u00e0 ce que chaque pi\u00e8ce refl\u00e8te la richesse culturelle de son origine et devienne un souvenir pr\u00e9cieux pour tous ceux qui l&rsquo;ach\u00e8tent.  <\/p>\n","protected":false},"excerpt":{"rendered":"<p>Aimant allong\u00e9 en c\u00e9ramique, d\u00e9cor\u00e9 d&rsquo;une salamandre vibrante et de fleurs d\u00e9licates, inspir\u00e9 du style mosa\u00efque de Barcelone. Ce produit, sur fond blanc, se distingue par ses couleurs vives : vert, rouge, jaune, bleu et noir, qui repr\u00e9sentent la biodiversit\u00e9 et l&rsquo;art de la ville. Fabriqu\u00e9 \u00e0 la main, c&rsquo;est un souvenir attrayant qui \u00e9voque l&rsquo;essence culturelle et artistique de Barcelone.  <\/p>\n","protected":false},"featured_media":8093,"template":"","meta":{"_acf_changed":false},"product_brand":[],"product_cat":[697],"product_tag":[530,585],"class_list":{"0":"post-24352","1":"product","2":"type-product","3":"status-publish","4":"has-post-thumbnail","6":"product_cat-aimants","7":"product_tag-animaux","8":"product_tag-ceramique","9":"pa_ciudad-barcelona","10":"pa_motivo-salamandres","11":"pa_pais-espana","13":"first","14":"instock","15":"shipping-taxable","16":"product-type-simple"},"acf":[],"_links":{"self":[{"href":"https:\/\/olemosaic.com\/fr\/wp-json\/wp\/v2\/product\/24352","targetHints":{"allow":["GET"]}}],"collection":[{"href":"https:\/\/olemosaic.com\/fr\/wp-json\/wp\/v2\/product"}],"about":[{"href":"https:\/\/olemosaic.com\/fr\/wp-json\/wp\/v2\/types\/product"}],"wp:featuredmedia":[{"embeddable":true,"href":"https:\/\/olemosaic.com\/fr\/wp-json\/wp\/v2\/media\/8093"}],"wp:attachment":[{"href":"https:\/\/olemosaic.com\/fr\/wp-json\/wp\/v2\/media?parent=24352"}],"wp:term":[{"taxonomy":"product_brand","embeddable":true,"href":"https:\/\/olemosaic.com\/fr\/wp-json\/wp\/v2\/product_brand?post=24352"},{"taxonomy":"product_cat","embeddable":true,"href":"https:\/\/olemosaic.com\/fr\/wp-json\/wp\/v2\/product_cat?post=24352"},{"taxonomy":"product_tag","embeddable":true,"href":"https:\/\/olemosaic.com\/fr\/wp-json\/wp\/v2\/product_tag?post=24352"}],"curies":[{"name":"wp","href":"https:\/\/api.w.org\/{rel}","templated":true}]}}