{"id":24330,"date":"2025-02-20T23:31:59","date_gmt":"2025-02-20T22:31:59","guid":{"rendered":"https:\/\/olemosaic.com\/producto\/aimant-en-ceramique-taureaux-madrid-blanc\/"},"modified":"2025-02-20T23:31:59","modified_gmt":"2025-02-20T22:31:59","slug":"aimant-en-ceramique-taureaux-madrid-blanc","status":"publish","type":"product","link":"https:\/\/olemosaic.com\/fr\/produit\/aimant-en-ceramique-taureaux-madrid-blanc\/","title":{"rendered":"Aimant en c\u00e9ramique. Taureaux. Madrid. Blanc."},"content":{"rendered":"<p>Cet aimant en c\u00e9ramique, d\u00e9cor\u00e9 d&rsquo;un taureau vibrant, est un authentique symbole de Madrid, con\u00e7u pour capturer l&rsquo;essence dynamique et culturelle de la capitale espagnole. L&rsquo;aimant pr\u00e9sente un design color\u00e9 avec des tons vifs et des formes g\u00e9om\u00e9triques, repr\u00e9sentant la force et la beaut\u00e9 de l&#8217;embl\u00e9matique taureau espagnol. Sur un fond blanc mettant en valeur le motif central, le produit est enrichi d&rsquo;un paysage de fleurs rouges qui ajoutent une touche de fra\u00eecheur et de dynamisme, ainsi que d&rsquo;un soleil stylis\u00e9 qui illumine la composition.  <\/p>\n<p>L&rsquo;inscription \u00ab\u00a0MADRID\u00a0\u00bb sur le dessus de l&rsquo;aimant en fait un souvenir parfait pour comm\u00e9morer une visite dans la capitale. Chaque aimant est peint \u00e0 la main, ce qui garantit que chaque pi\u00e8ce est unique et souligne son authenticit\u00e9 en tant que souvenir repr\u00e9sentatif de Madrid. Cette \u0153uvre artisanale n&rsquo;est pas un simple souvenir, mais une magnifique repr\u00e9sentation du folklore et de la culture espagnols, li\u00e9e \u00e0 la tradition de la tauromachie, si importante dans la r\u00e9gion.  <\/p>\n<p>Chez Ol\u00e9 Mosaic, nous nous consacrons \u00e0 la distribution de souvenirs en gros, en proposant des produits tels que cet aimant en c\u00e9ramique, id\u00e9al pour les touristes et les boutiques de cadeaux \u00e0 la recherche de souvenirs authentiques de Madrid. Non seulement cet aimant embellira votre r\u00e9frig\u00e9rateur, mais il \u00e9voquera \u00e9galement l&rsquo;esprit vibrant de la capitale espagnole, ce qui en fait un excellent choix pour ceux qui souhaitent emporter un morceau de Madrid chez eux. <\/p>\n","protected":false},"excerpt":{"rendered":"<p>Aimant en c\u00e9ramique d\u00e9cor\u00e9 d&rsquo;un taureau vibrant, symbole embl\u00e9matique de Madrid. Cet aimant se distingue par son design color\u00e9 aux tons vifs et aux formes g\u00e9om\u00e9triques, sur un fond blanc qui met en valeur le motif principal. Il pr\u00e9sente \u00e9galement un paysage de fleurs rouges et un soleil stylis\u00e9, tous peints \u00e0 la main. Le mot \u00ab\u00a0MADRID\u00a0\u00bb est imprim\u00e9 sur le dessus, ajoutant une touche distinctive \u00e0 ce souvenir qui capture l&rsquo;essence culturelle de la ville.   <\/p>\n","protected":false},"featured_media":8616,"template":"","meta":{"_acf_changed":false},"product_brand":[],"product_cat":[697],"product_tag":[530,585],"class_list":{"0":"post-24330","1":"product","2":"type-product","3":"status-publish","4":"has-post-thumbnail","6":"product_cat-aimants","7":"product_tag-animaux","8":"product_tag-ceramique","9":"pa_ciudad-madrid","10":"pa_motivo-taureaux","11":"pa_pais-espana","13":"first","14":"instock","15":"shipping-taxable","16":"product-type-simple"},"acf":[],"_links":{"self":[{"href":"https:\/\/olemosaic.com\/fr\/wp-json\/wp\/v2\/product\/24330","targetHints":{"allow":["GET"]}}],"collection":[{"href":"https:\/\/olemosaic.com\/fr\/wp-json\/wp\/v2\/product"}],"about":[{"href":"https:\/\/olemosaic.com\/fr\/wp-json\/wp\/v2\/types\/product"}],"wp:featuredmedia":[{"embeddable":true,"href":"https:\/\/olemosaic.com\/fr\/wp-json\/wp\/v2\/media\/8616"}],"wp:attachment":[{"href":"https:\/\/olemosaic.com\/fr\/wp-json\/wp\/v2\/media?parent=24330"}],"wp:term":[{"taxonomy":"product_brand","embeddable":true,"href":"https:\/\/olemosaic.com\/fr\/wp-json\/wp\/v2\/product_brand?post=24330"},{"taxonomy":"product_cat","embeddable":true,"href":"https:\/\/olemosaic.com\/fr\/wp-json\/wp\/v2\/product_cat?post=24330"},{"taxonomy":"product_tag","embeddable":true,"href":"https:\/\/olemosaic.com\/fr\/wp-json\/wp\/v2\/product_tag?post=24330"}],"curies":[{"name":"wp","href":"https:\/\/api.w.org\/{rel}","templated":true}]}}