{"id":24326,"date":"2025-02-20T22:31:58","date_gmt":"2025-02-20T22:31:58","guid":{"rendered":"https:\/\/olemosaic.com\/producto\/aimant-en-ceramique-fleurs-blanc\/"},"modified":"2025-02-20T22:31:58","modified_gmt":"2025-02-20T21:31:58","slug":"aimant-en-ceramique-fleurs-blanc","status":"publish","type":"product","link":"https:\/\/olemosaic.com\/fr\/produit\/aimant-en-ceramique-fleurs-blanc\/","title":{"rendered":"Aimant en c\u00e9ramique. Fleurs. Blanc."},"content":{"rendered":"<p>Cet aimant en c\u00e9ramique, d\u00e9cor\u00e9 d&rsquo;un vibrant motif floral, est un merveilleux souvenir qui capture l&rsquo;essence de l&rsquo;art de la mosa\u00efque espagnole. Sa base d&rsquo;un blanc \u00e9clatant fait ressortir les couleurs intenses des p\u00e9tales, avec des rouges, des jaunes, des bleus et des noirs, cr\u00e9ant un magnifique contraste visuel qui attire tous les regards. Chaque fleur est m\u00e9ticuleusement dessin\u00e9e, avec des contours sombres qui d\u00e9finissent les formes et ajoutent de la profondeur \u00e0 la composition, \u00e9voquant la riche tradition artistique qui caract\u00e9rise les diff\u00e9rentes r\u00e9gions d&rsquo;Espagne. Cet aimant n&rsquo;est pas seulement un accessoire d\u00e9coratif, mais un charmant souvenir qui \u00e9voque la chaleur et la vitalit\u00e9 de la culture espagnole, en s&rsquo;inspirant notamment de la c\u00e9l\u00e8bre mosa\u00efque de Gaudi \u00e0 Barcelone, connue pour ses motifs floraux color\u00e9s et complexes.   <\/p>\n<p>Parfait pour ajouter une touche de couleur \u00e0 n&rsquo;importe quel espace, cet aimant en c\u00e9ramique est id\u00e9al pour ceux qui recherchent des souvenirs authentiques repr\u00e9sentatifs de leur voyage. Chez Ol\u00e9 Mosaic, nous sommes fiers d&rsquo;offrir une s\u00e9lection soigneusement choisie de souvenirs en c\u00e9ramique qui allient artisanat et esth\u00e9tique. Cet aimant en forme de fleur est un excellent choix pour les boutiques de cadeaux touristiques qui souhaitent offrir quelque chose d&rsquo;authentique et de vivant. En tant que grossiste de souvenirs en c\u00e9ramique, nous garantissons l&rsquo;authenticit\u00e9 et la qualit\u00e9 de chaque pi\u00e8ce, ce qui fait de cet aimant d\u00e9coratif un compl\u00e9ment parfait pour ramener un petit morceau d&rsquo;Espagne \u00e0 la maison.   <\/p>\n","protected":false},"excerpt":{"rendered":"<p>Aimant en c\u00e9ramique d\u00e9cor\u00e9 d&rsquo;un vibrant motif floral rouge, jaune, bleu et noir. Inspir\u00e9 de l&rsquo;art de la mosa\u00efque, cet aimant pr\u00e9sente une base d&rsquo;un blanc \u00e9clatant qui met en valeur les p\u00e9tales et leurs contours sombres, cr\u00e9ant ainsi un magnifique contraste. Parfait pour ajouter une touche de couleur \u00e0 n&rsquo;importe quel espace, ce produit est un charmant rappel de la richesse culturelle et artistique de la tradition espagnole.  <\/p>\n","protected":false},"featured_media":9023,"template":"","meta":{"_acf_changed":false},"product_brand":[],"product_cat":[697],"product_tag":[585],"class_list":{"0":"post-24326","1":"product","2":"type-product","3":"status-publish","4":"has-post-thumbnail","6":"product_cat-aimants","7":"product_tag-ceramique","8":"pa_motivo-fleurs","10":"first","11":"instock","12":"shipping-taxable","13":"product-type-simple"},"acf":[],"_links":{"self":[{"href":"https:\/\/olemosaic.com\/fr\/wp-json\/wp\/v2\/product\/24326","targetHints":{"allow":["GET"]}}],"collection":[{"href":"https:\/\/olemosaic.com\/fr\/wp-json\/wp\/v2\/product"}],"about":[{"href":"https:\/\/olemosaic.com\/fr\/wp-json\/wp\/v2\/types\/product"}],"wp:featuredmedia":[{"embeddable":true,"href":"https:\/\/olemosaic.com\/fr\/wp-json\/wp\/v2\/media\/9023"}],"wp:attachment":[{"href":"https:\/\/olemosaic.com\/fr\/wp-json\/wp\/v2\/media?parent=24326"}],"wp:term":[{"taxonomy":"product_brand","embeddable":true,"href":"https:\/\/olemosaic.com\/fr\/wp-json\/wp\/v2\/product_brand?post=24326"},{"taxonomy":"product_cat","embeddable":true,"href":"https:\/\/olemosaic.com\/fr\/wp-json\/wp\/v2\/product_cat?post=24326"},{"taxonomy":"product_tag","embeddable":true,"href":"https:\/\/olemosaic.com\/fr\/wp-json\/wp\/v2\/product_tag?post=24326"}],"curies":[{"name":"wp","href":"https:\/\/api.w.org\/{rel}","templated":true}]}}