{"id":24319,"date":"2025-02-20T23:31:59","date_gmt":"2025-02-20T22:31:59","guid":{"rendered":"https:\/\/olemosaic.com\/producto\/aimant-en-ceramique-bulles-motifs-floraux-fond-blanc\/"},"modified":"2025-02-20T23:31:59","modified_gmt":"2025-02-20T22:31:59","slug":"aimant-en-ceramique-bulles-motifs-floraux-fond-blanc","status":"publish","type":"product","link":"https:\/\/olemosaic.com\/fr\/produit\/aimant-en-ceramique-bulles-motifs-floraux-fond-blanc\/","title":{"rendered":"Aimant en c\u00e9ramique. Bulles. Motifs floraux. Fond blanc."},"content":{"rendered":"<p>Cet aimant en c\u00e9ramique d\u00e9cor\u00e9 d&rsquo;un taureau vibrant est un v\u00e9ritable hommage \u00e0 la riche culture espagnole et un objet de collection incontournable. Avec son design color\u00e9 combinant des nuances de rouge, de bleu, de vert et de jaune, cet aimant ne se contente pas d&rsquo;attirer l&rsquo;attention, il \u00e9voque \u00e9galement le folklore et la tradition du pays. Le taureau, symbole embl\u00e9matique de l&rsquo;identit\u00e9 espagnole, est pr\u00e9sent\u00e9 dans un style mosa\u00efque qui souligne sa majest\u00e9 et sa force, entour\u00e9 d&rsquo;un charmant paysage de fleurs et d&rsquo;un soleil stylis\u00e9 qui apporte vie et \u00e9nergie \u00e0 la composition.  <\/p>\n<p>Le fond blanc rehausse encore les couleurs vives de l&rsquo;illustration, cr\u00e9ant un effet visuel attrayant qui en fait un objet de d\u00e9coration id\u00e9al pour n&rsquo;importe quelle maison. La c\u00e9ramique de haute qualit\u00e9 garantit la durabilit\u00e9 de cet aimant, assurant qu&rsquo;\u00e0 chaque fois que vous le verrez, vous vous souviendrez des moments sp\u00e9ciaux de votre voyage en Espagne. Cet aimant n&rsquo;est pas seulement un simple souvenir, il devient un lien avec l&rsquo;essence vibrante de la culture espagnole.  <\/p>\n<p>Chez Ol\u00e9 MOSAIC, nous sommes sp\u00e9cialis\u00e9s dans la distribution de souvenirs en gros, et cet aimant en c\u00e9ramique est un choix exceptionnel pour les boutiques de cadeaux touristiques qui recherchent des produits refl\u00e9tant l&rsquo;authenticit\u00e9 et la richesse culturelle de l&rsquo;Espagne. Avec son design attrayant et son lien avec le folklore espagnol, cet aimant se positionne comme le souvenir parfait pour tout touriste souhaitant ramener un petit morceau d&rsquo;Espagne chez lui. <\/p>\n","protected":false},"excerpt":{"rendered":"<p>Aimant en c\u00e9ramique d\u00e9cor\u00e9 d&rsquo;un taureau vibrant, symbole embl\u00e9matique de la culture espagnole. Le motif, une mosa\u00efque color\u00e9e dans les tons rouge, bleu, vert et jaune, est entour\u00e9 d&rsquo;un paysage avec des fleurs et un soleil stylis\u00e9. La pi\u00e8ce, avec sa finition brillante et son fond blanc, capture l&rsquo;essence du folklore espagnol et est parfaite pour rappeler les paysages de l&rsquo;Espagne dans n&rsquo;importe quelle maison. Id\u00e9al pour les collectionneurs ou comme souvenir de voyage.   <\/p>\n","protected":false},"featured_media":8547,"template":"","meta":{"_acf_changed":false},"product_brand":[],"product_cat":[697],"product_tag":[530,585],"class_list":{"0":"post-24319","1":"product","2":"type-product","3":"status-publish","4":"has-post-thumbnail","6":"product_cat-aimants","7":"product_tag-animaux","8":"product_tag-ceramique","9":"pa_motivo-taureaux","11":"first","12":"instock","13":"shipping-taxable","14":"product-type-simple"},"acf":[],"_links":{"self":[{"href":"https:\/\/olemosaic.com\/fr\/wp-json\/wp\/v2\/product\/24319","targetHints":{"allow":["GET"]}}],"collection":[{"href":"https:\/\/olemosaic.com\/fr\/wp-json\/wp\/v2\/product"}],"about":[{"href":"https:\/\/olemosaic.com\/fr\/wp-json\/wp\/v2\/types\/product"}],"wp:featuredmedia":[{"embeddable":true,"href":"https:\/\/olemosaic.com\/fr\/wp-json\/wp\/v2\/media\/8547"}],"wp:attachment":[{"href":"https:\/\/olemosaic.com\/fr\/wp-json\/wp\/v2\/media?parent=24319"}],"wp:term":[{"taxonomy":"product_brand","embeddable":true,"href":"https:\/\/olemosaic.com\/fr\/wp-json\/wp\/v2\/product_brand?post=24319"},{"taxonomy":"product_cat","embeddable":true,"href":"https:\/\/olemosaic.com\/fr\/wp-json\/wp\/v2\/product_cat?post=24319"},{"taxonomy":"product_tag","embeddable":true,"href":"https:\/\/olemosaic.com\/fr\/wp-json\/wp\/v2\/product_tag?post=24319"}],"curies":[{"name":"wp","href":"https:\/\/api.w.org\/{rel}","templated":true}]}}