{"id":24299,"date":"2025-02-20T22:31:52","date_gmt":"2025-02-20T22:31:52","guid":{"rendered":"https:\/\/olemosaic.com\/producto\/coque-promax-pour-iphone-15-tpu-resume-bleu\/"},"modified":"2025-02-20T22:31:52","modified_gmt":"2025-02-20T21:31:52","slug":"coque-promax-pour-iphone-15-tpu-resume-bleu","status":"publish","type":"product","link":"https:\/\/olemosaic.com\/fr\/produit\/coque-promax-pour-iphone-15-tpu-resume-bleu\/","title":{"rendered":"Coque Promax pour iPhone 15 (TPU). R\u00e9sum\u00e9.  Bleu"},"content":{"rendered":"<p>Cette coque pour iPhone 15 Pro Max capture l&rsquo;essence vibrante et color\u00e9e de Majorque. Fabriqu\u00e9e en TPU de haute qualit\u00e9, elle allie durabilit\u00e9 et flexibilit\u00e9, garantissant une protection ad\u00e9quate de votre appareil. Son design abstrait utilise une palette de couleurs bleu, rose, jaune et orange, qui s&rsquo;entrelacent dans des formes fluides, \u00e9voquant l&rsquo;art moderne et les paysages de r\u00eave de l&rsquo;\u00eele. Le mot \u00ab\u00a0Mallorca\u00a0\u00bb appara\u00eet en grosses lettres, soulignant le lien avec cette r\u00e9gion embl\u00e9matique de l&rsquo;Espagne.   <\/p>\n<p>Les couleurs dynamiques et la composition artistique font de cet \u00e9tui non seulement un accessoire attrayant, mais aussi un souvenir unique qui \u00e9voque la beaut\u00e9 et la culture de Majorque. Ce produit, en plus d&rsquo;\u00eatre fonctionnel, rappelle visuellement les couchers de soleil \u00e0 couper le souffle et l&rsquo;\u00e9nergie vibrante de l&rsquo;\u00eele. Id\u00e9al pour ceux qui visitent Majorque ou qui souhaitent emporter un peu de sa magie dans leur vie quotidienne, cet \u00e9tui est un excellent choix pour les boutiques de cadeaux touristiques qui cherchent \u00e0 offrir des produits authentiques et repr\u00e9sentatifs.  <\/p>\n<p>Chez Ol\u00e9 Mosaic, nous sommes sp\u00e9cialis\u00e9s dans la distribution de souvenirs en gros et cet \u00e9tui de t\u00e9l\u00e9phone se distingue comme un article parfait pour les touristes qui cherchent \u00e0 emporter un morceau de la culture majorquine avec eux. Avec son design original et sa qualit\u00e9 sup\u00e9rieure, il s&rsquo;agit d&rsquo;un article indispensable pour tout amoureux de cette belle \u00eele. <\/p>\n","protected":false},"excerpt":{"rendered":"<p>Coque pour iPhone 15 Pro Max en TPU, avec un design abstrait vibrant qui \u00e9voque le style artistique de Majorque. Il pr\u00e9sente une palette de couleurs bleu, rose, jaune et orange dans des formes fluides qui apportent dynamisme et originalit\u00e9. Le mot \u00ab\u00a0Mallorca\u00a0\u00bb en lettres grasses souligne le lien avec cette belle \u00eele espagnole, faisant de cet \u00e9tui un accessoire attrayant et repr\u00e9sentatif pour les amoureux de la culture majorquine.  <\/p>\n","protected":false},"featured_media":12989,"template":"","meta":{"_acf_changed":false},"product_brand":[],"product_cat":[674],"product_tag":[],"class_list":{"0":"post-24299","1":"product","2":"type-product","3":"status-publish","4":"has-post-thumbnail","6":"product_cat-etuis-pour-telephones-portables","7":"pa_ciudad-mallorca","8":"pa_motivo-resume","9":"pa_pais-espana","11":"first","12":"instock","13":"shipping-taxable","14":"product-type-simple"},"acf":[],"_links":{"self":[{"href":"https:\/\/olemosaic.com\/fr\/wp-json\/wp\/v2\/product\/24299","targetHints":{"allow":["GET"]}}],"collection":[{"href":"https:\/\/olemosaic.com\/fr\/wp-json\/wp\/v2\/product"}],"about":[{"href":"https:\/\/olemosaic.com\/fr\/wp-json\/wp\/v2\/types\/product"}],"wp:featuredmedia":[{"embeddable":true,"href":"https:\/\/olemosaic.com\/fr\/wp-json\/wp\/v2\/media\/12989"}],"wp:attachment":[{"href":"https:\/\/olemosaic.com\/fr\/wp-json\/wp\/v2\/media?parent=24299"}],"wp:term":[{"taxonomy":"product_brand","embeddable":true,"href":"https:\/\/olemosaic.com\/fr\/wp-json\/wp\/v2\/product_brand?post=24299"},{"taxonomy":"product_cat","embeddable":true,"href":"https:\/\/olemosaic.com\/fr\/wp-json\/wp\/v2\/product_cat?post=24299"},{"taxonomy":"product_tag","embeddable":true,"href":"https:\/\/olemosaic.com\/fr\/wp-json\/wp\/v2\/product_tag?post=24299"}],"curies":[{"name":"wp","href":"https:\/\/api.w.org\/{rel}","templated":true}]}}