{"id":24291,"date":"2025-02-20T23:31:52","date_gmt":"2025-02-20T22:31:52","guid":{"rendered":"https:\/\/olemosaic.com\/producto\/salamandre-figure-en-mosaique-de-24-cm\/"},"modified":"2025-02-20T23:31:52","modified_gmt":"2025-02-20T22:31:52","slug":"salamandre-figure-en-mosaique-de-24-cm","status":"publish","type":"product","link":"https:\/\/olemosaic.com\/fr\/produit\/salamandre-figure-en-mosaique-de-24-cm\/","title":{"rendered":"Salamandre. Figure en mosa\u00efque de 24 cm."},"content":{"rendered":"<p>Ce charmant souvenir, la figurine de salamandre en r\u00e9sine, est une parfaite repr\u00e9sentation de la riche tradition artisanale de l&rsquo;Espagne. Mesurant 24 cm, cette pi\u00e8ce peinte \u00e0 la main pr\u00e9sente un \u00e9ventail de couleurs vives, notamment le bleu, le rouge, le jaune et le noir, dispos\u00e9es selon un motif de mosa\u00efque attrayant. Chaque d\u00e9tail a \u00e9t\u00e9 minutieusement travaill\u00e9, ce qui vous permet d&rsquo;appr\u00e9cier le caract\u00e8re unique et l&rsquo;habilet\u00e9 des artisans qui l&rsquo;ont cr\u00e9\u00e9. La salamandre, esp\u00e8ce typique de la faune m\u00e9diterran\u00e9enne, symbolise le lien avec la nature et l&rsquo;environnement qui entoure de nombreuses r\u00e9gions d&rsquo;Espagne, en particulier dans les zones o\u00f9 le climat chaud et la diversit\u00e9 biologique favorisent sa pr\u00e9sence.   <\/p>\n<p>La finition brillante de cette figurine met en valeur son design color\u00e9, ce qui en fait un objet d\u00e9coratif id\u00e9al qui ajoutera une touche artistique \u00e0 n&rsquo;importe quel espace. Ce souvenir n&rsquo;est pas seulement un bel \u00e9l\u00e9ment d\u00e9coratif, il incarne \u00e9galement l&rsquo;essence de la riche culture espagnole, ce qui en fait un souvenir m\u00e9morable pour ceux qui le choisissent. Chez Ol\u00e9 Mosaic, nous nous engageons \u00e0 fournir des souvenirs de haute qualit\u00e9 qui refl\u00e8tent l&rsquo;authenticit\u00e9 et la beaut\u00e9 des traditions locales. Cette figurine de salamandre est un excellent choix pour les boutiques de cadeaux touristiques qui recherchent des produits repr\u00e9sentatifs de l&rsquo;h\u00e9ritage espagnol. En tant que distributeur de souvenirs en gros, nous garantissons l&rsquo;exclusivit\u00e9 et le charme de chaque pi\u00e8ce.    <\/p>\n","protected":false},"excerpt":{"rendered":"<p>Figurine de salamandre de 24 cm, peinte \u00e0 la main, de conception artisanale, refl\u00e9tant la riche tradition de l&rsquo;artisanat dans la r\u00e9gion. Son design color\u00e9 comprend une vari\u00e9t\u00e9 de tons bleus, rouges, jaunes et noirs, dispos\u00e9s en un vibrant motif de mosa\u00efque. Ce charmant objet d\u00e9coratif se distingue par ses d\u00e9tails m\u00e9ticuleux et sa finition brillante, capturant l&rsquo;essence de la faune m\u00e9diterran\u00e9enne et apportant une touche artistique \u00e0 n&rsquo;importe quel espace. Parfait comme souvenir d&rsquo;Espagne.   <\/p>\n","protected":false},"featured_media":8462,"template":"","meta":{"_acf_changed":false},"product_brand":[],"product_cat":[540],"product_tag":[530],"class_list":{"0":"post-24291","1":"product","2":"type-product","3":"status-publish","4":"has-post-thumbnail","6":"product_cat-chiffres","7":"product_tag-animaux","8":"pa_motivo-salamandres","10":"first","11":"instock","12":"shipping-taxable","13":"product-type-simple"},"acf":[],"_links":{"self":[{"href":"https:\/\/olemosaic.com\/fr\/wp-json\/wp\/v2\/product\/24291","targetHints":{"allow":["GET"]}}],"collection":[{"href":"https:\/\/olemosaic.com\/fr\/wp-json\/wp\/v2\/product"}],"about":[{"href":"https:\/\/olemosaic.com\/fr\/wp-json\/wp\/v2\/types\/product"}],"wp:featuredmedia":[{"embeddable":true,"href":"https:\/\/olemosaic.com\/fr\/wp-json\/wp\/v2\/media\/8462"}],"wp:attachment":[{"href":"https:\/\/olemosaic.com\/fr\/wp-json\/wp\/v2\/media?parent=24291"}],"wp:term":[{"taxonomy":"product_brand","embeddable":true,"href":"https:\/\/olemosaic.com\/fr\/wp-json\/wp\/v2\/product_brand?post=24291"},{"taxonomy":"product_cat","embeddable":true,"href":"https:\/\/olemosaic.com\/fr\/wp-json\/wp\/v2\/product_cat?post=24291"},{"taxonomy":"product_tag","embeddable":true,"href":"https:\/\/olemosaic.com\/fr\/wp-json\/wp\/v2\/product_tag?post=24291"}],"curies":[{"name":"wp","href":"https:\/\/api.w.org\/{rel}","templated":true}]}}