{"id":24286,"date":"2025-02-20T23:31:52","date_gmt":"2025-02-20T22:31:52","guid":{"rendered":"https:\/\/olemosaic.com\/producto\/boule-de-noel-avec-boite-mosaique-barcelone\/"},"modified":"2025-11-21T13:22:39","modified_gmt":"2025-11-21T12:22:39","slug":"boule-de-noel-avec-boite-mosaique-barcelone","status":"publish","type":"product","link":"https:\/\/olemosaic.com\/fr\/produit\/boule-de-noel-avec-boite-mosaique-barcelone\/","title":{"rendered":"Boule de No\u00ebl avec bo\u00eete. Mosa\u00efque. Barcelone."},"content":{"rendered":"<p>Cet adorable souvenir, une boule de No\u00ebl d\u00e9corative avec sa bo\u00eete, s&rsquo;inspire de l&rsquo;art de la mosa\u00efque et capture l&rsquo;essence de l&rsquo;h\u00e9ritage culturel de l&rsquo;Espagne. Cet ornement vibrant pr\u00e9sente un design color\u00e9 qui combine des bleus, des oranges et des tons de terre, imitant les motifs c\u00e9ramiques traditionnels des tuiles andalouses. Chaque d\u00e9tail de la boule \u00e9voque la richesse artistique de la r\u00e9gion, refl\u00e9tant la cr\u00e9ativit\u00e9 et l&rsquo;habilet\u00e9 des artisans locaux qui perfectionnent leur m\u00e9tier depuis des g\u00e9n\u00e9rations.  <\/p>\n<p>La boule est suspendue \u00e0 un ruban rouge festif, qui non seulement ajoute une touche d&rsquo;\u00e9l\u00e9gance, mais comporte \u00e9galement des inscriptions de No\u00ebl, ce qui en fait un cadeau id\u00e9al pour c\u00e9l\u00e9brer les f\u00eates de fin d&rsquo;ann\u00e9e. L&rsquo;utilisation de motifs en mosa\u00efque en fait non seulement un bel ornement pour le sapin, mais symbolise \u00e9galement l&rsquo;art d\u00e9coratif typique de r\u00e9gions telles que Grenade et S\u00e9ville, o\u00f9 les mosa\u00efques racontent des histoires de l&rsquo;histoire et de la culture espagnoles. <\/p>\n<p>Chez Ol\u00e9 Mosaic, nous sommes sp\u00e9cialis\u00e9s dans la distribution de souvenirs en gros, et cette boule de No\u00ebl est un excellent choix pour les magasins qui cherchent \u00e0 offrir des produits authentiques repr\u00e9sentatifs de la tradition espagnole. Parfaite pour les amateurs d&rsquo;artisanat et de d\u00e9corations de No\u00ebl, cette boule est une pi\u00e8ce unique qui apporte une touche culturelle et joyeuse \u00e0 toute c\u00e9l\u00e9bration. <\/p>\n","protected":false},"excerpt":{"rendered":"<p>Boule de No\u00ebl d\u00e9corative avec bo\u00eete, inspir\u00e9e de l&rsquo;art de la mosa\u00efque. Cette charmante d\u00e9coration pr\u00e9sente un motif color\u00e9 combinant des bleus, des oranges et des tons de terre, imitant les motifs traditionnels de la c\u00e9ramique. Accompagn\u00e9e d&rsquo;un ruban rouge avec des inscriptions festives, la boule est parfaite pour d\u00e9corer le sapin et ajouter une touche culturelle et joyeuse aux c\u00e9l\u00e9brations. Id\u00e9ale pour les amateurs d&rsquo;artisanat et de d\u00e9corations de No\u00ebl.   <\/p>\n","protected":false},"featured_media":9830,"template":"","meta":{"_acf_changed":false},"product_brand":[],"product_cat":[659],"product_tag":[646],"class_list":{"0":"post-24286","1":"product","2":"type-product","3":"status-publish","4":"has-post-thumbnail","6":"product_cat-boules-de-noel","7":"product_tag-noel","8":"pa_motivo-mosaique","10":"first","11":"instock","12":"shipping-taxable","13":"product-type-simple"},"acf":[],"_links":{"self":[{"href":"https:\/\/olemosaic.com\/fr\/wp-json\/wp\/v2\/product\/24286","targetHints":{"allow":["GET"]}}],"collection":[{"href":"https:\/\/olemosaic.com\/fr\/wp-json\/wp\/v2\/product"}],"about":[{"href":"https:\/\/olemosaic.com\/fr\/wp-json\/wp\/v2\/types\/product"}],"wp:featuredmedia":[{"embeddable":true,"href":"https:\/\/olemosaic.com\/fr\/wp-json\/wp\/v2\/media\/9830"}],"wp:attachment":[{"href":"https:\/\/olemosaic.com\/fr\/wp-json\/wp\/v2\/media?parent=24286"}],"wp:term":[{"taxonomy":"product_brand","embeddable":true,"href":"https:\/\/olemosaic.com\/fr\/wp-json\/wp\/v2\/product_brand?post=24286"},{"taxonomy":"product_cat","embeddable":true,"href":"https:\/\/olemosaic.com\/fr\/wp-json\/wp\/v2\/product_cat?post=24286"},{"taxonomy":"product_tag","embeddable":true,"href":"https:\/\/olemosaic.com\/fr\/wp-json\/wp\/v2\/product_tag?post=24286"}],"curies":[{"name":"wp","href":"https:\/\/api.w.org\/{rel}","templated":true}]}}