{"id":24284,"date":"2025-02-20T23:31:51","date_gmt":"2025-02-20T22:31:51","guid":{"rendered":"https:\/\/olemosaic.com\/producto\/4-sacs-de-noix-de-coco-de-13-x-6-cm-salamandre-architecture-barcelone\/"},"modified":"2025-11-21T13:22:35","modified_gmt":"2025-11-21T12:22:35","slug":"4-sacs-de-noix-de-coco-de-13-x-6-cm-salamandre-architecture-barcelone","status":"publish","type":"product","link":"https:\/\/olemosaic.com\/fr\/produit\/4-sacs-de-noix-de-coco-de-13-x-6-cm-salamandre-architecture-barcelone\/","title":{"rendered":"4 sacs de noix de coco de 13 x 6 cm. Salamandre. Architecture. Barcelone."},"content":{"rendered":"<p>Ce charmant ensemble de quatre bols \u00e0 noix de coco de 13 x 6 cm est une repr\u00e9sentation vibrante de la culture barcelonaise, d\u00e9cor\u00e9e de motifs de salamandre et d&rsquo;\u00e9l\u00e9ments inspir\u00e9s de l&rsquo;architecture embl\u00e9matique de la ville. Chaque bol pr\u00e9sente un motif peint \u00e0 la main qui se distingue par sa palette de couleurs vari\u00e9es, notamment des bleus intenses, des jaunes ensoleill\u00e9s et des fleurs stylis\u00e9es rappelant les mosa\u00efques d&rsquo;Antoni Gaud\u00ed. Au centre de chaque pi\u00e8ce, l&rsquo;inscription \u00ab\u00a0Barcelona\u00a0\u00bb est \u00e9l\u00e9gamment dispos\u00e9e, ajoutant une touche d&rsquo;authenticit\u00e9 et un rappel constant de cette belle ville.  <\/p>\n<p>Ces bols sont non seulement fonctionnels, id\u00e9aux pour servir des en-cas ou comme \u00e9l\u00e9ments d\u00e9coratifs dans n&rsquo;importe quelle maison, mais ils constituent \u00e9galement un excellent souvenir qui capture l&rsquo;essence de Barcelone. Les salamandres, symboles de chance, m\u00ealent tradition et modernit\u00e9, rendant chaque bol unique par sa beaut\u00e9. En tant que souvenir repr\u00e9sentatif de la capitale catalane, cet ensemble est parfait pour les touristes qui souhaitent ramener chez eux un morceau de la culture et de l&rsquo;art vibrants de Barcelone.  <\/p>\n<p>Chez Ol\u00e9 MOSAIC, nous nous sp\u00e9cialisons dans la distribution de souvenirs en gros, et cet ensemble de bols en noix de coco est un choix exceptionnel pour les boutiques de cadeaux touristiques qui souhaitent offrir des produits authentiques et culturellement significatifs. En offrant ces souvenirs de Barcelone, les touristes pourront se souvenir de leur visite tout en embellissant leur maison avec de l&rsquo;art et de la tradition. <\/p>\n","protected":false},"excerpt":{"rendered":"<p>Lot de quatre bols \u00e0 noix de coco de 13 x 6 cm d\u00e9cor\u00e9s de motifs de salamandre et d&rsquo;\u00e9l\u00e9ments de mosa\u00efque inspir\u00e9s de l&rsquo;architecture de Barcelone. Chaque bol pr\u00e9sente un motif artisanal peint \u00e0 la main qui se distingue par ses couleurs vives et vari\u00e9es, dont des nuances de bleu et de jaune, ainsi que des fleurs stylis\u00e9es. Les inscriptions \u00ab\u00a0Barcelona\u00a0\u00bb sont \u00e9l\u00e9gamment dispos\u00e9es au centre, faisant de ce set une pi\u00e8ce fonctionnelle et d\u00e9corative parfaite pour apporter un petit morceau de la ville dans votre maison.  <\/p>\n","protected":false},"featured_media":10700,"template":"","meta":{"_acf_changed":false},"product_brand":[],"product_cat":[521],"product_tag":[530],"class_list":{"0":"post-24284","1":"product","2":"type-product","3":"status-publish","4":"has-post-thumbnail","6":"product_cat-bols","7":"product_tag-animaux","8":"pa_ciudad-barcelona","9":"pa_motivo-salamandres","10":"pa_pais-espana","12":"first","13":"instock","14":"shipping-taxable","15":"product-type-simple"},"acf":[],"_links":{"self":[{"href":"https:\/\/olemosaic.com\/fr\/wp-json\/wp\/v2\/product\/24284","targetHints":{"allow":["GET"]}}],"collection":[{"href":"https:\/\/olemosaic.com\/fr\/wp-json\/wp\/v2\/product"}],"about":[{"href":"https:\/\/olemosaic.com\/fr\/wp-json\/wp\/v2\/types\/product"}],"wp:featuredmedia":[{"embeddable":true,"href":"https:\/\/olemosaic.com\/fr\/wp-json\/wp\/v2\/media\/10700"}],"wp:attachment":[{"href":"https:\/\/olemosaic.com\/fr\/wp-json\/wp\/v2\/media?parent=24284"}],"wp:term":[{"taxonomy":"product_brand","embeddable":true,"href":"https:\/\/olemosaic.com\/fr\/wp-json\/wp\/v2\/product_brand?post=24284"},{"taxonomy":"product_cat","embeddable":true,"href":"https:\/\/olemosaic.com\/fr\/wp-json\/wp\/v2\/product_cat?post=24284"},{"taxonomy":"product_tag","embeddable":true,"href":"https:\/\/olemosaic.com\/fr\/wp-json\/wp\/v2\/product_tag?post=24284"}],"curies":[{"name":"wp","href":"https:\/\/api.w.org\/{rel}","templated":true}]}}