{"id":24282,"date":"2025-02-20T23:31:51","date_gmt":"2025-02-20T22:31:51","guid":{"rendered":"https:\/\/olemosaic.com\/producto\/beurrier-en-ceramique-salamandra-mallorca-beige-185-cm\/"},"modified":"2025-02-20T23:31:51","modified_gmt":"2025-02-20T22:31:51","slug":"beurrier-en-ceramique-salamandra-mallorca-beige-185-cm","status":"publish","type":"product","link":"https:\/\/olemosaic.com\/fr\/produit\/beurrier-en-ceramique-salamandra-mallorca-beige-185-cm\/","title":{"rendered":"Beurrier en c\u00e9ramique Salamandra. Mallorca. Beige. 18,5 cm."},"content":{"rendered":"<p>Ce charmant produit est un beurrier en c\u00e9ramique, inspir\u00e9 de la faune majorquine, con\u00e7u pour apporter une touche d&rsquo;authenticit\u00e9 \u00e0 la table de tout amateur de culture espagnole. D&rsquo;un diam\u00e8tre de 18,5 cm, cette pi\u00e8ce est non seulement parfaite pour servir le beurre, mais elle constitue \u00e9galement un \u00e9l\u00e9ment d\u00e9coratif attrayant. Sa couleur de base beige est magnifiquement compl\u00e9t\u00e9e par un fond orange vibrant, cr\u00e9ant un contraste visuel qui se d\u00e9marque dans n&rsquo;importe quel environnement.  <\/p>\n<p>Les motifs frappants de salamandres et de fleurs peints \u00e0 la main refl\u00e8tent la riche biodiversit\u00e9 et le folklore de Majorque, faisant de ce beurrier un souvenir culturel qui \u00e9voque l&rsquo;esprit de l&rsquo;\u00eele. Le mot \u00ab\u00a0MALLORCA\u00a0\u00bb inscrit sur le dessus souligne non seulement son origine, mais en fait \u00e9galement un excellent souvenir pour ceux qui souhaitent emporter avec eux un morceau de cette belle r\u00e9gion. <\/p>\n<p>Chaque beurrier en c\u00e9ramique Salamandra est un hommage \u00e0 l&rsquo;artisanat et \u00e0 la tradition locale, garantissant \u00e0 l&rsquo;acheteur un produit authentique et fonctionnel. Chez Ol\u00e9 Mosaic, en tant que grossiste de souvenirs en c\u00e9ramique, nous proposons des produits qui c\u00e9l\u00e8brent la richesse culturelle de l&rsquo;Espagne, ce qui fait de ce beurrier un choix id\u00e9al pour les boutiques de cadeaux touristiques qui cherchent \u00e0 offrir des exp\u00e9riences m\u00e9morables aux voyageurs. <\/p>\n","protected":false},"excerpt":{"rendered":"<p>Ce beurrier en c\u00e9ramique s&rsquo;inspire de la faune de Majorque, avec de magnifiques motifs de salamandres et de fleurs peints \u00e0 la main. Sa couleur de base beige se d\u00e9tache sur le fond orange vif, cr\u00e9ant un contraste attrayant. Avec un diam\u00e8tre de 18,5 cm, cette pi\u00e8ce fonctionnelle n&rsquo;est pas seulement id\u00e9ale pour servir du beurre, mais sert \u00e9galement d&rsquo;\u00e9l\u00e9ment d\u00e9coratif. Le texte \u00ab\u00a0MALLORCA\u00a0\u00bb ajoute une touche locale, parfaite pour les amoureux de la culture majorquine.   <\/p>\n","protected":false},"featured_media":7731,"template":"","meta":{"_acf_changed":false},"product_brand":[],"product_cat":[755],"product_tag":[530,585],"class_list":{"0":"post-24282","1":"product","2":"type-product","3":"status-publish","4":"has-post-thumbnail","6":"product_cat-barattes-a-beurre","7":"product_tag-animaux","8":"product_tag-ceramique","9":"pa_ciudad-mallorca","10":"pa_motivo-salamandres","11":"pa_pais-espana","13":"first","14":"instock","15":"shipping-taxable","16":"product-type-simple"},"acf":[],"_links":{"self":[{"href":"https:\/\/olemosaic.com\/fr\/wp-json\/wp\/v2\/product\/24282","targetHints":{"allow":["GET"]}}],"collection":[{"href":"https:\/\/olemosaic.com\/fr\/wp-json\/wp\/v2\/product"}],"about":[{"href":"https:\/\/olemosaic.com\/fr\/wp-json\/wp\/v2\/types\/product"}],"wp:featuredmedia":[{"embeddable":true,"href":"https:\/\/olemosaic.com\/fr\/wp-json\/wp\/v2\/media\/7731"}],"wp:attachment":[{"href":"https:\/\/olemosaic.com\/fr\/wp-json\/wp\/v2\/media?parent=24282"}],"wp:term":[{"taxonomy":"product_brand","embeddable":true,"href":"https:\/\/olemosaic.com\/fr\/wp-json\/wp\/v2\/product_brand?post=24282"},{"taxonomy":"product_cat","embeddable":true,"href":"https:\/\/olemosaic.com\/fr\/wp-json\/wp\/v2\/product_cat?post=24282"},{"taxonomy":"product_tag","embeddable":true,"href":"https:\/\/olemosaic.com\/fr\/wp-json\/wp\/v2\/product_tag?post=24282"}],"curies":[{"name":"wp","href":"https:\/\/api.w.org\/{rel}","templated":true}]}}