{"id":24270,"date":"2025-02-20T23:32:00","date_gmt":"2025-02-20T22:32:00","guid":{"rendered":"https:\/\/olemosaic.com\/producto\/aimant-en-ceramique-salamandre-et-fleurs-art-traditionnel-blanc\/"},"modified":"2025-11-21T13:22:20","modified_gmt":"2025-11-21T12:22:20","slug":"aimant-en-ceramique-salamandre-et-fleurs-art-traditionnel-blanc","status":"publish","type":"product","link":"https:\/\/olemosaic.com\/fr\/produit\/aimant-en-ceramique-salamandre-et-fleurs-art-traditionnel-blanc\/","title":{"rendered":"Aimant en c\u00e9ramique. Salamandre et fleurs. Art traditionnel. Blanc."},"content":{"rendered":"<p>Cet aimant en forme de cuill\u00e8re en c\u00e9ramique est un v\u00e9ritable hommage \u00e0 la riche culture et \u00e0 l&rsquo;art traditionnel de l&rsquo;Espagne. Peint \u00e0 la main, ce charmant souvenir repr\u00e9sente une salamandre color\u00e9e entrelac\u00e9e de fleurs \u00e9clatantes, symbolisant le lien entre la faune, la flore et la tradition. Le fond blanc de l&rsquo;aimant met parfaitement en valeur les couleurs vives (bleu, rouge et vert), encadr\u00e9es par des lignes noires qui contrastent \u00e9l\u00e9gamment avec l&rsquo;\u0153uvre d&rsquo;art.  <\/p>\n<p>Cet aimant n&rsquo;est pas seulement un objet d\u00e9coratif qui attire l&rsquo;attention, mais aussi un rappel de la passion de l&rsquo;Espagne pour l&rsquo;art et le folklore. Sa forme unique, inspir\u00e9e des ustensiles traditionnels, en fait une excellente d\u00e9coration pour la maison, ajoutant une touche de chaleur et d&rsquo;authenticit\u00e9 \u00e0 tout espace. Ce produit incarne l&rsquo;essence de la culture espagnole, ce qui en fait un souvenir repr\u00e9sentatif pour les touristes.  <\/p>\n<p>Chez Ol\u00e9 Mosaic, nous sommes distributeurs en gros de souvenirs authentiques en c\u00e9ramique, et cet aimant est un choix id\u00e9al pour les boutiques de cadeaux touristiques qui cherchent \u00e0 offrir des produits de qualit\u00e9 et de profondeur culturelle. Avec son design attrayant et sa signification, cet aimant en c\u00e9ramique est un excellent choix pour ceux qui souhaitent ramener chez eux un petit morceau de la beaut\u00e9 de l&rsquo;Espagne. <\/p>\n","protected":false},"excerpt":{"rendered":"<p>Aimant en forme de cuill\u00e8re en c\u00e9ramique, d\u00e9cor\u00e9 d&rsquo;une salamandre color\u00e9e et de fleurs, repr\u00e9sentant la riche culture et l&rsquo;art traditionnel de l&rsquo;Espagne. Cet aimant attrayant, peint \u00e0 la main et con\u00e7u par un artisan, pr\u00e9sente un fond blanc qui rehausse les couleurs vives des d\u00e9tails bleus, rouges et verts, encadr\u00e9s par des lignes noires pour un contraste \u00e9l\u00e9gant. Il est id\u00e9al pour d\u00e9corer la maison et rappelle la beaut\u00e9 du folklore espagnol.  <\/p>\n","protected":false},"featured_media":8370,"template":"","meta":{"_acf_changed":false},"product_brand":[],"product_cat":[697],"product_tag":[530,585],"class_list":{"0":"post-24270","1":"product","2":"type-product","3":"status-publish","4":"has-post-thumbnail","6":"product_cat-aimants","7":"product_tag-animaux","8":"product_tag-ceramique","9":"pa_motivo-salamandres","11":"first","12":"instock","13":"shipping-taxable","14":"product-type-simple"},"acf":[],"_links":{"self":[{"href":"https:\/\/olemosaic.com\/fr\/wp-json\/wp\/v2\/product\/24270","targetHints":{"allow":["GET"]}}],"collection":[{"href":"https:\/\/olemosaic.com\/fr\/wp-json\/wp\/v2\/product"}],"about":[{"href":"https:\/\/olemosaic.com\/fr\/wp-json\/wp\/v2\/types\/product"}],"wp:featuredmedia":[{"embeddable":true,"href":"https:\/\/olemosaic.com\/fr\/wp-json\/wp\/v2\/media\/8370"}],"wp:attachment":[{"href":"https:\/\/olemosaic.com\/fr\/wp-json\/wp\/v2\/media?parent=24270"}],"wp:term":[{"taxonomy":"product_brand","embeddable":true,"href":"https:\/\/olemosaic.com\/fr\/wp-json\/wp\/v2\/product_brand?post=24270"},{"taxonomy":"product_cat","embeddable":true,"href":"https:\/\/olemosaic.com\/fr\/wp-json\/wp\/v2\/product_cat?post=24270"},{"taxonomy":"product_tag","embeddable":true,"href":"https:\/\/olemosaic.com\/fr\/wp-json\/wp\/v2\/product_tag?post=24270"}],"curies":[{"name":"wp","href":"https:\/\/api.w.org\/{rel}","templated":true}]}}