{"id":24266,"date":"2025-02-20T23:31:50","date_gmt":"2025-02-20T22:31:50","guid":{"rendered":"https:\/\/olemosaic.com\/producto\/nativite-figure-en-mosaique-de\/"},"modified":"2025-02-20T23:31:50","modified_gmt":"2025-02-20T22:31:50","slug":"nativite-figure-en-mosaique-de","status":"publish","type":"product","link":"https:\/\/olemosaic.com\/fr\/produit\/nativite-figure-en-mosaique-de\/","title":{"rendered":"Nativit\u00e9. Figure en mosa\u00efque de"},"content":{"rendered":"<p>Cette charmante cr\u00e8che, fabriqu\u00e9e en r\u00e9sine peinte \u00e0 la main, est un souvenir parfait pour c\u00e9l\u00e9brer la saison de No\u00ebl, \u00e9voquant l&rsquo;essence espagnole traditionnelle. Compos\u00e9e des personnages de Joseph, Marie et de l&rsquo;enfant J\u00e9sus, cette cr\u00e8che comprend \u00e9galement un b\u0153uf et un mouton, cr\u00e9ant ainsi une sc\u00e8ne attachante qui capture l&rsquo;esprit de la veille de No\u00ebl. Les personnages sont orn\u00e9s d&rsquo;un superbe motif en mosa\u00efque, o\u00f9 les couleurs vibrantes s&rsquo;entrem\u00ealent, donnant vie \u00e0 chaque personnage d&rsquo;une mani\u00e8re unique et attrayante.  <\/p>\n<p>L&rsquo;attention m\u00e9ticuleuse port\u00e9e aux d\u00e9tails se refl\u00e8te dans les expressions des visages et des costumes des personnages principaux, ainsi que dans les teintes des animaux, qui ajoutent \u00e0 l&rsquo;atmosph\u00e8re de chaleur et d&rsquo;amour. Cette pi\u00e8ce n&rsquo;est pas seulement un \u00e9l\u00e9ment d\u00e9coratif id\u00e9al pour orner la maison pendant les f\u00eates de fin d&rsquo;ann\u00e9e, mais elle devient aussi un magnifique rappel culturel des traditions espagnoles de No\u00ebl, enracin\u00e9es dans un riche patrimoine d&rsquo;artisanat et de symbolisme. <\/p>\n<p>Chez Ol\u00e9 Mosaic, nous sommes des leaders dans la distribution de souvenirs en gros, et cette figurine est une excellente option pour les boutiques de cadeaux touristiques qui cherchent \u00e0 offrir des produits authentiques qui mettent en valeur la culture espagnole. L&rsquo;achat de cette nativit\u00e9 garantit \u00e0 vos clients un souvenir significatif de leurs exp\u00e9riences en Espagne, renfor\u00e7ant le lien \u00e9motionnel avec la c\u00e9l\u00e9bration de No\u00ebl. <\/p>\n","protected":false},"excerpt":{"rendered":"<p>Figurine artisanale peinte \u00e0 la main repr\u00e9sentant la naissance de J\u00e9sus, id\u00e9ale pour d\u00e9corer votre maison pendant les f\u00eates de No\u00ebl. Cette charmante cr\u00e8che se distingue par ses couleurs vives et son design en mosa\u00efque, avec les figures de Joseph, Marie et l&rsquo;enfant, accompagn\u00e9s d&rsquo;un b\u0153uf et d&rsquo;un mouton. Chaque d\u00e9tail est soigneusement travaill\u00e9, ce qui fait de cette pi\u00e8ce un magnifique rappel de la tradition espagnole de No\u00ebl.  <\/p>\n","protected":false},"featured_media":11107,"template":"","meta":{"_acf_changed":false},"product_brand":[],"product_cat":[540],"product_tag":[646],"class_list":{"0":"post-24266","1":"product","2":"type-product","3":"status-publish","4":"has-post-thumbnail","6":"product_cat-chiffres","7":"product_tag-noel","8":"pa_motivo-naissance","10":"first","11":"instock","12":"shipping-taxable","13":"product-type-simple"},"acf":[],"_links":{"self":[{"href":"https:\/\/olemosaic.com\/fr\/wp-json\/wp\/v2\/product\/24266","targetHints":{"allow":["GET"]}}],"collection":[{"href":"https:\/\/olemosaic.com\/fr\/wp-json\/wp\/v2\/product"}],"about":[{"href":"https:\/\/olemosaic.com\/fr\/wp-json\/wp\/v2\/types\/product"}],"wp:featuredmedia":[{"embeddable":true,"href":"https:\/\/olemosaic.com\/fr\/wp-json\/wp\/v2\/media\/11107"}],"wp:attachment":[{"href":"https:\/\/olemosaic.com\/fr\/wp-json\/wp\/v2\/media?parent=24266"}],"wp:term":[{"taxonomy":"product_brand","embeddable":true,"href":"https:\/\/olemosaic.com\/fr\/wp-json\/wp\/v2\/product_brand?post=24266"},{"taxonomy":"product_cat","embeddable":true,"href":"https:\/\/olemosaic.com\/fr\/wp-json\/wp\/v2\/product_cat?post=24266"},{"taxonomy":"product_tag","embeddable":true,"href":"https:\/\/olemosaic.com\/fr\/wp-json\/wp\/v2\/product_tag?post=24266"}],"curies":[{"name":"wp","href":"https:\/\/api.w.org\/{rel}","templated":true}]}}