{"id":24264,"date":"2025-02-20T23:32:00","date_gmt":"2025-02-20T22:32:00","guid":{"rendered":"https:\/\/olemosaic.com\/producto\/aimant-en-ceramique-salamandre-et-fleurs-mosaique-barcelone-blanc\/"},"modified":"2025-02-20T23:32:00","modified_gmt":"2025-02-20T22:32:00","slug":"aimant-en-ceramique-salamandre-et-fleurs-mosaique-barcelone-blanc","status":"publish","type":"product","link":"https:\/\/olemosaic.com\/fr\/produit\/aimant-en-ceramique-salamandre-et-fleurs-mosaique-barcelone-blanc\/","title":{"rendered":"Aimant en c\u00e9ramique. Salamandre et fleurs. Mosa\u00efque. Barcelone. Blanc."},"content":{"rendered":"<p>Cet aimant en c\u00e9ramique est un charmant souvenir de Barcelone, d\u00e9cor\u00e9 d&rsquo;une salamandre vibrante et de fleurs qui \u00e9voquent la c\u00e9l\u00e8bre \u0153uvre de Gaud\u00ed. Son design \u00e0 dominante blanche met en valeur les mosa\u00efques color\u00e9es repr\u00e9sentant la salamandre, symbole embl\u00e9matique du modernisme catalan et de la cr\u00e9ativit\u00e9 architecturale qui caract\u00e9rise la ville. La riche palette de couleurs, qui comprend des verts vifs, des jaunes ensoleill\u00e9s, des rouges audacieux et des bleus profonds, fait de chaque pi\u00e8ce un v\u00e9ritable festin visuel.  <\/p>\n<p>L&rsquo;aimant comporte \u00e9galement le mot \u00ab\u00a0Barcelona\u00a0\u00bb \u00e9l\u00e9gamment imprim\u00e9, ce qui renforce son identit\u00e9 en tant que souvenir repr\u00e9sentatif de la ville. Ce produit ne remplit pas seulement sa fonction pratique d&rsquo;adh\u00e9rer \u00e0 n&rsquo;importe quelle surface m\u00e9tallique, mais il est aussi une fen\u00eatre sur la culture artistique de Barcelone. \u00c0 chaque coup d&rsquo;\u0153il, il vous transporte dans les rues color\u00e9es de la ville, pleines d&rsquo;histoire et de cr\u00e9ativit\u00e9.  <\/p>\n<p>Les souvenirs en c\u00e9ramique, comme cet aimant, sont parfaits pour les touristes qui souhaitent ramener chez eux un morceau du riche patrimoine culturel de Barcelone. Chez Ol\u00e9 Mosaic, nous sommes sp\u00e9cialis\u00e9s dans la distribution en gros d&rsquo;aimants et d&rsquo;autres souvenirs artisanaux, en veillant \u00e0 ce que chaque produit refl\u00e8te l&rsquo;authenticit\u00e9 et la valeur culturelle de ses origines. Cet aimant est un excellent choix pour les boutiques de cadeaux touristiques qui souhaitent offrir des produits de qualit\u00e9 qui enrichissent l&rsquo;exp\u00e9rience du voyageur.  <\/p>\n","protected":false},"excerpt":{"rendered":"<p>Aimant en c\u00e9ramique d\u00e9cor\u00e9 d&rsquo;une salamandre et de fleurs color\u00e9es, inspir\u00e9 par l&rsquo;\u0153uvre de Gaudi \u00e0 Barcelone. Cet aimant attrayant pr\u00e9sente un motif blanc avec des mosa\u00efques vibrantes repr\u00e9sentant la c\u00e9l\u00e8bre salamandre, symbole de l&rsquo;esth\u00e9tique moderniste de la ville. Le mot \u00ab\u00a0Barcelona\u00a0\u00bb est \u00e9l\u00e9gamment imprim\u00e9, compl\u00e9tant la palette de couleurs qui comprend des verts, des jaunes, des rouges et des bleus, faisant de cet aimant un rappel id\u00e9al de la richesse culturelle de la ville.  <\/p>\n","protected":false},"featured_media":8094,"template":"","meta":{"_acf_changed":false},"product_brand":[],"product_cat":[697],"product_tag":[530,585],"class_list":{"0":"post-24264","1":"product","2":"type-product","3":"status-publish","4":"has-post-thumbnail","6":"product_cat-aimants","7":"product_tag-animaux","8":"product_tag-ceramique","9":"pa_ciudad-barcelona","10":"pa_motivo-salamandres","11":"pa_pais-espana","13":"first","14":"instock","15":"shipping-taxable","16":"product-type-simple"},"acf":[],"_links":{"self":[{"href":"https:\/\/olemosaic.com\/fr\/wp-json\/wp\/v2\/product\/24264","targetHints":{"allow":["GET"]}}],"collection":[{"href":"https:\/\/olemosaic.com\/fr\/wp-json\/wp\/v2\/product"}],"about":[{"href":"https:\/\/olemosaic.com\/fr\/wp-json\/wp\/v2\/types\/product"}],"wp:featuredmedia":[{"embeddable":true,"href":"https:\/\/olemosaic.com\/fr\/wp-json\/wp\/v2\/media\/8094"}],"wp:attachment":[{"href":"https:\/\/olemosaic.com\/fr\/wp-json\/wp\/v2\/media?parent=24264"}],"wp:term":[{"taxonomy":"product_brand","embeddable":true,"href":"https:\/\/olemosaic.com\/fr\/wp-json\/wp\/v2\/product_brand?post=24264"},{"taxonomy":"product_cat","embeddable":true,"href":"https:\/\/olemosaic.com\/fr\/wp-json\/wp\/v2\/product_cat?post=24264"},{"taxonomy":"product_tag","embeddable":true,"href":"https:\/\/olemosaic.com\/fr\/wp-json\/wp\/v2\/product_tag?post=24264"}],"curies":[{"name":"wp","href":"https:\/\/api.w.org\/{rel}","templated":true}]}}