{"id":24245,"date":"2025-02-20T23:31:59","date_gmt":"2025-02-20T22:31:59","guid":{"rendered":"https:\/\/olemosaic.com\/producto\/aimant-en-ceramique-taureaux-madrid-espagne-blanc\/"},"modified":"2025-02-20T23:31:59","modified_gmt":"2025-02-20T22:31:59","slug":"aimant-en-ceramique-taureaux-madrid-espagne-blanc","status":"publish","type":"product","link":"https:\/\/olemosaic.com\/fr\/produit\/aimant-en-ceramique-taureaux-madrid-espagne-blanc\/","title":{"rendered":"Aimant en c\u00e9ramique. Taureaux. Madrid. Espagne. Blanc."},"content":{"rendered":"<p>Cet aimant en c\u00e9ramique, d\u00e9cor\u00e9 d&rsquo;un taureau vibrant, est un souvenir embl\u00e9matique de Madrid qui capture l&rsquo;essence de la culture espagnole. Le taureau aux couleurs vives, dans une mosa\u00efque de tons verts, rouges et bleus, se d\u00e9tache sur un fond blanc qui met en valeur tous les d\u00e9tails artistiques. Cet aimant attrayant comprend une repr\u00e9sentation du soleil et des fleurs dans des couleurs vives, ajoutant une touche de joie et de chaleur \u00e0 l&rsquo;objet, tandis que le texte \u00ab\u00a0MADRID\u00a0\u00bb est \u00e9l\u00e9gamment inscrit, rappelant aux visiteurs la riche tradition culturelle de la capitale.  <\/p>\n<p>Le taureau est un symbole embl\u00e9matique de l&rsquo;Espagne, repr\u00e9sentant \u00e0 la fois la force et la passion de sa culture. Cet aimant est non seulement parfait pour orner le r\u00e9frig\u00e9rateur, mais il constitue \u00e9galement un souvenir tangible des aventures \u00e0 Madrid, \u00e9voquant les apr\u00e8s-midi ensoleill\u00e9s et les festivit\u00e9s vibrantes. Sa finition en c\u00e9ramique garantit sa durabilit\u00e9, ce qui en fait un souvenir id\u00e9al qui durera longtemps.  <\/p>\n<p>Chez Ol\u00e9 MOSAIC, nous nous consacrons \u00e0 offrir des souvenirs authentiques de la culture espagnole en gros, et cet aimant est un excellent choix pour les boutiques de cadeaux touristiques \u00e0 la recherche de produits uniques et repr\u00e9sentatifs. Avec son m\u00e9lange d&rsquo;art et de symbolisme culturel, cet aimant en forme de taureau est certainement un cadeau parfait pour ceux qui veulent ramener un petit morceau de Madrid chez eux. <\/p>\n","protected":false},"excerpt":{"rendered":"<p>Aimant en c\u00e9ramique d\u00e9cor\u00e9 d&rsquo;un taureau vibrant, symbole embl\u00e9matique de Madrid. Cet aimant attrayant pr\u00e9sente un design color\u00e9 avec des mosa\u00efques dans les tons vert, rouge et bleu, sur un fond blanc qui met en valeur ses d\u00e9tails artistiques. D&rsquo;un c\u00f4t\u00e9, une repr\u00e9sentation du soleil et des fleurs aux couleurs vives compl\u00e8te la sc\u00e8ne, ainsi que le texte \u00ab\u00a0MADRID\u00a0\u00bb, capturant l&rsquo;essence culturelle de l&rsquo;Espagne. Id\u00e9al pour se souvenir de vos aventures dans la capitale.   <\/p>\n","protected":false},"featured_media":8615,"template":"","meta":{"_acf_changed":false},"product_brand":[],"product_cat":[697],"product_tag":[530,585],"class_list":{"0":"post-24245","1":"product","2":"type-product","3":"status-publish","4":"has-post-thumbnail","6":"product_cat-aimants","7":"product_tag-animaux","8":"product_tag-ceramique","9":"pa_ciudad-madrid","10":"pa_motivo-taureaux","11":"pa_pais-espana","13":"first","14":"instock","15":"shipping-taxable","16":"product-type-simple"},"acf":[],"_links":{"self":[{"href":"https:\/\/olemosaic.com\/fr\/wp-json\/wp\/v2\/product\/24245","targetHints":{"allow":["GET"]}}],"collection":[{"href":"https:\/\/olemosaic.com\/fr\/wp-json\/wp\/v2\/product"}],"about":[{"href":"https:\/\/olemosaic.com\/fr\/wp-json\/wp\/v2\/types\/product"}],"wp:featuredmedia":[{"embeddable":true,"href":"https:\/\/olemosaic.com\/fr\/wp-json\/wp\/v2\/media\/8615"}],"wp:attachment":[{"href":"https:\/\/olemosaic.com\/fr\/wp-json\/wp\/v2\/media?parent=24245"}],"wp:term":[{"taxonomy":"product_brand","embeddable":true,"href":"https:\/\/olemosaic.com\/fr\/wp-json\/wp\/v2\/product_brand?post=24245"},{"taxonomy":"product_cat","embeddable":true,"href":"https:\/\/olemosaic.com\/fr\/wp-json\/wp\/v2\/product_cat?post=24245"},{"taxonomy":"product_tag","embeddable":true,"href":"https:\/\/olemosaic.com\/fr\/wp-json\/wp\/v2\/product_tag?post=24245"}],"curies":[{"name":"wp","href":"https:\/\/api.w.org\/{rel}","templated":true}]}}