{"id":24231,"date":"2025-02-20T23:31:49","date_gmt":"2025-02-20T22:31:49","guid":{"rendered":"https:\/\/olemosaic.com\/producto\/cat-figure-en-mosaique-de-11-cm-mosaique-ceramique-espagnole\/"},"modified":"2025-02-20T23:31:49","modified_gmt":"2025-02-20T22:31:49","slug":"cat-figure-en-mosaique-de-11-cm-mosaique-ceramique-espagnole","status":"publish","type":"product","link":"https:\/\/olemosaic.com\/fr\/produit\/cat-figure-en-mosaique-de-11-cm-mosaique-ceramique-espagnole\/","title":{"rendered":"Cat. Figure en mosa\u00efque de 11 cm. Mosa\u00efque. C\u00e9ramique espagnole."},"content":{"rendered":"<p>Ce charmant chat d\u00e9coratif, chef-d&rsquo;\u0153uvre miniature en c\u00e9ramique espagnole, se distingue par son design en mosa\u00efque vibrant et color\u00e9. D&rsquo;une hauteur de 11 cm, cette figurine en r\u00e9sine peinte \u00e0 la main repr\u00e9sente un chat stylis\u00e9 qui capture l&rsquo;essence de l&rsquo;art populaire espagnol. Chaque petite mosa\u00efque sur sa surface brille dans une joyeuse palette de violets, de verts, d&rsquo;oranges et de bleus, offrant un aspect visuellement frappant qui attirera l&rsquo;attention dans n&rsquo;importe quel environnement. La finition de la figurine est m\u00e9ticuleuse et t\u00e9moigne d&rsquo;un savoir-faire exceptionnel qui refl\u00e8te la riche tradition de la c\u00e9ramique en Espagne.   <\/p>\n<p>Ce chat n&rsquo;est pas seulement un objet d\u00e9coratif attrayant, mais aussi un souvenir repr\u00e9sentatif de la culture espagnole, \u00e9voquant les places anim\u00e9es et les march\u00e9s artisanaux color\u00e9s du pays. Son design artistique renvoie aux techniques traditionnelles de la c\u00e9ramique, qui font partie du patrimoine culturel de l&rsquo;Espagne depuis des si\u00e8cles. En tant que souvenir, il est id\u00e9al pour les touristes qui souhaitent ramener chez eux un morceau d&rsquo;authenticit\u00e9 espagnole, ce qui en fait un cadeau parfait ou un objet de collection.  <\/p>\n<p>Chez Ol\u00e9 Mosaic, nous sommes fiers de distribuer en gros des souvenirs authentiques, et cette figurine de chat est un excellent choix pour les boutiques de cadeaux touristiques qui cherchent \u00e0 offrir des produits uniques et culturels. Sa popularit\u00e9 aupr\u00e8s des visiteurs fait de ce chat peint \u00e0 la main un article indispensable dans toute vitrine qui souhaite mettre en valeur le meilleur de l&rsquo;Espagne. <\/p>\n","protected":false},"excerpt":{"rendered":"<p>Figurine de 11 cm en forme de chat, con\u00e7ue et peinte \u00e0 la main, avec des couleurs vives. Cet adorable f\u00e9lin pr\u00e9sente un design artistique avec des techniques de mosa\u00efque qui \u00e9voquent le style typique de la c\u00e9ramique espagnole. Chaque d\u00e9tail est mis en valeur dans des tons de violet, de vert, d&rsquo;orange et de bleu, cr\u00e9ant un aspect joyeux et unique. Id\u00e9al comme souvenir ou objet d\u00e9coratif, il capture l&rsquo;essence de l&rsquo;art populaire espagnol.   <\/p>\n","protected":false},"featured_media":11040,"template":"","meta":{"_acf_changed":false},"product_brand":[],"product_cat":[540],"product_tag":[530],"class_list":{"0":"post-24231","1":"product","2":"type-product","3":"status-publish","4":"has-post-thumbnail","6":"product_cat-chiffres","7":"product_tag-animaux","8":"pa_motivo-chats","10":"first","11":"instock","12":"shipping-taxable","13":"product-type-simple"},"acf":[],"_links":{"self":[{"href":"https:\/\/olemosaic.com\/fr\/wp-json\/wp\/v2\/product\/24231","targetHints":{"allow":["GET"]}}],"collection":[{"href":"https:\/\/olemosaic.com\/fr\/wp-json\/wp\/v2\/product"}],"about":[{"href":"https:\/\/olemosaic.com\/fr\/wp-json\/wp\/v2\/types\/product"}],"wp:featuredmedia":[{"embeddable":true,"href":"https:\/\/olemosaic.com\/fr\/wp-json\/wp\/v2\/media\/11040"}],"wp:attachment":[{"href":"https:\/\/olemosaic.com\/fr\/wp-json\/wp\/v2\/media?parent=24231"}],"wp:term":[{"taxonomy":"product_brand","embeddable":true,"href":"https:\/\/olemosaic.com\/fr\/wp-json\/wp\/v2\/product_brand?post=24231"},{"taxonomy":"product_cat","embeddable":true,"href":"https:\/\/olemosaic.com\/fr\/wp-json\/wp\/v2\/product_cat?post=24231"},{"taxonomy":"product_tag","embeddable":true,"href":"https:\/\/olemosaic.com\/fr\/wp-json\/wp\/v2\/product_tag?post=24231"}],"curies":[{"name":"wp","href":"https:\/\/api.w.org\/{rel}","templated":true}]}}