{"id":24222,"date":"2025-02-20T23:31:59","date_gmt":"2025-02-20T22:31:59","guid":{"rendered":"https:\/\/olemosaic.com\/producto\/aimant-en-ceramique-salamandre-et-fleurs-gaudi-barcelone-blanc\/"},"modified":"2025-11-21T13:21:58","modified_gmt":"2025-11-21T12:21:58","slug":"aimant-en-ceramique-salamandre-et-fleurs-gaudi-barcelone-blanc","status":"publish","type":"product","link":"https:\/\/olemosaic.com\/fr\/produit\/aimant-en-ceramique-salamandre-et-fleurs-gaudi-barcelone-blanc\/","title":{"rendered":"Aimant en c\u00e9ramique. Salamandre et fleurs. Gaud\u00ed. Barcelone. Blanc."},"content":{"rendered":"<p>Cet aimant en c\u00e9ramique, d\u00e9cor\u00e9 d&rsquo;une salamandre color\u00e9e et de fleurs, est un charmant souvenir de Barcelone, con\u00e7u pour capturer l&rsquo;essence vibrante de cette ville embl\u00e9matique. Sa surface blanche sert de toile \u00e0 une mosa\u00efque de couleurs vives, avec des nuances frappantes de vert, de bleu, de rouge et de jaune, qui \u00e9voquent le riche patrimoine artistique du modernisme catalan. La salamandre, symbole de la cr\u00e9ativit\u00e9 barcelonaise et souvent associ\u00e9e \u00e0 l&rsquo;\u0153uvre d&rsquo;Antoni Gaud\u00ed, est \u00e9l\u00e9gamment illustr\u00e9e au centre, entour\u00e9e de fleurs color\u00e9es qui apportent un air de fra\u00eecheur et de gaiet\u00e9.  <\/p>\n<p>Le mot \u00ab\u00a0Barcelona\u00a0\u00bb est grav\u00e9 en bas en typographie simple, ajoutant une touche distinctive qui souligne l&rsquo;authenticit\u00e9 de cet aimant. Cet objet n&rsquo;est pas seulement un accessoire d\u00e9coratif pour la maison, mais aussi un souvenir significatif qui relie les touristes \u00e0 la riche culture de la ville, ce qui en fait un excellent choix pour les collectionneurs et les amoureux de Barcelone. Chez Ol\u00e9 Mosaic, nous sommes sp\u00e9cialis\u00e9s dans la distribution en gros de souvenirs, offrant des produits uniques qui refl\u00e8tent l&rsquo;identit\u00e9 culturelle de chaque r\u00e9gion. Cet aimant en c\u00e9ramique est un choix id\u00e9al pour les boutiques de cadeaux touristiques qui souhaitent ajouter une touche authentique et artistique \u00e0 leur offre de souvenirs de Barcelone.   <\/p>\n","protected":false},"excerpt":{"rendered":"<p>Aimant en c\u00e9ramique d\u00e9cor\u00e9 d&rsquo;une salamandre color\u00e9e et de fleurs, inspir\u00e9 par la culture vibrante de Barcelone. Cet aimant pr\u00e9sente un motif en mosa\u00efque sur fond blanc, mettant en valeur des d\u00e9tails dans des tons vifs de vert et de bleu, \u00e9voquant l&rsquo;essence artistique de la ville. Le mot \u00ab\u00a0Barcelona\u00a0\u00bb est grav\u00e9 en typographie simple, ajoutant une touche distinctive \u00e0 ce charmant souvenir. Id\u00e9al pour les collectionneurs et les amoureux de la ville.   <\/p>\n","protected":false},"featured_media":8092,"template":"","meta":{"_acf_changed":false},"product_brand":[],"product_cat":[697],"product_tag":[530,585],"class_list":{"0":"post-24222","1":"product","2":"type-product","3":"status-publish","4":"has-post-thumbnail","6":"product_cat-aimants","7":"product_tag-animaux","8":"product_tag-ceramique","9":"pa_ciudad-barcelona","10":"pa_motivo-salamandres","11":"pa_pais-espana","13":"first","14":"instock","15":"shipping-taxable","16":"product-type-simple"},"acf":[],"_links":{"self":[{"href":"https:\/\/olemosaic.com\/fr\/wp-json\/wp\/v2\/product\/24222","targetHints":{"allow":["GET"]}}],"collection":[{"href":"https:\/\/olemosaic.com\/fr\/wp-json\/wp\/v2\/product"}],"about":[{"href":"https:\/\/olemosaic.com\/fr\/wp-json\/wp\/v2\/types\/product"}],"wp:featuredmedia":[{"embeddable":true,"href":"https:\/\/olemosaic.com\/fr\/wp-json\/wp\/v2\/media\/8092"}],"wp:attachment":[{"href":"https:\/\/olemosaic.com\/fr\/wp-json\/wp\/v2\/media?parent=24222"}],"wp:term":[{"taxonomy":"product_brand","embeddable":true,"href":"https:\/\/olemosaic.com\/fr\/wp-json\/wp\/v2\/product_brand?post=24222"},{"taxonomy":"product_cat","embeddable":true,"href":"https:\/\/olemosaic.com\/fr\/wp-json\/wp\/v2\/product_cat?post=24222"},{"taxonomy":"product_tag","embeddable":true,"href":"https:\/\/olemosaic.com\/fr\/wp-json\/wp\/v2\/product_tag?post=24222"}],"curies":[{"name":"wp","href":"https:\/\/api.w.org\/{rel}","templated":true}]}}