{"id":24217,"date":"2025-02-20T23:31:59","date_gmt":"2025-02-20T22:31:59","guid":{"rendered":"https:\/\/olemosaic.com\/producto\/aimant-en-ceramique-salamandre-et-fleurs-blanc\/"},"modified":"2025-02-20T23:31:59","modified_gmt":"2025-02-20T22:31:59","slug":"aimant-en-ceramique-salamandre-et-fleurs-blanc","status":"publish","type":"product","link":"https:\/\/olemosaic.com\/fr\/produit\/aimant-en-ceramique-salamandre-et-fleurs-blanc\/","title":{"rendered":"Aimant en c\u00e9ramique. Salamandre et fleurs. Blanc."},"content":{"rendered":"<p>Cet aimant en c\u00e9ramique, d\u00e9cor\u00e9 d&rsquo;une joyeuse salamandre, est un v\u00e9ritable hommage au style color\u00e9 des mosa\u00efques du c\u00e9l\u00e8bre architecte Antoni Gaud\u00ed, symbole du modernisme catalan. Sur un fond blanc lumineux, l&rsquo;aimant pr\u00e9sente un motif peint \u00e0 la main qui se distingue par sa palette de couleurs vives, avec des tons jaunes, rouges et verts qui \u00e9voquent la vitalit\u00e9 et la cr\u00e9ativit\u00e9 de l&rsquo;architecture barcelonaise. La salamandre, motif r\u00e9current dans l&rsquo;\u0153uvre de Gaud\u00ed, symbolise le lien entre la nature et l&rsquo;art, tandis que les d\u00e9licats motifs floraux qui l&rsquo;accompagnent apportent une touche de fra\u00eecheur et d&rsquo;\u00e9l\u00e9gance.  <\/p>\n<p>Cet aimant n&rsquo;est pas seulement un accessoire d\u00e9coratif qui embellit n&rsquo;importe quelle surface m\u00e9tallique de votre maison, mais aussi un souvenir culturel repr\u00e9sentatif de Barcelone, id\u00e9al pour ceux qui veulent ramener chez eux un petit morceau de la riche histoire artistique de la ville. Chez Ol\u00e9 Mosaic, nous nous consacrons \u00e0 la distribution de souvenirs de qualit\u00e9, et cet aimant en c\u00e9ramique est un excellent choix pour les boutiques de cadeaux touristiques qui cherchent \u00e0 offrir des produits authentiques et significatifs. Sa pertinence culturelle et son design exquis en font un souvenir inoubliable, parfait pour ceux qui appr\u00e9cient l&rsquo;artisanat et l&rsquo;art dans leurs souvenirs de voyage. En tant que grossiste en souvenirs, nous garantissons que chaque pi\u00e8ce que nous proposons refl\u00e8te la riche tradition culturelle de l&rsquo;Espagne.   <\/p>\n","protected":false},"excerpt":{"rendered":"<p>Aimant en c\u00e9ramique d\u00e9cor\u00e9 d&rsquo;une joyeuse salamandre et de motifs floraux, \u00e9voquant le style mosa\u00efque color\u00e9 du c\u00e9l\u00e8bre architecte Antoni Gaud\u00ed. Cet aimant \u00e0 fond blanc pr\u00e9sente un motif artisanal peint \u00e0 la main qui combine des couleurs vives telles que le jaune, le rouge et le vert, \u00e9voquant l&rsquo;esprit cr\u00e9atif de l&rsquo;architecture moderniste de Barcelone. Id\u00e9al pour ajouter une touche artistique et culturelle \u00e0 toute surface m\u00e9tallique de votre maison.  <\/p>\n","protected":false},"featured_media":8371,"template":"","meta":{"_acf_changed":false},"product_brand":[],"product_cat":[697],"product_tag":[530,585],"class_list":{"0":"post-24217","1":"product","2":"type-product","3":"status-publish","4":"has-post-thumbnail","6":"product_cat-aimants","7":"product_tag-animaux","8":"product_tag-ceramique","9":"pa_motivo-salamandres","11":"first","12":"instock","13":"shipping-taxable","14":"product-type-simple"},"acf":[],"_links":{"self":[{"href":"https:\/\/olemosaic.com\/fr\/wp-json\/wp\/v2\/product\/24217","targetHints":{"allow":["GET"]}}],"collection":[{"href":"https:\/\/olemosaic.com\/fr\/wp-json\/wp\/v2\/product"}],"about":[{"href":"https:\/\/olemosaic.com\/fr\/wp-json\/wp\/v2\/types\/product"}],"wp:featuredmedia":[{"embeddable":true,"href":"https:\/\/olemosaic.com\/fr\/wp-json\/wp\/v2\/media\/8371"}],"wp:attachment":[{"href":"https:\/\/olemosaic.com\/fr\/wp-json\/wp\/v2\/media?parent=24217"}],"wp:term":[{"taxonomy":"product_brand","embeddable":true,"href":"https:\/\/olemosaic.com\/fr\/wp-json\/wp\/v2\/product_brand?post=24217"},{"taxonomy":"product_cat","embeddable":true,"href":"https:\/\/olemosaic.com\/fr\/wp-json\/wp\/v2\/product_cat?post=24217"},{"taxonomy":"product_tag","embeddable":true,"href":"https:\/\/olemosaic.com\/fr\/wp-json\/wp\/v2\/product_tag?post=24217"}],"curies":[{"name":"wp","href":"https:\/\/api.w.org\/{rel}","templated":true}]}}