{"id":24214,"date":"2025-02-20T23:31:50","date_gmt":"2025-02-20T22:31:50","guid":{"rendered":"https:\/\/olemosaic.com\/producto\/assiette-en-ceramique-de-10-cm-fleurs-blanc\/"},"modified":"2025-02-20T23:31:50","modified_gmt":"2025-02-20T22:31:50","slug":"assiette-en-ceramique-de-10-cm-fleurs-blanc","status":"publish","type":"product","link":"https:\/\/olemosaic.com\/fr\/produit\/assiette-en-ceramique-de-10-cm-fleurs-blanc\/","title":{"rendered":"Assiette en c\u00e9ramique de 10 cm. Fleurs. Blanc."},"content":{"rendered":"<p>Cette charmante assiette en c\u00e9ramique de 10 cm est un v\u00e9ritable bijou d\u00e9coratif qui capture l&rsquo;essence du folklore espagnol. Son motif floral vibrant, combinant des couleurs telles que le rouge, le jaune, le bleu et le vert, se d\u00e9tache sur un fond blanc, cr\u00e9ant un effet visuel captivant. Les d\u00e9tails complexes de la mosa\u00efque ajoutent non seulement une touche artistique, mais symbolisent \u00e9galement la riche tradition de l&rsquo;artisanat en Espagne. Cette assiette peinte \u00e0 la main repr\u00e9sente la joie et l&rsquo;esprit festif de la culture m\u00e9diterran\u00e9enne.   <\/p>\n<p>Id\u00e9ale pour un usage d\u00e9coratif ou pratique, cette assiette est un excellent souvenir qui \u00e9voque les paysages floraux typiques des r\u00e9gions espagnoles, c\u00e9l\u00e9brant l&rsquo;h\u00e9ritage culturel \u00e0 chaque utilisation. Parfaite pour \u00eatre expos\u00e9e dans n&rsquo;importe quelle maison, son design frappant et color\u00e9 constitue un merveilleux point de mire sur les tables, les \u00e9tag\u00e8res ou dans le cadre d&rsquo;une collection. Chez Ol\u00e9 Mosaic, nous sommes fiers d&rsquo;offrir des souvenirs authentiques en c\u00e9ramique qui mettent en valeur la diversit\u00e9 et l&rsquo;art de l&rsquo;Espagne. Cette assiette \u00e0 fleurs est un choix id\u00e9al pour les boutiques de cadeaux touristiques qui cherchent \u00e0 attirer les touristes int\u00e9ress\u00e9s par des produits authentiques et repr\u00e9sentatifs. En tant que distributeur de souvenirs en gros, nous vous garantissons la qualit\u00e9 et la valeur ajout\u00e9e d&rsquo;un souvenir culturel ind\u00e9l\u00e9bile.    <\/p>\n","protected":false},"excerpt":{"rendered":"<p>Assiette en c\u00e9ramique de 10 cm orn\u00e9e d&rsquo;un vibrant motif floral aux couleurs rouge, jaune, bleu et vert. Cette charmante assiette, d\u00e9cor\u00e9e d&rsquo;un motif mosa\u00efque complexe, pr\u00e9sente une base blanche qui met en valeur les motifs floraux. Elle est id\u00e9ale pour un usage d\u00e9coratif ou pratique dans n&rsquo;importe quelle maison. Avec sa finition artisanale peinte \u00e0 la main, elle capture l&rsquo;essence joyeuse du folklore espagnol, ce qui en fait un excellent souvenir qui c\u00e9l\u00e8bre la tradition de l&rsquo;artisanat.  <\/p>\n","protected":false},"featured_media":9017,"template":"","meta":{"_acf_changed":false},"product_brand":[],"product_cat":[656],"product_tag":[585],"class_list":{"0":"post-24214","1":"product","2":"type-product","3":"status-publish","4":"has-post-thumbnail","6":"product_cat-assiettes-decoratives","7":"product_tag-ceramique","8":"pa_motivo-fleurs","10":"first","11":"instock","12":"shipping-taxable","13":"product-type-simple"},"acf":[],"_links":{"self":[{"href":"https:\/\/olemosaic.com\/fr\/wp-json\/wp\/v2\/product\/24214","targetHints":{"allow":["GET"]}}],"collection":[{"href":"https:\/\/olemosaic.com\/fr\/wp-json\/wp\/v2\/product"}],"about":[{"href":"https:\/\/olemosaic.com\/fr\/wp-json\/wp\/v2\/types\/product"}],"wp:featuredmedia":[{"embeddable":true,"href":"https:\/\/olemosaic.com\/fr\/wp-json\/wp\/v2\/media\/9017"}],"wp:attachment":[{"href":"https:\/\/olemosaic.com\/fr\/wp-json\/wp\/v2\/media?parent=24214"}],"wp:term":[{"taxonomy":"product_brand","embeddable":true,"href":"https:\/\/olemosaic.com\/fr\/wp-json\/wp\/v2\/product_brand?post=24214"},{"taxonomy":"product_cat","embeddable":true,"href":"https:\/\/olemosaic.com\/fr\/wp-json\/wp\/v2\/product_cat?post=24214"},{"taxonomy":"product_tag","embeddable":true,"href":"https:\/\/olemosaic.com\/fr\/wp-json\/wp\/v2\/product_tag?post=24214"}],"curies":[{"name":"wp","href":"https:\/\/api.w.org\/{rel}","templated":true}]}}