{"id":24207,"date":"2025-02-20T23:31:50","date_gmt":"2025-02-20T22:31:50","guid":{"rendered":"https:\/\/olemosaic.com\/producto\/plaque-en-ceramique-de-10-cm-panoramique-barcelone-beige\/"},"modified":"2025-02-20T23:31:50","modified_gmt":"2025-02-20T22:31:50","slug":"plaque-en-ceramique-de-10-cm-panoramique-barcelone-beige","status":"publish","type":"product","link":"https:\/\/olemosaic.com\/fr\/produit\/plaque-en-ceramique-de-10-cm-panoramique-barcelone-beige\/","title":{"rendered":"Plaque en c\u00e9ramique de 10 cm. Panoramique. Barcelone. Beige."},"content":{"rendered":"<p>Cette charmante assiette en c\u00e9ramique de 10 cm est un hommage vibrant \u00e0 la belle ville de Barcelone. Avec un fond beige et un bord rouge qui ajoute une touche attrayante, elle pr\u00e9sente un panorama color\u00e9 inspir\u00e9 par l&rsquo;architecture moderniste qui caract\u00e9rise la ville. L&rsquo;un des \u00e9l\u00e9ments les plus marquants est l&#8217;embl\u00e9matique Sagrada Familia, captur\u00e9e dans un design qui \u00e9voque l&rsquo;essence artistique de Gaud\u00ed. Chaque d\u00e9tail a \u00e9t\u00e9 peint \u00e0 la main, ce qui fait que chaque pi\u00e8ce est unique. Les mosa\u00efques lumineuses et les motifs locaux typiques refl\u00e8tent la richesse culturelle et visuelle de Barcelone, faisant de cette assiette non seulement un objet d\u00e9coratif, mais aussi un souvenir authentique qui raconte l&rsquo;histoire et l&rsquo;esprit vibrant de la ville.    <\/p>\n<p>Parfaite pour \u00eatre expos\u00e9e dans une maison ou pour \u00eatre collectionn\u00e9e, cette assiette en c\u00e9ramique est un excellent choix pour les touristes \u00e0 la recherche d&rsquo;un souvenir repr\u00e9sentatif de leur visite. Chez Ol\u00e9 Mosaic, nous sommes fiers d&rsquo;offrir des souvenirs de Barcelone qui se distinguent par leur authenticit\u00e9 et leur qualit\u00e9. Cette assiette est le souvenir id\u00e9al qui combine fonctionnalit\u00e9 et valeur culturelle significative, parfait pour les boutiques de cadeaux touristiques qui souhaitent offrir \u00e0 leurs clients une repr\u00e9sentation fid\u00e8le de la beaut\u00e9 de Barcelone. En tant que grossiste en c\u00e9ramique, nous vous assurons la meilleure s\u00e9lection de produits artisanaux qui capturent l&rsquo;essence de cette magnifique ville.   <\/p>\n","protected":false},"excerpt":{"rendered":"<p>Assiette en c\u00e9ramique de 10 cm repr\u00e9sentant un panorama vibrant de Barcelone. Cette charmante assiette, de couleur beige avec un bord rouge, pr\u00e9sente un design color\u00e9 inspir\u00e9 par l&rsquo;architecture moderniste de la ville, avec des d\u00e9tails embl\u00e9matiques tels que la Sagrada Familia. Peinte dans un style artisanal, elle pr\u00e9sente des \u00e9l\u00e9ments d\u00e9coratifs tels que des mosa\u00efques et des motifs locaux typiques, capturant l&rsquo;essence vibrante de Barcelone dans un format attrayant et fonctionnel. Parfait pour la d\u00e9coration ou comme souvenir.   <\/p>\n","protected":false},"featured_media":7756,"template":"","meta":{"_acf_changed":false},"product_brand":[],"product_cat":[656],"product_tag":[585],"class_list":{"0":"post-24207","1":"product","2":"type-product","3":"status-publish","4":"has-post-thumbnail","6":"product_cat-assiettes-decoratives","7":"product_tag-ceramique","8":"pa_ciudad-barcelona","9":"pa_motivo-panoramas","10":"pa_pais-espana","12":"first","13":"instock","14":"shipping-taxable","15":"product-type-simple"},"acf":[],"_links":{"self":[{"href":"https:\/\/olemosaic.com\/fr\/wp-json\/wp\/v2\/product\/24207","targetHints":{"allow":["GET"]}}],"collection":[{"href":"https:\/\/olemosaic.com\/fr\/wp-json\/wp\/v2\/product"}],"about":[{"href":"https:\/\/olemosaic.com\/fr\/wp-json\/wp\/v2\/types\/product"}],"wp:featuredmedia":[{"embeddable":true,"href":"https:\/\/olemosaic.com\/fr\/wp-json\/wp\/v2\/media\/7756"}],"wp:attachment":[{"href":"https:\/\/olemosaic.com\/fr\/wp-json\/wp\/v2\/media?parent=24207"}],"wp:term":[{"taxonomy":"product_brand","embeddable":true,"href":"https:\/\/olemosaic.com\/fr\/wp-json\/wp\/v2\/product_brand?post=24207"},{"taxonomy":"product_cat","embeddable":true,"href":"https:\/\/olemosaic.com\/fr\/wp-json\/wp\/v2\/product_cat?post=24207"},{"taxonomy":"product_tag","embeddable":true,"href":"https:\/\/olemosaic.com\/fr\/wp-json\/wp\/v2\/product_tag?post=24207"}],"curies":[{"name":"wp","href":"https:\/\/api.w.org\/{rel}","templated":true}]}}