{"id":24204,"date":"2025-02-20T22:31:53","date_gmt":"2025-02-20T22:31:53","guid":{"rendered":"https:\/\/olemosaic.com\/producto\/taureau-figurine-en-ceramique-de-32-cm-rouge-emaillee\/"},"modified":"2025-11-21T13:21:25","modified_gmt":"2025-11-21T12:21:25","slug":"taureau-figurine-en-ceramique-de-32-cm-rouge-emaillee","status":"publish","type":"product","link":"https:\/\/olemosaic.com\/fr\/produit\/taureau-figurine-en-ceramique-de-32-cm-rouge-emaillee\/","title":{"rendered":"Taureau. Figurine en c\u00e9ramique de 32 cm. Rouge. \u00c9maill\u00e9e."},"content":{"rendered":"<p>Ce spectaculaire taureau en c\u00e9ramique est un authentique symbole de la culture espagnole, avec un design vibrant et dynamique qui capture l&rsquo;essence du folklore espagnol. D&rsquo;une hauteur de 32 cm, le taureau pr\u00e9sente une finition rouge vif qui met en valeur son \u00e9nergie et son caract\u00e8re enjou\u00e9, un \u00e9l\u00e9ment distinctif qui se d\u00e9marquera dans n&rsquo;importe quel environnement. Son \u00e9mail lisse ajoute non seulement une touche d&rsquo;\u00e9l\u00e9gance, mais accentue \u00e9galement la texture et les d\u00e9tails stylis\u00e9s de la figurine, cr\u00e9ant ainsi une repr\u00e9sentation unique de la force et de la tradition que le taureau repr\u00e9sente dans la culture hispanique.  <\/p>\n<p>Ce taureau n&rsquo;est pas seulement un objet d\u00e9coratif, mais aussi un souvenir important de l&rsquo;Espagne, refl\u00e9tant la passion et l&rsquo;art qui caract\u00e9risent le pays. Sa repr\u00e9sentation \u00e9voque la c\u00e9l\u00e9bration populaire de la corrida, une tradition ancr\u00e9e dans l&rsquo;histoire culturelle de l&rsquo;Espagne. Parfait comme souvenir ou objet de collection, cet article Ol\u00e9 Mosaic est id\u00e9al pour les touristes et les amateurs de culture \u00e0 la recherche d&rsquo;une repr\u00e9sentation authentique et belle du patrimoine espagnol.  <\/p>\n<p>En tant que grossiste en souvenirs, nous garantissons que chaque pi\u00e8ce de notre collection, comme cet imposant taureau, se distingue par son authenticit\u00e9 et sa qualit\u00e9, ce qui en fait un excellent choix pour les boutiques de cadeaux touristiques qui souhaitent offrir des souvenirs significatifs \u00e0 leurs clients.<\/p>\n","protected":false},"excerpt":{"rendered":"<p>Figurine en c\u00e9ramique d&rsquo;un taureau de 32 cm, avec une finition rouge vibrante et une gla\u00e7ure lisse qui met en valeur son design. Ce symbole embl\u00e9matique de la culture espagnole repr\u00e9sente la force et la tradition, et constitue un \u00e9l\u00e9ment distinctif du folklore espagnol. La figurine pr\u00e9sente des d\u00e9tails stylis\u00e9s qui accentuent sa forme dynamique, ce qui en fait un objet d\u00e9coratif id\u00e9al pour tout type d&rsquo;environnement. Parfait comme souvenir ou comme objet de collection.   <\/p>\n","protected":false},"featured_media":7445,"template":"","meta":{"_acf_changed":false},"product_brand":[],"product_cat":[540],"product_tag":[530,585],"class_list":{"0":"post-24204","1":"product","2":"type-product","3":"status-publish","4":"has-post-thumbnail","6":"product_cat-chiffres","7":"product_tag-animaux","8":"product_tag-ceramique","9":"pa_motivo-taureaux","11":"first","12":"instock","13":"shipping-taxable","14":"product-type-simple"},"acf":[],"_links":{"self":[{"href":"https:\/\/olemosaic.com\/fr\/wp-json\/wp\/v2\/product\/24204","targetHints":{"allow":["GET"]}}],"collection":[{"href":"https:\/\/olemosaic.com\/fr\/wp-json\/wp\/v2\/product"}],"about":[{"href":"https:\/\/olemosaic.com\/fr\/wp-json\/wp\/v2\/types\/product"}],"wp:featuredmedia":[{"embeddable":true,"href":"https:\/\/olemosaic.com\/fr\/wp-json\/wp\/v2\/media\/7445"}],"wp:attachment":[{"href":"https:\/\/olemosaic.com\/fr\/wp-json\/wp\/v2\/media?parent=24204"}],"wp:term":[{"taxonomy":"product_brand","embeddable":true,"href":"https:\/\/olemosaic.com\/fr\/wp-json\/wp\/v2\/product_brand?post=24204"},{"taxonomy":"product_cat","embeddable":true,"href":"https:\/\/olemosaic.com\/fr\/wp-json\/wp\/v2\/product_cat?post=24204"},{"taxonomy":"product_tag","embeddable":true,"href":"https:\/\/olemosaic.com\/fr\/wp-json\/wp\/v2\/product_tag?post=24204"}],"curies":[{"name":"wp","href":"https:\/\/api.w.org\/{rel}","templated":true}]}}