{"id":24198,"date":"2025-02-20T23:31:53","date_gmt":"2025-02-20T22:31:53","guid":{"rendered":"https:\/\/olemosaic.com\/producto\/bol-de-noix-de-coco-bleu-salamandre-minorque\/"},"modified":"2025-02-20T23:31:53","modified_gmt":"2025-02-20T22:31:53","slug":"bol-de-noix-de-coco-bleu-salamandre-minorque","status":"publish","type":"product","link":"https:\/\/olemosaic.com\/fr\/produit\/bol-de-noix-de-coco-bleu-salamandre-minorque\/","title":{"rendered":"Bol de noix de coco bleu. Salamandre. Minorque."},"content":{"rendered":"<p>Ce bol en noix de coco bleu unique, d\u00e9cor\u00e9 d&rsquo;une charmante illustration d&rsquo;une salamandre, est un v\u00e9ritable reflet de la riche biodiversit\u00e9 de Minorque. Fabriqu\u00e9 \u00e0 partir de noix de coco, ce bol se distingue par son motif peint \u00e0 la main, qui pr\u00e9sente une palette vibrante de bleus en forme de gouttes, \u00e9voquant les eaux cristallines de la M\u00e9diterran\u00e9e et la beaut\u00e9 naturelle de l&rsquo;\u00eele. Au centre, la figure de la salamandre, repr\u00e9sent\u00e9e dans des tons bruns, cr\u00e9e un beau contraste qui attire le regard et ajoute une touche unique et artistique au bol.  <\/p>\n<p>Ce bol n&rsquo;est pas seulement une pi\u00e8ce d\u00e9corative, il est aussi pratique pour un usage quotidien, que ce soit dans la cuisine, comme centre de table ou comme objet qui donne du caract\u00e8re \u00e0 n&rsquo;importe quel espace. La salamandre, symbole de la faune de Minorque, relie le visiteur \u00e0 l&rsquo;essence naturelle du lieu et devient un souvenir pr\u00e9cieux qui raconte des histoires de l&rsquo;\u00eele. <\/p>\n<p>Chez Ol\u00e9 Mosaic, nous proposons des souvenirs authentiques de Minorque, et ce bol \u00e0 noix de coco bleu est un choix id\u00e9al pour les boutiques de cadeaux touristiques \u00e0 la recherche d&rsquo;articles originaux et culturellement repr\u00e9sentatifs. Parfait comme cadeau ou souvenir, il met en valeur l&rsquo;artisanat local et se positionne comme un souvenir unique qui allie fonctionnalit\u00e9 et esth\u00e9tique. <\/p>\n","protected":false},"excerpt":{"rendered":"<p>Bol en noix de coco bleu d\u00e9cor\u00e9 d&rsquo;une charmante illustration de salamandre, repr\u00e9sentant la richesse naturelle de Minorque. Ce bol original, en noix de coco, pr\u00e9sente un motif artisanal peint \u00e0 la main, qui se distingue par ses tons bleus en forme de gouttes, cr\u00e9ant un beau contraste avec la salamandre dans les tons bruns. Id\u00e9al comme objet d\u00e9coratif ou pour un usage quotidien, il \u00e9voque l&rsquo;essence de la M\u00e9diterran\u00e9e.  <\/p>\n","protected":false},"featured_media":11901,"template":"","meta":{"_acf_changed":false},"product_brand":[],"product_cat":[521],"product_tag":[530],"class_list":{"0":"post-24198","1":"product","2":"type-product","3":"status-publish","4":"has-post-thumbnail","6":"product_cat-bols","7":"product_tag-animaux","8":"pa_ciudad-menorca","9":"pa_motivo-salamandres","10":"pa_pais-espana","12":"first","13":"instock","14":"shipping-taxable","15":"product-type-simple"},"acf":[],"_links":{"self":[{"href":"https:\/\/olemosaic.com\/fr\/wp-json\/wp\/v2\/product\/24198","targetHints":{"allow":["GET"]}}],"collection":[{"href":"https:\/\/olemosaic.com\/fr\/wp-json\/wp\/v2\/product"}],"about":[{"href":"https:\/\/olemosaic.com\/fr\/wp-json\/wp\/v2\/types\/product"}],"wp:featuredmedia":[{"embeddable":true,"href":"https:\/\/olemosaic.com\/fr\/wp-json\/wp\/v2\/media\/11901"}],"wp:attachment":[{"href":"https:\/\/olemosaic.com\/fr\/wp-json\/wp\/v2\/media?parent=24198"}],"wp:term":[{"taxonomy":"product_brand","embeddable":true,"href":"https:\/\/olemosaic.com\/fr\/wp-json\/wp\/v2\/product_brand?post=24198"},{"taxonomy":"product_cat","embeddable":true,"href":"https:\/\/olemosaic.com\/fr\/wp-json\/wp\/v2\/product_cat?post=24198"},{"taxonomy":"product_tag","embeddable":true,"href":"https:\/\/olemosaic.com\/fr\/wp-json\/wp\/v2\/product_tag?post=24198"}],"curies":[{"name":"wp","href":"https:\/\/api.w.org\/{rel}","templated":true}]}}