{"id":24179,"date":"2025-02-20T23:31:59","date_gmt":"2025-02-20T22:31:59","guid":{"rendered":"https:\/\/olemosaic.com\/producto\/aimant-en-ceramique-cour-andalouse-seville-fond-blanc\/"},"modified":"2025-11-21T13:21:11","modified_gmt":"2025-11-21T12:21:11","slug":"aimant-en-ceramique-cour-andalouse-seville-fond-blanc","status":"publish","type":"product","link":"https:\/\/olemosaic.com\/fr\/produit\/aimant-en-ceramique-cour-andalouse-seville-fond-blanc\/","title":{"rendered":"Aimant en c\u00e9ramique. Cour andalouse. S\u00e9ville. Fond blanc."},"content":{"rendered":"<p>Cet aimant d\u00e9coratif en c\u00e9ramique est un souvenir attrayant qui capture l&rsquo;essence vibrante du c\u00e9l\u00e8bre quartier de S\u00e9ville. Con\u00e7u dans un style color\u00e9 et dynamique, il repr\u00e9sente une danseuse v\u00eatue d&rsquo;une robe rouge \u00e0 pois, qui rayonne l&rsquo;\u00e9nergie de l&rsquo;art flamenco, accompagn\u00e9e d&rsquo;un homme coiff\u00e9 d&rsquo;un sombrero, tous deux en pleine c\u00e9l\u00e9bration dans une cour andalouse pittoresque. Les d\u00e9tails artisanaux de la c\u00e9ramique sont \u00e9vidents dans la repr\u00e9sentation des d\u00e9corations florales en pot qui entourent le couple, tandis que le fond blanc fait ressortir les tons vifs de rouge et de vert de la d\u00e9coration, cr\u00e9ant un effet visuel charmant et attrayant.  <\/p>\n<p>Cet aimant n&rsquo;est pas seulement un accessoire fonctionnel pour la maison, mais aussi un morceau de culture andalouse qui \u00e9voque la c\u00e9l\u00e8bre Feria de Abril et l&rsquo;esprit festif de S\u00e9ville. Le texte \u00e9l\u00e9gant et distinctif \u00ab\u00a0Sevilla\u00a0\u00bb ajoute une touche finale qui fait de cet aimant un souvenir parfait pour ceux qui veulent ramener chez eux un morceau de la tradition espagnole. Chez Ol\u00e9 Mosaic, nous sommes fiers d&rsquo;offrir des souvenirs authentiques qui refl\u00e8tent le riche patrimoine culturel de l&rsquo;Espagne. Cet aimant en c\u00e9ramique est un excellent choix pour les boutiques de cadeaux touristiques qui recherchent des produits significatifs et attrayants pour leurs clients. En tant que grossiste en souvenirs, nous garantissons la qualit\u00e9 et l&rsquo;authenticit\u00e9 de chaque pi\u00e8ce, ce qui en fait un ajout indispensable \u00e0 toute collection.    <\/p>\n","protected":false},"excerpt":{"rendered":"<p>Aimant d\u00e9coratif en c\u00e9ramique qui capture l&rsquo;essence du quartier anim\u00e9 de S\u00e9ville. Ce joli magnet repr\u00e9sente une danseuse v\u00eatue d&rsquo;une robe rouge \u00e0 pois, accompagn\u00e9e d&rsquo;un homme coiff\u00e9 d&rsquo;un chapeau, dans une cour andalouse color\u00e9e, orn\u00e9e de fleurs en pot. La base blanche met en valeur les tons rouges et verts \u00e9clatants, tandis que le texte \u00ab\u00a0Sevilla\u00a0\u00bb ajoute une touche distinctive, offrant une repr\u00e9sentation charmante de la culture flamenco de la r\u00e9gion.  <\/p>\n","protected":false},"featured_media":8334,"template":"","meta":{"_acf_changed":false},"product_brand":[],"product_cat":[697],"product_tag":[585],"class_list":{"0":"post-24179","1":"product","2":"type-product","3":"status-publish","4":"has-post-thumbnail","6":"product_cat-aimants","7":"product_tag-ceramique","8":"pa_ciudad-sevilla","9":"pa_motivo-cours-interieures","10":"pa_pais-espana","12":"first","13":"instock","14":"shipping-taxable","15":"product-type-simple"},"acf":[],"_links":{"self":[{"href":"https:\/\/olemosaic.com\/fr\/wp-json\/wp\/v2\/product\/24179","targetHints":{"allow":["GET"]}}],"collection":[{"href":"https:\/\/olemosaic.com\/fr\/wp-json\/wp\/v2\/product"}],"about":[{"href":"https:\/\/olemosaic.com\/fr\/wp-json\/wp\/v2\/types\/product"}],"wp:featuredmedia":[{"embeddable":true,"href":"https:\/\/olemosaic.com\/fr\/wp-json\/wp\/v2\/media\/8334"}],"wp:attachment":[{"href":"https:\/\/olemosaic.com\/fr\/wp-json\/wp\/v2\/media?parent=24179"}],"wp:term":[{"taxonomy":"product_brand","embeddable":true,"href":"https:\/\/olemosaic.com\/fr\/wp-json\/wp\/v2\/product_brand?post=24179"},{"taxonomy":"product_cat","embeddable":true,"href":"https:\/\/olemosaic.com\/fr\/wp-json\/wp\/v2\/product_cat?post=24179"},{"taxonomy":"product_tag","embeddable":true,"href":"https:\/\/olemosaic.com\/fr\/wp-json\/wp\/v2\/product_tag?post=24179"}],"curies":[{"name":"wp","href":"https:\/\/api.w.org\/{rel}","templated":true}]}}