{"id":24161,"date":"2025-02-20T23:32:00","date_gmt":"2025-02-20T22:32:00","guid":{"rendered":"https:\/\/olemosaic.com\/producto\/aimant-en-ceramique-fleurs-differentes-couleurs-blanc\/"},"modified":"2025-02-20T23:32:00","modified_gmt":"2025-02-20T22:32:00","slug":"aimant-en-ceramique-fleurs-differentes-couleurs-blanc","status":"publish","type":"product","link":"https:\/\/olemosaic.com\/fr\/produit\/aimant-en-ceramique-fleurs-differentes-couleurs-blanc\/","title":{"rendered":"Aimant en c\u00e9ramique. Fleurs. Diff\u00e9rentes couleurs. Blanc."},"content":{"rendered":"<p>Cet aimant d\u00e9coratif en c\u00e9ramique est une v\u00e9ritable \u0153uvre d&rsquo;art, inspir\u00e9e de la vibrante tradition espagnole de la mosa\u00efque. Il pr\u00e9sente un design captivant avec une base blanche qui met en valeur les fleurs color\u00e9es peintes \u00e0 la main dans des tons vifs de rouge, de jaune, de bleu et de noir, cr\u00e9ant un contraste visuel qui attire l&rsquo;attention. Sa forme unique, qui rappelle une petite palette, et le travail m\u00e9ticuleux de chaque p\u00e9tale et de chaque d\u00e9tail en font un objet non seulement fonctionnel, mais aussi esth\u00e9tiquement \u00e9poustouflant.  <\/p>\n<p>Id\u00e9al pour orner un r\u00e9frig\u00e9rateur ou une surface m\u00e9tallique, cet aimant apporte une touche de couleur et de joie \u00e0 votre int\u00e9rieur, tout en \u00e9voquant la riche culture et l&rsquo;art du folklore espagnol. Son authenticit\u00e9 en fait un souvenir parfait pour ceux qui souhaitent ramener un morceau de la tradition espagnole chez eux apr\u00e8s leur visite, ainsi qu&rsquo;un cadeau id\u00e9al pour les amis et la famille. Chez Ol\u00e9 Mosaic, nous nous consacrons \u00e0 la distribution de souvenirs en gros, et cet aimant en c\u00e9ramique se distingue par sa qualit\u00e9 et son lien culturel. Il s&rsquo;agit certainement d&rsquo;un excellent choix pour les boutiques de cadeaux touristiques qui souhaitent offrir des produits authentiques repr\u00e9sentatifs du patrimoine artisanal espagnol.   <\/p>\n","protected":false},"excerpt":{"rendered":"<p>Aimant d\u00e9coratif en c\u00e9ramique au motif floral vibrant, inspir\u00e9 de la tradition espagnole de la mosa\u00efque. La base blanche est rehauss\u00e9e de fleurs color\u00e9es dans les tons rouge, jaune, bleu et noir, cr\u00e9ant un contraste attrayant. Il s&rsquo;agit d&rsquo;un produit artisanal, peint \u00e0 la main, id\u00e9al pour ajouter une touche de couleur et de culture \u00e0 votre r\u00e9frig\u00e9rateur, en \u00e9voquant la beaut\u00e9 et l&rsquo;art du folklore espagnol. Parfait comme souvenir d&rsquo;une visite ou comme cadeau.   <\/p>\n","protected":false},"featured_media":9025,"template":"","meta":{"_acf_changed":false},"product_brand":[],"product_cat":[697],"product_tag":[585],"class_list":{"0":"post-24161","1":"product","2":"type-product","3":"status-publish","4":"has-post-thumbnail","6":"product_cat-aimants","7":"product_tag-ceramique","8":"pa_motivo-fleurs","10":"first","11":"instock","12":"shipping-taxable","13":"product-type-simple"},"acf":[],"_links":{"self":[{"href":"https:\/\/olemosaic.com\/fr\/wp-json\/wp\/v2\/product\/24161","targetHints":{"allow":["GET"]}}],"collection":[{"href":"https:\/\/olemosaic.com\/fr\/wp-json\/wp\/v2\/product"}],"about":[{"href":"https:\/\/olemosaic.com\/fr\/wp-json\/wp\/v2\/types\/product"}],"wp:featuredmedia":[{"embeddable":true,"href":"https:\/\/olemosaic.com\/fr\/wp-json\/wp\/v2\/media\/9025"}],"wp:attachment":[{"href":"https:\/\/olemosaic.com\/fr\/wp-json\/wp\/v2\/media?parent=24161"}],"wp:term":[{"taxonomy":"product_brand","embeddable":true,"href":"https:\/\/olemosaic.com\/fr\/wp-json\/wp\/v2\/product_brand?post=24161"},{"taxonomy":"product_cat","embeddable":true,"href":"https:\/\/olemosaic.com\/fr\/wp-json\/wp\/v2\/product_cat?post=24161"},{"taxonomy":"product_tag","embeddable":true,"href":"https:\/\/olemosaic.com\/fr\/wp-json\/wp\/v2\/product_tag?post=24161"}],"curies":[{"name":"wp","href":"https:\/\/api.w.org\/{rel}","templated":true}]}}