{"id":24155,"date":"2025-02-20T23:31:59","date_gmt":"2025-02-20T22:31:59","guid":{"rendered":"https:\/\/olemosaic.com\/producto\/aimant-en-ceramique-bulles-motifs-floraux-blanc\/"},"modified":"2025-02-20T23:31:59","modified_gmt":"2025-02-20T22:31:59","slug":"aimant-en-ceramique-bulles-motifs-floraux-blanc","status":"publish","type":"product","link":"https:\/\/olemosaic.com\/fr\/produit\/aimant-en-ceramique-bulles-motifs-floraux-blanc\/","title":{"rendered":"Aimant en c\u00e9ramique. Bulles. Motifs floraux. Blanc."},"content":{"rendered":"<p>Cet aimant d\u00e9coratif en c\u00e9ramique avec un motif de taureau est un v\u00e9ritable reflet de l&rsquo;essence culturelle de l&rsquo;Espagne. Avec un taureau stylis\u00e9 au centre, il se distingue par son illustration color\u00e9e, combinant des \u00e9l\u00e9ments floraux et un soleil radieux, le tout sur un fond blanc qui rehausse chaque d\u00e9tail. Les c\u00e9ramiques peintes \u00e0 la main utilisent des formes g\u00e9om\u00e9triques et une palette de couleurs vives, offrant une repr\u00e9sentation moderne et artistique du symbolisme de la tauromachie si profond\u00e9ment ancr\u00e9 dans la tradition espagnole.  <\/p>\n<p>Les couleurs vives du taureau, qui fusionnent des nuances de rouge, de vert, de bleu et de jaune, attirent non seulement le regard, mais \u00e9voquent \u00e9galement la passion et le dynamisme de la culture espagnole. Autour du taureau, des fleurs ajoutent une touche de fra\u00eecheur et de joie, symbolisant le lien avec la terre et les traditions. Cet aimant n&rsquo;est pas seulement un objet d\u00e9coratif attrayant, mais aussi un souvenir authentique qui c\u00e9l\u00e8bre la richesse culturelle de l&rsquo;Espagne.  <\/p>\n<p>Parfait pour les touristes et les amoureux du folklore espagnol, cet aimant en c\u00e9ramique est un excellent choix pour ceux qui recherchent des souvenirs authentiques et repr\u00e9sentatifs de leurs voyages. Chez Ol\u00e9 Mosaic, en tant que grossistes en souvenirs, nous vous proposons cet aimant tauromachique en gros, id\u00e9al pour les boutiques de cadeaux touristiques souhaitant proposer des produits authentiques et culturels. <\/p>\n","protected":false},"excerpt":{"rendered":"<p>Aimant d\u00e9coratif en c\u00e9ramique avec un motif de taureau vibrant, parfait pour nous rappeler l&rsquo;essence culturelle de l&rsquo;Espagne. Cet aimant repr\u00e9sente un taureau stylis\u00e9, entour\u00e9 d&rsquo;\u00e9l\u00e9ments floraux color\u00e9s et d&rsquo;un soleil radieux, le tout sur un fond blanc qui en rehausse l&rsquo;\u00e9clat. Peint dans un style artisanal, l&rsquo;utilisation de formes g\u00e9om\u00e9triques et d&rsquo;une palette de couleurs vives offre une repr\u00e9sentation moderne et artistique du symbolisme de la tauromachie. Un souvenir id\u00e9al pour les amoureux de la tradition espagnole.   <\/p>\n","protected":false},"featured_media":8546,"template":"","meta":{"_acf_changed":false},"product_brand":[],"product_cat":[697],"product_tag":[530,585],"class_list":{"0":"post-24155","1":"product","2":"type-product","3":"status-publish","4":"has-post-thumbnail","6":"product_cat-aimants","7":"product_tag-animaux","8":"product_tag-ceramique","9":"pa_motivo-taureaux","11":"first","12":"instock","13":"shipping-taxable","14":"product-type-simple"},"acf":[],"_links":{"self":[{"href":"https:\/\/olemosaic.com\/fr\/wp-json\/wp\/v2\/product\/24155","targetHints":{"allow":["GET"]}}],"collection":[{"href":"https:\/\/olemosaic.com\/fr\/wp-json\/wp\/v2\/product"}],"about":[{"href":"https:\/\/olemosaic.com\/fr\/wp-json\/wp\/v2\/types\/product"}],"wp:featuredmedia":[{"embeddable":true,"href":"https:\/\/olemosaic.com\/fr\/wp-json\/wp\/v2\/media\/8546"}],"wp:attachment":[{"href":"https:\/\/olemosaic.com\/fr\/wp-json\/wp\/v2\/media?parent=24155"}],"wp:term":[{"taxonomy":"product_brand","embeddable":true,"href":"https:\/\/olemosaic.com\/fr\/wp-json\/wp\/v2\/product_brand?post=24155"},{"taxonomy":"product_cat","embeddable":true,"href":"https:\/\/olemosaic.com\/fr\/wp-json\/wp\/v2\/product_cat?post=24155"},{"taxonomy":"product_tag","embeddable":true,"href":"https:\/\/olemosaic.com\/fr\/wp-json\/wp\/v2\/product_tag?post=24155"}],"curies":[{"name":"wp","href":"https:\/\/api.w.org\/{rel}","templated":true}]}}