{"id":24144,"date":"2025-02-20T23:31:56","date_gmt":"2025-02-20T22:31:56","guid":{"rendered":"https:\/\/olemosaic.com\/producto\/aimant-en-ceramique-patio-flamenco-blanc\/"},"modified":"2025-11-21T13:20:52","modified_gmt":"2025-11-21T12:20:52","slug":"aimant-en-ceramique-patio-flamenco-blanc","status":"publish","type":"product","link":"https:\/\/olemosaic.com\/fr\/produit\/aimant-en-ceramique-patio-flamenco-blanc\/","title":{"rendered":"Aimant en c\u00e9ramique. Patio. Flamenco. Blanc."},"content":{"rendered":"<p>Cet aimant en c\u00e9ramique, avec son motif de cour andalouse, est le souvenir id\u00e9al pour capturer l&rsquo;essence du folklore espagnol. L&rsquo;illustration repr\u00e9sente deux danseurs de flamenco en pleine danse, elle dans une captivante robe rouge \u00e0 pois et lui dans un \u00e9l\u00e9gant sombrero, \u00e9voquant la joie et le mouvement du flamenco. Les couleurs vives des c\u00e9ramiques contrastent parfaitement avec le fond blanc, qui met en valeur chaque d\u00e9tail peint \u00e0 la main et ajoute une touche de luminosit\u00e9. Le dessin comprend le mot \u00ab\u00a0Espagne\u00a0\u00bb, renfor\u00e7ant ainsi son identit\u00e9 culturelle.   <\/p>\n<p>Plus qu&rsquo;un simple objet d\u00e9coratif, cet aimant est une repr\u00e9sentation authentique de l&rsquo;esprit andalou, parfait pour vous rappeler vos visites dans les charmantes places et rues d&rsquo;Espagne. C&rsquo;est un excellent choix pour les touristes \u00e0 la recherche de souvenirs de qualit\u00e9 qui racontent une histoire, une manifestation tangible du riche patrimoine culturel de l&rsquo;Andalousie. Chez Ol\u00e9 Mosaic, distributeurs de souvenirs en gros, nous valorisons l&rsquo;authenticit\u00e9 et l&rsquo;art, en offrant des articles uniques tels que cet aimant, qui ravira n&rsquo;importe quelle boutique de cadeaux touristiques.  <\/p>\n","protected":false},"excerpt":{"rendered":"<p>Aimant en c\u00e9ramique orn\u00e9 d&rsquo;une cour andalouse aux couleurs vives. Ce charmant aimant pr\u00e9sente une illustration de deux danseurs de flamenco : elle dans une robe rouge \u00e0 pois et lui avec un sombrero, \u00e9voquant la joie du folklore espagnol. Les couleurs vives et le mot \u00ab\u00a0Spain\u00a0\u00bb compl\u00e8tent la sc\u00e8ne, et le fond blanc met en valeur les d\u00e9tails peints \u00e0 la main, faisant de cet aimant un parfait souvenir de la culture espagnole.  <\/p>\n","protected":false},"featured_media":8512,"template":"","meta":{"_acf_changed":false},"product_brand":[],"product_cat":[697],"product_tag":[585],"class_list":{"0":"post-24144","1":"product","2":"type-product","3":"status-publish","4":"has-post-thumbnail","6":"product_cat-aimants","7":"product_tag-ceramique","8":"pa_motivo-cours-interieures","10":"first","11":"instock","12":"shipping-taxable","13":"product-type-simple"},"acf":[],"_links":{"self":[{"href":"https:\/\/olemosaic.com\/fr\/wp-json\/wp\/v2\/product\/24144","targetHints":{"allow":["GET"]}}],"collection":[{"href":"https:\/\/olemosaic.com\/fr\/wp-json\/wp\/v2\/product"}],"about":[{"href":"https:\/\/olemosaic.com\/fr\/wp-json\/wp\/v2\/types\/product"}],"wp:featuredmedia":[{"embeddable":true,"href":"https:\/\/olemosaic.com\/fr\/wp-json\/wp\/v2\/media\/8512"}],"wp:attachment":[{"href":"https:\/\/olemosaic.com\/fr\/wp-json\/wp\/v2\/media?parent=24144"}],"wp:term":[{"taxonomy":"product_brand","embeddable":true,"href":"https:\/\/olemosaic.com\/fr\/wp-json\/wp\/v2\/product_brand?post=24144"},{"taxonomy":"product_cat","embeddable":true,"href":"https:\/\/olemosaic.com\/fr\/wp-json\/wp\/v2\/product_cat?post=24144"},{"taxonomy":"product_tag","embeddable":true,"href":"https:\/\/olemosaic.com\/fr\/wp-json\/wp\/v2\/product_tag?post=24144"}],"curies":[{"name":"wp","href":"https:\/\/api.w.org\/{rel}","templated":true}]}}