{"id":24141,"date":"2025-02-20T23:31:56","date_gmt":"2025-02-20T22:31:56","guid":{"rendered":"https:\/\/olemosaic.com\/producto\/aimant-en-ceramique-taureaux-mosaique-blanc\/"},"modified":"2025-11-21T13:20:26","modified_gmt":"2025-11-21T12:20:26","slug":"aimant-en-ceramique-taureaux-mosaique-blanc","status":"publish","type":"product","link":"https:\/\/olemosaic.com\/fr\/produit\/aimant-en-ceramique-taureaux-mosaique-blanc\/","title":{"rendered":"Aimant en c\u00e9ramique. Taureaux. Mosa\u00efque. Blanc."},"content":{"rendered":"<p>Cet aimant en c\u00e9ramique repr\u00e9sentant un taureau est un souvenir vibrant qui capture l&rsquo;essence de l&rsquo;Espagne dans ses moindres d\u00e9tails. Il pr\u00e9sente une spectaculaire explosion de couleurs qui met en valeur un taureau majestueux au centre, entour\u00e9 de fleurs et d&rsquo;un paysage qui \u00e9voque les traditions rurales du pays. Le fond blanc fait ressortir l&rsquo;intensit\u00e9 des couleurs et ajoute une touche d&rsquo;\u00e9l\u00e9gance, ce qui fait de cet aimant une pi\u00e8ce d\u00e9corative qui conf\u00e8re un aspect artistique \u00e0 tout r\u00e9frig\u00e9rateur ou \u00e0 toute surface m\u00e9tallique.  <\/p>\n<p>La repr\u00e9sentation du taureau, symbole embl\u00e9matique de la culture espagnole, rend hommage \u00e0 son importance dans la tauromachie et repr\u00e9sente la force et la fiert\u00e9 du peuple. Cet aimant est un excellent souvenir pour les touristes \u00e0 la recherche d&rsquo;un objet authentique qui incarne la tradition et le folklore de l&rsquo;Espagne. Chaque pi\u00e8ce est fabriqu\u00e9e en c\u00e9ramique de haute qualit\u00e9, ce qui garantit sa durabilit\u00e9 et sa solidit\u00e9. Il s&rsquo;agit donc d&rsquo;un choix id\u00e9al pour ceux qui souhaitent ramener chez eux un morceau de la culture espagnole.  <\/p>\n<p>Chez Ol\u00e9 Mosaic, nous sommes sp\u00e9cialis\u00e9s dans la distribution de souvenirs en gros, comme cet attrayant aimant de tauromachie, parfait pour les boutiques de cadeaux touristiques. Cet aimant en c\u00e9ramique est non seulement un excellent accessoire d\u00e9coratif, mais aussi un rappel unique de la beaut\u00e9 et de la diversit\u00e9 de la culture espagnole, ce qui en fait un produit indispensable pour tout \u00e9tablissement cherchant \u00e0 offrir des souvenirs authentiques. <\/p>\n","protected":false},"excerpt":{"rendered":"<p>Aimant en c\u00e9ramique avec un motif de taureau accrocheur, id\u00e9al pour se souvenir de l&rsquo;essence de l&rsquo;Espagne. Cet aimant pr\u00e9sente un m\u00e9lange de couleurs vives dans un motif en mosa\u00efque, avec un taureau au centre entour\u00e9 de fleurs et d&rsquo;un champ \u00e9voquant la tradition espagnole. La base blanche rehausse les couleurs et les d\u00e9tails du motif, ce qui fait de cet aimant un souvenir attrayant qui ajoute une touche artistique \u00e0 n&rsquo;importe quel r\u00e9frig\u00e9rateur ou surface m\u00e9tallique.  <\/p>\n","protected":false},"featured_media":8549,"template":"","meta":{"_acf_changed":false},"product_brand":[],"product_cat":[697],"product_tag":[530,585],"class_list":{"0":"post-24141","1":"product","2":"type-product","3":"status-publish","4":"has-post-thumbnail","6":"product_cat-aimants","7":"product_tag-animaux","8":"product_tag-ceramique","9":"pa_motivo-taureaux","11":"first","12":"instock","13":"shipping-taxable","14":"product-type-simple"},"acf":[],"_links":{"self":[{"href":"https:\/\/olemosaic.com\/fr\/wp-json\/wp\/v2\/product\/24141","targetHints":{"allow":["GET"]}}],"collection":[{"href":"https:\/\/olemosaic.com\/fr\/wp-json\/wp\/v2\/product"}],"about":[{"href":"https:\/\/olemosaic.com\/fr\/wp-json\/wp\/v2\/types\/product"}],"wp:featuredmedia":[{"embeddable":true,"href":"https:\/\/olemosaic.com\/fr\/wp-json\/wp\/v2\/media\/8549"}],"wp:attachment":[{"href":"https:\/\/olemosaic.com\/fr\/wp-json\/wp\/v2\/media?parent=24141"}],"wp:term":[{"taxonomy":"product_brand","embeddable":true,"href":"https:\/\/olemosaic.com\/fr\/wp-json\/wp\/v2\/product_brand?post=24141"},{"taxonomy":"product_cat","embeddable":true,"href":"https:\/\/olemosaic.com\/fr\/wp-json\/wp\/v2\/product_cat?post=24141"},{"taxonomy":"product_tag","embeddable":true,"href":"https:\/\/olemosaic.com\/fr\/wp-json\/wp\/v2\/product_tag?post=24141"}],"curies":[{"name":"wp","href":"https:\/\/api.w.org\/{rel}","templated":true}]}}