{"id":24135,"date":"2025-02-20T22:31:56","date_gmt":"2025-02-20T22:31:56","guid":{"rendered":"https:\/\/olemosaic.com\/producto\/aimant-en-ceramique-bulles-blanc\/"},"modified":"2025-02-20T22:31:56","modified_gmt":"2025-02-20T21:31:56","slug":"aimant-en-ceramique-bulles-blanc","status":"publish","type":"product","link":"https:\/\/olemosaic.com\/fr\/produit\/aimant-en-ceramique-bulles-blanc\/","title":{"rendered":"Aimant en c\u00e9ramique. Bulles. Blanc."},"content":{"rendered":"<p>Cet aimant en c\u00e9ramique repr\u00e9sentant un taureau est un souvenir espagnol distinctif qui capture l&rsquo;essence vibrante de la culture du pays. Fabriqu\u00e9 en c\u00e9ramique de haute qualit\u00e9, l&rsquo;aimant se distingue par son fond blanc, qui met en valeur les mosa\u00efques color\u00e9es dans les tons vert, rouge et bleu qui forment la figure du taureau, symbole de force et de tradition en Espagne. L&rsquo;inclusion de motifs floraux dans la partie inf\u00e9rieure ajoute une touche de joie et de fra\u00eecheur, rappelant la beaut\u00e9 des paysages espagnols. En haut, un soleil stylis\u00e9 dans les tons jaune et orange, entour\u00e9 du motif, souligne le caract\u00e8re chaleureux et accueillant du climat espagnol, fusionnant l&rsquo;art et la tradition dans un objet d\u00e9coratif unique.   <\/p>\n<p>Cet aimant n&rsquo;est pas seulement un souvenir de votre visite en Espagne, il repr\u00e9sente aussi l&rsquo;importance culturelle du taureau dans les festivit\u00e9s et le folklore locaux, \u00e9tant une ic\u00f4ne de la tauromachie et d&rsquo;autres c\u00e9l\u00e9brations. Chez Ol\u00e9 Mosaic, nous proposons des souvenirs de qualit\u00e9 qui refl\u00e8tent l&rsquo;authenticit\u00e9 de la culture espagnole, ce qui fait de cet aimant en c\u00e9ramique un excellent choix pour les boutiques de cadeaux touristiques. Id\u00e9al pour les touristes \u00e0 la recherche d&rsquo;un souvenir repr\u00e9sentatif et authentique, cet aimant en forme de taureau est une option qui s&rsquo;int\u00e9grera parfaitement dans n&rsquo;importe quel espace, apportant avec lui un petit morceau d&rsquo;Espagne.  <\/p>\n","protected":false},"excerpt":{"rendered":"<p>Aimant en c\u00e9ramique repr\u00e9sentant un taureau, symbole embl\u00e9matique de la culture espagnole. Fabriqu\u00e9 en c\u00e9ramique de haute qualit\u00e9, cet aimant se distingue par son fond blanc qui met en valeur les mosa\u00efques color\u00e9es dans les tons vert, rouge et bleu du taureau, orn\u00e9 de motifs floraux sur le devant. Au sommet, un soleil stylis\u00e9 dans les tons jaune et orange fusionne l&rsquo;art et la tradition en un seul objet d\u00e9coratif. Id\u00e9al pour \u00e9voquer l&rsquo;essence de l&rsquo;Espagne dans n&rsquo;importe quel espace.   <\/p>\n","protected":false},"featured_media":8548,"template":"","meta":{"_acf_changed":false},"product_brand":[],"product_cat":[697],"product_tag":[530,585],"class_list":{"0":"post-24135","1":"product","2":"type-product","3":"status-publish","4":"has-post-thumbnail","6":"product_cat-aimants","7":"product_tag-animaux","8":"product_tag-ceramique","9":"pa_motivo-taureaux","11":"first","12":"instock","13":"shipping-taxable","14":"product-type-simple"},"acf":[],"_links":{"self":[{"href":"https:\/\/olemosaic.com\/fr\/wp-json\/wp\/v2\/product\/24135","targetHints":{"allow":["GET"]}}],"collection":[{"href":"https:\/\/olemosaic.com\/fr\/wp-json\/wp\/v2\/product"}],"about":[{"href":"https:\/\/olemosaic.com\/fr\/wp-json\/wp\/v2\/types\/product"}],"wp:featuredmedia":[{"embeddable":true,"href":"https:\/\/olemosaic.com\/fr\/wp-json\/wp\/v2\/media\/8548"}],"wp:attachment":[{"href":"https:\/\/olemosaic.com\/fr\/wp-json\/wp\/v2\/media?parent=24135"}],"wp:term":[{"taxonomy":"product_brand","embeddable":true,"href":"https:\/\/olemosaic.com\/fr\/wp-json\/wp\/v2\/product_brand?post=24135"},{"taxonomy":"product_cat","embeddable":true,"href":"https:\/\/olemosaic.com\/fr\/wp-json\/wp\/v2\/product_cat?post=24135"},{"taxonomy":"product_tag","embeddable":true,"href":"https:\/\/olemosaic.com\/fr\/wp-json\/wp\/v2\/product_tag?post=24135"}],"curies":[{"name":"wp","href":"https:\/\/api.w.org\/{rel}","templated":true}]}}