{"id":24131,"date":"2025-02-20T23:31:55","date_gmt":"2025-02-20T22:31:55","guid":{"rendered":"https:\/\/olemosaic.com\/producto\/aimant-en-ceramique-barcelone-bleu\/"},"modified":"2025-02-20T23:31:55","modified_gmt":"2025-02-20T22:31:55","slug":"aimant-en-ceramique-barcelone-bleu","status":"publish","type":"product","link":"https:\/\/olemosaic.com\/fr\/produit\/aimant-en-ceramique-barcelone-bleu\/","title":{"rendered":"Aimant en c\u00e9ramique. Barcelone. Bleu."},"content":{"rendered":"<p>Cet aimant en c\u00e9ramique color\u00e9, qui repr\u00e9sente de mani\u00e8re vivante Barcelone, est un souvenir indispensable pour tous les amoureux de l&rsquo;architecture et de la culture catalanes. Il pr\u00e9sente une illustration d\u00e9taill\u00e9e de la c\u00e9l\u00e8bre Sagrada Familia, qui se dresse majestueusement au centre, entour\u00e9e d&rsquo;autres monuments embl\u00e9matiques de la ville, tels que le parc G\u00fcell et la Casa Batll\u00f3. La base est orn\u00e9e d&rsquo;un fond de mosa\u00efque bleu vif, \u00e9voquant les carreaux caract\u00e9ristiques de Gaud\u00ed qui font de Barcelone une destination unique. Les d\u00e9tails picturaux peints \u00e0 la main sont mis en valeur dans des tons frappants de rouge, de vert et de jaune, rehaussant le style architectural moderniste qui d\u00e9finit la ville.   <\/p>\n<p>Avec le mot \u00ab\u00a0Barcelona\u00a0\u00bb estampill\u00e9 sur le dessus, cet aimant n&rsquo;a pas seulement une fonction d\u00e9corative, c&rsquo;est aussi une fa\u00e7on parfaite d&#8217;emporter un morceau de la capitale catalane chez vous. Ce souvenir est id\u00e9al pour les touristes qui souhaitent conserver un souvenir authentique de Barcelone, symbolisant la riche histoire et l&rsquo;esth\u00e9tique innovante de la ville. <\/p>\n<p>Chez Ol\u00e9 Mosaic, nous nous engageons \u00e0 distribuer des souvenirs en gros qui capturent l&rsquo;essence culturelle de l&rsquo;Espagne. Cet aimant est une excellente option pour les boutiques de cadeaux touristiques qui recherchent des produits alliant qualit\u00e9 et authenticit\u00e9, transformant chaque achat en une exp\u00e9rience culturelle inoubliable pour leurs clients. <\/p>\n","protected":false},"excerpt":{"rendered":"<p>Aimant en c\u00e9ramique color\u00e9 avec une repr\u00e9sentation vibrante de Barcelone. Ce magnet attrayant repr\u00e9sente l&#8217;embl\u00e9matique Sagrada Familia et d&rsquo;autres sites de la ville, sur un fond de mosa\u00efque bleu vif. Les d\u00e9tails picturaux peints \u00e0 la main ressortent, avec des rouges, des verts et des jaunes frappants qui \u00e9voquent le style architectural moderniste. Avec le mot \u00ab\u00a0Barcelona\u00a0\u00bb estampill\u00e9 sur le dessus, il s&rsquo;agit d&rsquo;un excellent rappel de la capitale catalane et d&rsquo;un ajout id\u00e9al \u00e0 tout espace.   <\/p>\n","protected":false},"featured_media":12103,"template":"","meta":{"_acf_changed":false},"product_brand":[],"product_cat":[697],"product_tag":[585],"class_list":{"0":"post-24131","1":"product","2":"type-product","3":"status-publish","4":"has-post-thumbnail","6":"product_cat-aimants","7":"product_tag-ceramique","8":"pa_ciudad-barcelona","9":"pa_pais-espana","11":"first","12":"instock","13":"shipping-taxable","14":"product-type-simple"},"acf":[],"_links":{"self":[{"href":"https:\/\/olemosaic.com\/fr\/wp-json\/wp\/v2\/product\/24131","targetHints":{"allow":["GET"]}}],"collection":[{"href":"https:\/\/olemosaic.com\/fr\/wp-json\/wp\/v2\/product"}],"about":[{"href":"https:\/\/olemosaic.com\/fr\/wp-json\/wp\/v2\/types\/product"}],"wp:featuredmedia":[{"embeddable":true,"href":"https:\/\/olemosaic.com\/fr\/wp-json\/wp\/v2\/media\/12103"}],"wp:attachment":[{"href":"https:\/\/olemosaic.com\/fr\/wp-json\/wp\/v2\/media?parent=24131"}],"wp:term":[{"taxonomy":"product_brand","embeddable":true,"href":"https:\/\/olemosaic.com\/fr\/wp-json\/wp\/v2\/product_brand?post=24131"},{"taxonomy":"product_cat","embeddable":true,"href":"https:\/\/olemosaic.com\/fr\/wp-json\/wp\/v2\/product_cat?post=24131"},{"taxonomy":"product_tag","embeddable":true,"href":"https:\/\/olemosaic.com\/fr\/wp-json\/wp\/v2\/product_tag?post=24131"}],"curies":[{"name":"wp","href":"https:\/\/api.w.org\/{rel}","templated":true}]}}