{"id":24125,"date":"2025-02-20T22:31:55","date_gmt":"2025-02-20T22:31:55","guid":{"rendered":"https:\/\/olemosaic.com\/producto\/bol-de-noix-de-coco-marron-ile-grande-canarie\/"},"modified":"2025-02-20T22:31:55","modified_gmt":"2025-02-20T21:31:55","slug":"bol-de-noix-de-coco-marron-ile-grande-canarie","status":"publish","type":"product","link":"https:\/\/olemosaic.com\/fr\/produit\/bol-de-noix-de-coco-marron-ile-grande-canarie\/","title":{"rendered":"Bol de noix de coco marron. \u00cele. Grande Canarie."},"content":{"rendered":"<p>Ce magnifique bol en noix de coco marron est une authentique pi\u00e8ce artisanale qui capture l&rsquo;essence de la beaut\u00e9 naturelle de la Grande Canarie. D\u00e9licatement d\u00e9cor\u00e9 de fines pi\u00e8ces de nacre, son design en mosa\u00efque combine de douces nuances de brun et de rose, \u00e9voquant la tranquillit\u00e9 et la couleur tropicale de l&rsquo;\u00eele. L&rsquo;inscription \u00ab\u00a0Gran Canaria\u00a0\u00bb au centre renforce son caract\u00e8re distinctif et en fait un parfait souvenir de cette r\u00e9gion paradisiaque.  <\/p>\n<p>Outre son attrait visuel, ce bol est fonctionnel et polyvalent, id\u00e9al pour servir les repas ou simplement comme pi\u00e8ce d\u00e9corative qui embellira n&rsquo;importe quel espace. Sa fabrication en noix de coco, un mat\u00e9riau durable, lui conf\u00e8re de l&rsquo;authenticit\u00e9 et refl\u00e8te la tradition culturelle des \u00eeles Canaries en mati\u00e8re d&rsquo;artisanat local. Les d\u00e9licats d\u00e9tails en nacre qui composent sa mosa\u00efque sont un hommage aux paysages marins de l&rsquo;\u00eele et ajoutent une touche d&rsquo;\u00e9l\u00e9gance \u00e0 ce souvenir.  <\/p>\n<p>Chez Ol\u00e9 Mosaic, nous nous consacrons \u00e0 la distribution en gros de souvenirs, en proposant des produits qui ne sont pas seulement d\u00e9coratifs, mais qui repr\u00e9sentent \u00e9galement le riche patrimoine culturel de leur origine. Ce bol de Gran Canaria est un excellent choix pour les boutiques de cadeaux touristiques, car il allie tradition, fonctionnalit\u00e9 et esth\u00e9tique dans une pi\u00e8ce artisanale exquise, parfaite pour les touristes qui souhaitent ramener chez eux un petit morceau de l&rsquo;\u00eele. <\/p>\n","protected":false},"excerpt":{"rendered":"<p>Bol en noix de coco marron d\u00e9cor\u00e9 de fines pi\u00e8ces de nacre, inspir\u00e9 par la beaut\u00e9 naturelle de la Grande Canarie. Cette \u00e9l\u00e9gante coupe pr\u00e9sente un motif en mosa\u00efque avec de douces nuances de brun et de rose, capturant l&rsquo;essence tropicale de l&rsquo;\u00eele. Au centre, l&rsquo;inscription \u00ab\u00a0Gran Canaria\u00a0\u00bb renforce son caract\u00e8re distinctif. Id\u00e9al comme pi\u00e8ce d\u00e9corative ou pour servir des aliments, ce bol allie tradition et fonctionnalit\u00e9 dans une \u0153uvre artisanale exquise.   <\/p>\n","protected":false},"featured_media":10314,"template":"","meta":{"_acf_changed":false},"product_brand":[],"product_cat":[521],"product_tag":[],"class_list":{"0":"post-24125","1":"product","2":"type-product","3":"status-publish","4":"has-post-thumbnail","6":"product_cat-bols","7":"pa_ciudad-gran-canaria","8":"pa_motivo-iles","9":"pa_pais-espana","11":"first","12":"instock","13":"shipping-taxable","14":"product-type-simple"},"acf":[],"_links":{"self":[{"href":"https:\/\/olemosaic.com\/fr\/wp-json\/wp\/v2\/product\/24125","targetHints":{"allow":["GET"]}}],"collection":[{"href":"https:\/\/olemosaic.com\/fr\/wp-json\/wp\/v2\/product"}],"about":[{"href":"https:\/\/olemosaic.com\/fr\/wp-json\/wp\/v2\/types\/product"}],"wp:featuredmedia":[{"embeddable":true,"href":"https:\/\/olemosaic.com\/fr\/wp-json\/wp\/v2\/media\/10314"}],"wp:attachment":[{"href":"https:\/\/olemosaic.com\/fr\/wp-json\/wp\/v2\/media?parent=24125"}],"wp:term":[{"taxonomy":"product_brand","embeddable":true,"href":"https:\/\/olemosaic.com\/fr\/wp-json\/wp\/v2\/product_brand?post=24125"},{"taxonomy":"product_cat","embeddable":true,"href":"https:\/\/olemosaic.com\/fr\/wp-json\/wp\/v2\/product_cat?post=24125"},{"taxonomy":"product_tag","embeddable":true,"href":"https:\/\/olemosaic.com\/fr\/wp-json\/wp\/v2\/product_tag?post=24125"}],"curies":[{"name":"wp","href":"https:\/\/api.w.org\/{rel}","templated":true}]}}