{"id":24123,"date":"2025-02-20T23:31:54","date_gmt":"2025-02-20T22:31:54","guid":{"rendered":"https:\/\/olemosaic.com\/producto\/porte-cles-en-bois-lettre-r\/"},"modified":"2025-02-20T23:31:54","modified_gmt":"2025-02-20T22:31:54","slug":"porte-cles-en-bois-lettre-r","status":"publish","type":"product","link":"https:\/\/olemosaic.com\/fr\/produit\/porte-cles-en-bois-lettre-r\/","title":{"rendered":"Porte-cl\u00e9s en bois. Lettre R."},"content":{"rendered":"<p>Ce porte-cl\u00e9s unique en bois avec la lettre \u00ab\u00a0R\u00a0\u00bb est un rappel vibrant du g\u00e9nie architectural de Barcelone, inspir\u00e9 par le c\u00e9l\u00e8bre style d&rsquo;Antoni Gaud\u00ed. Son design agile et l\u00e9ger en fait un accessoire fonctionnel et attrayant, id\u00e9al pour emporter toujours avec soi un morceau de la cr\u00e9ativit\u00e9 catalane. La base noire met magnifiquement en valeur les couleurs bleu, rouge, jaune et vert qui ornent les \u00e9l\u00e9ments d\u00e9coratifs, recr\u00e9ant la technique embl\u00e9matique du trencad\u00eds que Gaud\u00ed a popularis\u00e9e dans ses \u0153uvres. Chaque d\u00e9tail de la mosa\u00efque a \u00e9t\u00e9 minutieusement con\u00e7u, \u00e9voquant la beaut\u00e9 et la richesse de la culture espagnole.   <\/p>\n<p>Le porte-cl\u00e9s n&rsquo;est pas seulement un objet pratique pour ranger vos cl\u00e9s, c&rsquo;est aussi un souvenir authentique qui capture l&rsquo;essence de Barcelone. Son lien culturel avec la ville en fait un cadeau id\u00e9al pour les touristes qui souhaitent ramener un souvenir significatif de leur visite. Chez Ol\u00e9 Mosaic, nous sommes fiers d&rsquo;offrir des produits authentiques qui refl\u00e8tent le patrimoine artistique et architectural de l&rsquo;Espagne. Ce porte-cl\u00e9s en bois avec la lettre \u00ab\u00a0R\u00a0\u00bb est un excellent choix pour les boutiques de cadeaux touristiques, car il offre non seulement du style, mais aussi un symbole de l&rsquo;art et de l&rsquo;histoire de la Catalogne dans chaque pi\u00e8ce.   <\/p>\n","protected":false},"excerpt":{"rendered":"<p>Porte-cl\u00e9s en bois avec la lettre \u00ab\u00a0R\u00a0\u00bb, d\u00e9cor\u00e9 d&rsquo;une mosa\u00efque vibrante qui \u00e9voque les c\u00e9l\u00e8bres \u0153uvres d&rsquo;Antoni Gaud\u00ed. Ce porte-cl\u00e9s a une base noire qui met en valeur les couleurs bleue, rouge, jaune et verte de ses \u00e9l\u00e9ments d\u00e9coratifs, simulant la beaut\u00e9 des trencad\u00eds. L\u00e9ger et fonctionnel, il constitue un souvenir id\u00e9al pour ceux qui souhaitent emporter un morceau de la cr\u00e9ativit\u00e9 et du style architectural de Barcelone.  <\/p>\n","protected":false},"featured_media":10937,"template":"","meta":{"_acf_changed":false},"product_brand":[],"product_cat":[607],"product_tag":[614],"class_list":{"0":"post-24123","1":"product","2":"type-product","3":"status-publish","4":"has-post-thumbnail","6":"product_cat-porte-cles","7":"product_tag-lettres","8":"pa_motivo-lettre-r","10":"first","11":"instock","12":"shipping-taxable","13":"product-type-simple"},"acf":[],"_links":{"self":[{"href":"https:\/\/olemosaic.com\/fr\/wp-json\/wp\/v2\/product\/24123","targetHints":{"allow":["GET"]}}],"collection":[{"href":"https:\/\/olemosaic.com\/fr\/wp-json\/wp\/v2\/product"}],"about":[{"href":"https:\/\/olemosaic.com\/fr\/wp-json\/wp\/v2\/types\/product"}],"wp:featuredmedia":[{"embeddable":true,"href":"https:\/\/olemosaic.com\/fr\/wp-json\/wp\/v2\/media\/10937"}],"wp:attachment":[{"href":"https:\/\/olemosaic.com\/fr\/wp-json\/wp\/v2\/media?parent=24123"}],"wp:term":[{"taxonomy":"product_brand","embeddable":true,"href":"https:\/\/olemosaic.com\/fr\/wp-json\/wp\/v2\/product_brand?post=24123"},{"taxonomy":"product_cat","embeddable":true,"href":"https:\/\/olemosaic.com\/fr\/wp-json\/wp\/v2\/product_cat?post=24123"},{"taxonomy":"product_tag","embeddable":true,"href":"https:\/\/olemosaic.com\/fr\/wp-json\/wp\/v2\/product_tag?post=24123"}],"curies":[{"name":"wp","href":"https:\/\/api.w.org\/{rel}","templated":true}]}}