{"id":24113,"date":"2025-02-20T23:32:02","date_gmt":"2025-02-20T22:32:02","guid":{"rendered":"https:\/\/olemosaic.com\/producto\/aimant-en-ceramique-ville-dart-valence-blanc\/"},"modified":"2025-02-20T23:32:02","modified_gmt":"2025-02-20T22:32:02","slug":"aimant-en-ceramique-ville-dart-valence-blanc","status":"publish","type":"product","link":"https:\/\/olemosaic.com\/fr\/produit\/aimant-en-ceramique-ville-dart-valence-blanc\/","title":{"rendered":"Aimant en c\u00e9ramique. Ville d&rsquo;art. Valence. Blanc."},"content":{"rendered":"<p>Cet aimant en c\u00e9ramique est une belle repr\u00e9sentation de l&rsquo;architecture vibrante de Valence, con\u00e7ue pour ceux qui souhaitent emporter chez eux un morceau de cette ville fascinante. Sur un fond blanc qui rehausse la clart\u00e9 et la luminosit\u00e9 de l&rsquo;objet, l&rsquo;aimant pr\u00e9sente une illustration color\u00e9e qui combine l&#8217;embl\u00e9matique Cit\u00e9 des arts et des sciences, l&rsquo;historique Lonja de la Seda et le march\u00e9 central. Chaque monument est m\u00e9ticuleusement con\u00e7u avec des d\u00e9tails pr\u00e9cis qui capturent l&rsquo;essence culturelle de Valence, en soulignant ses formes distinctives et ses ornements uniques.  <\/p>\n<p>Les nuances de couleurs qui ornent les structures refl\u00e8tent la vitalit\u00e9 de la ville, tandis que le design en relief offre une exp\u00e9rience visuelle dynamique. Des courbes futuristes du b\u00e2timent de la Cit\u00e9 des Arts \u00e0 la riche architecture gothique de la Lonja de la Seda, cet aimant n&rsquo;est pas seulement un rappel, mais un t\u00e9moignage du riche patrimoine culturel et artistique qui d\u00e9finit Valence. <\/p>\n<p>Id\u00e9al comme souvenir pour les touristes \u00e0 la recherche de quelque chose d&rsquo;authentique, cet aimant en c\u00e9ramique repr\u00e9sente un symbole de la diversit\u00e9 culturelle de la r\u00e9gion. Chez Ol\u00e9 Mosaic, nous sommes fiers de proposer des souvenirs authentiques de Valence en vrac, parfaits pour les boutiques de cadeaux touristiques qui souhaitent offrir des produits uniques avec une valeur culturelle significative. Cet aimant en c\u00e9ramique est un excellent choix pour vous rappeler la beaut\u00e9 et le patrimoine de l&rsquo;une des villes les plus embl\u00e9matiques d&rsquo;Espagne.  <\/p>\n","protected":false},"excerpt":{"rendered":"<p>Aimant en c\u00e9ramique au design vibrant, inspir\u00e9 par l&rsquo;architecture embl\u00e9matique de Valence. Ce produit pr\u00e9sente une repr\u00e9sentation color\u00e9e de la Cit\u00e9 des Arts et des Sciences, de la Lonja de la Seda et du March\u00e9 Central, capturant ainsi l&rsquo;essence culturelle de la ville. La c\u00e9ramique blanche est compl\u00e9t\u00e9e par des d\u00e9tails de plusieurs couleurs, qui mettent en valeur les formes distinctives des monuments, ce qui en fait un souvenir id\u00e9al pour les amateurs d&rsquo;art et d&rsquo;histoire locale.  <\/p>\n","protected":false},"featured_media":9895,"template":"","meta":{"_acf_changed":false},"product_brand":[],"product_cat":[697],"product_tag":[585],"class_list":{"0":"post-24113","1":"product","2":"type-product","3":"status-publish","4":"has-post-thumbnail","6":"product_cat-aimants","7":"product_tag-ceramique","8":"pa_ciudad-valencia","9":"pa_pais-espana","11":"first","12":"instock","13":"shipping-taxable","14":"product-type-simple"},"acf":[],"_links":{"self":[{"href":"https:\/\/olemosaic.com\/fr\/wp-json\/wp\/v2\/product\/24113","targetHints":{"allow":["GET"]}}],"collection":[{"href":"https:\/\/olemosaic.com\/fr\/wp-json\/wp\/v2\/product"}],"about":[{"href":"https:\/\/olemosaic.com\/fr\/wp-json\/wp\/v2\/types\/product"}],"wp:featuredmedia":[{"embeddable":true,"href":"https:\/\/olemosaic.com\/fr\/wp-json\/wp\/v2\/media\/9895"}],"wp:attachment":[{"href":"https:\/\/olemosaic.com\/fr\/wp-json\/wp\/v2\/media?parent=24113"}],"wp:term":[{"taxonomy":"product_brand","embeddable":true,"href":"https:\/\/olemosaic.com\/fr\/wp-json\/wp\/v2\/product_brand?post=24113"},{"taxonomy":"product_cat","embeddable":true,"href":"https:\/\/olemosaic.com\/fr\/wp-json\/wp\/v2\/product_cat?post=24113"},{"taxonomy":"product_tag","embeddable":true,"href":"https:\/\/olemosaic.com\/fr\/wp-json\/wp\/v2\/product_tag?post=24113"}],"curies":[{"name":"wp","href":"https:\/\/api.w.org\/{rel}","templated":true}]}}