{"id":24108,"date":"2025-02-20T22:31:57","date_gmt":"2025-02-20T22:31:57","guid":{"rendered":"https:\/\/olemosaic.com\/producto\/aimant-en-ceramique-barcelone-blanc\/"},"modified":"2025-02-20T22:31:57","modified_gmt":"2025-02-20T21:31:57","slug":"aimant-en-ceramique-barcelone-blanc","status":"publish","type":"product","link":"https:\/\/olemosaic.com\/fr\/produit\/aimant-en-ceramique-barcelone-blanc\/","title":{"rendered":"Aimant en c\u00e9ramique. Barcelone. Blanc."},"content":{"rendered":"<p>Cet aimant en c\u00e9ramique de Barcelone est un souvenir vibrant qui capture l&rsquo;essence de la ville m\u00e9diterran\u00e9enne embl\u00e9matique. Con\u00e7u sur un fond blanc attrayant qui met en valeur chaque d\u00e9tail, l&rsquo;aimant pr\u00e9sente une illustration color\u00e9e de la majestueuse Sagrada Familia, ainsi que d&rsquo;autres b\u00e2timents embl\u00e9matiques de l&rsquo;architecture barcelonaise. Avec des nuances de rouge, de jaune et de vert, l&rsquo;illustration illustre l&rsquo;influence du c\u00e9l\u00e8bre architecte Antoni Gaud\u00ed, soulignant le caract\u00e8re unique de chaque structure. La typographie \u00ab\u00a0Barcelona\u00a0\u00bb, situ\u00e9e dans la partie sup\u00e9rieure, ajoute une touche distinctive et moderniste qui compl\u00e8te l&rsquo;ensemble visuel.   <\/p>\n<p>Cet aimant n&rsquo;est pas seulement un excellent compl\u00e9ment \u00e0 tout r\u00e9frig\u00e9rateur ou surface magn\u00e9tique, mais aussi un symbole de l&rsquo;h\u00e9ritage culturel de la ville. Ses couleurs vives et son design soign\u00e9 en font un hommage parfait \u00e0 l&rsquo;une des villes les plus visit\u00e9es au monde, id\u00e9al pour ceux qui souhaitent emporter un petit morceau de Barcelone chez eux. Chez Ol\u00e9 Mosaic, en tant que distributeurs de souvenirs en gros, nous proposons cet aimant en c\u00e9ramique comme un article incontournable pour les boutiques de cadeaux touristiques, en garantissant l&rsquo;authenticit\u00e9 et la qualit\u00e9 de chaque pi\u00e8ce. Cet aimant de Barcelone est plus qu&rsquo;un simple souvenir, c&rsquo;est un rappel tangible de la beaut\u00e9 et de l&rsquo;histoire qui d\u00e9finissent cette ville fascinante.   <\/p>\n","protected":false},"excerpt":{"rendered":"<p>Aimant en c\u00e9ramique de Barcelone, avec un motif sur un joli fond blanc. Cette pi\u00e8ce color\u00e9e pr\u00e9sente une illustration vibrante de la Sagrada Familia ainsi que d&rsquo;autres b\u00e2timents embl\u00e9matiques de la ville, avec des d\u00e9tails en rouge, jaune et vert. La typographie \u00ab\u00a0Barcelona\u00a0\u00bb, mise en \u00e9vidence dans la partie sup\u00e9rieure, lui conf\u00e8re une touche distinctive. Il est id\u00e9al pour rappeler votre visite dans cette fascinante ville m\u00e9diterran\u00e9enne et pour orner un r\u00e9frig\u00e9rateur ou une surface magn\u00e9tique.   <\/p>\n","protected":false},"featured_media":9515,"template":"","meta":{"_acf_changed":false},"product_brand":[],"product_cat":[697],"product_tag":[585],"class_list":{"0":"post-24108","1":"product","2":"type-product","3":"status-publish","4":"has-post-thumbnail","6":"product_cat-aimants","7":"product_tag-ceramique","8":"pa_ciudad-barcelona","9":"pa_pais-espana","11":"first","12":"instock","13":"shipping-taxable","14":"product-type-simple"},"acf":[],"_links":{"self":[{"href":"https:\/\/olemosaic.com\/fr\/wp-json\/wp\/v2\/product\/24108","targetHints":{"allow":["GET"]}}],"collection":[{"href":"https:\/\/olemosaic.com\/fr\/wp-json\/wp\/v2\/product"}],"about":[{"href":"https:\/\/olemosaic.com\/fr\/wp-json\/wp\/v2\/types\/product"}],"wp:featuredmedia":[{"embeddable":true,"href":"https:\/\/olemosaic.com\/fr\/wp-json\/wp\/v2\/media\/9515"}],"wp:attachment":[{"href":"https:\/\/olemosaic.com\/fr\/wp-json\/wp\/v2\/media?parent=24108"}],"wp:term":[{"taxonomy":"product_brand","embeddable":true,"href":"https:\/\/olemosaic.com\/fr\/wp-json\/wp\/v2\/product_brand?post=24108"},{"taxonomy":"product_cat","embeddable":true,"href":"https:\/\/olemosaic.com\/fr\/wp-json\/wp\/v2\/product_cat?post=24108"},{"taxonomy":"product_tag","embeddable":true,"href":"https:\/\/olemosaic.com\/fr\/wp-json\/wp\/v2\/product_tag?post=24108"}],"curies":[{"name":"wp","href":"https:\/\/api.w.org\/{rel}","templated":true}]}}