{"id":24107,"date":"2025-02-20T23:32:02","date_gmt":"2025-02-20T22:32:02","guid":{"rendered":"https:\/\/olemosaic.com\/producto\/aimant-en-ceramique-punt-de-trobada-gaudi-barcelone-blanc\/"},"modified":"2025-02-20T23:32:02","modified_gmt":"2025-02-20T22:32:02","slug":"aimant-en-ceramique-punt-de-trobada-gaudi-barcelone-blanc","status":"publish","type":"product","link":"https:\/\/olemosaic.com\/fr\/produit\/aimant-en-ceramique-punt-de-trobada-gaudi-barcelone-blanc\/","title":{"rendered":"Aimant en c\u00e9ramique. Punt de trobada. Gaud\u00ed. Barcelone. Blanc."},"content":{"rendered":"<p>Cet aimant en c\u00e9ramique, inspir\u00e9 par l&#8217;embl\u00e9matique \u00ab\u00a0Punt de trobada\u00a0\u00bb de Barcelone, est un charmant souvenir qui capture l&rsquo;essence vibrante de cette magnifique ville. Avec un design color\u00e9 rappelant le c\u00e9l\u00e8bre style trencad\u00eds de Gaud\u00ed, cet aimant pr\u00e9sente un m\u00e9lange captivant de fragments de c\u00e9ramique dans des tons bleus, rouges et jaunes, sur un fond blanc poli qui met en \u00e9vidence son originalit\u00e9 et son attrait visuel. Au centre, le mot \u00ab\u00a0Barcelona\u00a0\u00bb est \u00e9l\u00e9gamment inscrit en noir, offrant une r\u00e9f\u00e9rence culturelle captivante qui \u00e9voque la cr\u00e9ativit\u00e9 et l&rsquo;esprit artistique de la ville.  <\/p>\n<p>Le \u00ab\u00a0Punt de trobada\u00a0\u00bb, lieu embl\u00e9matique pour les habitants et les touristes, devient un hommage \u00e0 la vie sociale de Barcelone \u00e0 travers ce petit objet significatif. Cet aimant, en plus d&rsquo;\u00eatre fonctionnel, repr\u00e9sente un lien culturel qui permet \u00e0 ses propri\u00e9taires de faire entrer dans leur maison un morceau du riche patrimoine architectural et artistique de la ville. <\/p>\n<p>Id\u00e9al pour les touristes \u00e0 la recherche de souvenirs authentiques de Barcelone, cet aimant est \u00e9galement un excellent choix pour les boutiques de cadeaux touristiques qui souhaitent offrir des produits repr\u00e9sentatifs et de qualit\u00e9. Chez Ol\u00e9 Mosaic, en tant que grossiste en souvenirs, nous garantissons l&rsquo;authenticit\u00e9 et le caract\u00e8re artisanal de chacun de nos produits, ce qui fait de cet aimant en c\u00e9ramique un cadeau exceptionnel et un t\u00e9moignage visuel de l&rsquo;histoire culturelle de Barcelone. <\/p>\n","protected":false},"excerpt":{"rendered":"<p>Aimant en c\u00e9ramique inspir\u00e9 par l&#8217;embl\u00e9matique \u00ab\u00a0Punt de trobada\u00a0\u00bb de Barcelone. Cet aimant attrayant pr\u00e9sente un design color\u00e9 avec des fragments de c\u00e9ramique \u00e9voquant les c\u00e9l\u00e8bres trencad\u00eds de Gaudi, mettant en valeur des nuances vibrantes de bleu, de rouge et de jaune sur un fond blanc. Le mot \u00ab\u00a0Barcelona\u00a0\u00bb est \u00e9l\u00e9gamment inscrit en noir, ajoutant une charmante r\u00e9f\u00e9rence culturelle. Id\u00e9al pour apporter un petit morceau de Barcelone dans n&rsquo;importe quel coin de votre maison.   <\/p>\n","protected":false},"featured_media":9152,"template":"","meta":{"_acf_changed":false},"product_brand":[],"product_cat":[697],"product_tag":[585],"class_list":{"0":"post-24107","1":"product","2":"type-product","3":"status-publish","4":"has-post-thumbnail","6":"product_cat-aimants","7":"product_tag-ceramique","8":"pa_ciudad-barcelona","9":"pa_motivo-punt-de-trobada","10":"pa_pais-espana","12":"first","13":"instock","14":"shipping-taxable","15":"product-type-simple"},"acf":[],"_links":{"self":[{"href":"https:\/\/olemosaic.com\/fr\/wp-json\/wp\/v2\/product\/24107","targetHints":{"allow":["GET"]}}],"collection":[{"href":"https:\/\/olemosaic.com\/fr\/wp-json\/wp\/v2\/product"}],"about":[{"href":"https:\/\/olemosaic.com\/fr\/wp-json\/wp\/v2\/types\/product"}],"wp:featuredmedia":[{"embeddable":true,"href":"https:\/\/olemosaic.com\/fr\/wp-json\/wp\/v2\/media\/9152"}],"wp:attachment":[{"href":"https:\/\/olemosaic.com\/fr\/wp-json\/wp\/v2\/media?parent=24107"}],"wp:term":[{"taxonomy":"product_brand","embeddable":true,"href":"https:\/\/olemosaic.com\/fr\/wp-json\/wp\/v2\/product_brand?post=24107"},{"taxonomy":"product_cat","embeddable":true,"href":"https:\/\/olemosaic.com\/fr\/wp-json\/wp\/v2\/product_cat?post=24107"},{"taxonomy":"product_tag","embeddable":true,"href":"https:\/\/olemosaic.com\/fr\/wp-json\/wp\/v2\/product_tag?post=24107"}],"curies":[{"name":"wp","href":"https:\/\/api.w.org\/{rel}","templated":true}]}}