{"id":24085,"date":"2025-02-20T23:32:02","date_gmt":"2025-02-20T22:32:02","guid":{"rendered":"https:\/\/olemosaic.com\/producto\/aimant-en-ceramique-cour-andalouse-madrid-blanc\/"},"modified":"2025-02-20T23:32:02","modified_gmt":"2025-02-20T22:32:02","slug":"aimant-en-ceramique-cour-andalouse-madrid-blanc","status":"publish","type":"product","link":"https:\/\/olemosaic.com\/fr\/produit\/aimant-en-ceramique-cour-andalouse-madrid-blanc\/","title":{"rendered":"Aimant en c\u00e9ramique. Cour andalouse. Madrid. Blanc."},"content":{"rendered":"<p>Cet aimant en c\u00e9ramique, inspir\u00e9 par la culture vibrante de Madrid, est une repr\u00e9sentation authentique de l&rsquo;esprit flamenco, capturant l&rsquo;essence de la capitale espagnole avec son design captivant. Fabriqu\u00e9 en c\u00e9ramique de haute qualit\u00e9, l&rsquo;aimant repr\u00e9sente une sc\u00e8ne de danse flamenco anim\u00e9e : une danseuse, v\u00eatue d&rsquo;une robe rouge \u00e0 pois blancs et d&rsquo;un \u00e9l\u00e9gant ch\u00e2le, s\u00e9duit le spectateur au milieu d&rsquo;une cour color\u00e9e orn\u00e9e de fleurs. \u00c0 ses c\u00f4t\u00e9s, un danseur coiff\u00e9 d&rsquo;un chapeau et v\u00eatu d&rsquo;une chemise rouge se joint \u00e0 la danse, projetant dynamisme et joie dans chacun de ses mouvements.  <\/p>\n<p>L&rsquo;arri\u00e8re-plan de ce magnet se distingue par sa d\u00e9licate repr\u00e9sentation de carreaux blancs, \u00e9voquant l&rsquo;architecture espagnole traditionnelle, tandis que les pots de fleurs aux couleurs vives ajoutent une touche de fra\u00eecheur et d&rsquo;authenticit\u00e9 \u00e0 la sc\u00e8ne. Chaque d\u00e9tail de l&rsquo;aimant est peint \u00e0 la main, ce qui garantit que chaque pi\u00e8ce est unique et met en valeur le savoir-faire artisanal de la r\u00e9gion. En tant que souvenir de Madrid, ce magnet n&rsquo;est pas seulement un objet d\u00e9coratif, mais un rappel tangible des moments inoubliables pass\u00e9s dans cette ville pleine d&rsquo;histoire et de culture.  <\/p>\n<p>Chez Ol\u00e9 Mosaic, nous sommes fiers de proposer des souvenirs authentiques et repr\u00e9sentatifs, comme cet aimant, id\u00e9al pour les boutiques de cadeaux touristiques \u00e0 la recherche de produits refl\u00e9tant la richesse culturelle de l&rsquo;Espagne. Il s&rsquo;agit d&rsquo;un excellent choix pour ceux qui souhaitent emporter un morceau de Madrid chez eux, ce qui en fait le souvenir parfait d&rsquo;un voyage m\u00e9morable. <\/p>\n","protected":false},"excerpt":{"rendered":"<p>Aimant en c\u00e9ramique inspir\u00e9 par la culture vibrante de Madrid, repr\u00e9sentant une sc\u00e8ne de danse flamenco. Cet aimant attrayant montre une danseuse v\u00eatue d&rsquo;une robe rouge \u00e0 pois blancs et d&rsquo;un ch\u00e2le, accompagn\u00e9e d&rsquo;un danseur portant un chapeau et une chemise rouge. Sur fond de carreaux blancs et de fleurs en pot, cette pi\u00e8ce peinte \u00e0 la main et con\u00e7ue par un artisan capture l&rsquo;essence du folklore madril\u00e8ne dans des couleurs vives.  <\/p>\n","protected":false},"featured_media":7980,"template":"","meta":{"_acf_changed":false},"product_brand":[],"product_cat":[697],"product_tag":[585],"class_list":{"0":"post-24085","1":"product","2":"type-product","3":"status-publish","4":"has-post-thumbnail","6":"product_cat-aimants","7":"product_tag-ceramique","8":"pa_ciudad-madrid","9":"pa_motivo-cours-interieures","10":"pa_pais-espana","12":"first","13":"instock","14":"shipping-taxable","15":"product-type-simple"},"acf":[],"_links":{"self":[{"href":"https:\/\/olemosaic.com\/fr\/wp-json\/wp\/v2\/product\/24085","targetHints":{"allow":["GET"]}}],"collection":[{"href":"https:\/\/olemosaic.com\/fr\/wp-json\/wp\/v2\/product"}],"about":[{"href":"https:\/\/olemosaic.com\/fr\/wp-json\/wp\/v2\/types\/product"}],"wp:featuredmedia":[{"embeddable":true,"href":"https:\/\/olemosaic.com\/fr\/wp-json\/wp\/v2\/media\/7980"}],"wp:attachment":[{"href":"https:\/\/olemosaic.com\/fr\/wp-json\/wp\/v2\/media?parent=24085"}],"wp:term":[{"taxonomy":"product_brand","embeddable":true,"href":"https:\/\/olemosaic.com\/fr\/wp-json\/wp\/v2\/product_brand?post=24085"},{"taxonomy":"product_cat","embeddable":true,"href":"https:\/\/olemosaic.com\/fr\/wp-json\/wp\/v2\/product_cat?post=24085"},{"taxonomy":"product_tag","embeddable":true,"href":"https:\/\/olemosaic.com\/fr\/wp-json\/wp\/v2\/product_tag?post=24085"}],"curies":[{"name":"wp","href":"https:\/\/api.w.org\/{rel}","templated":true}]}}