{"id":24075,"date":"2025-02-20T23:32:00","date_gmt":"2025-02-20T22:32:00","guid":{"rendered":"https:\/\/olemosaic.com\/producto\/aimant-en-ceramique-patio-andalou-bailaora-madrid-blanc\/"},"modified":"2025-11-21T13:19:45","modified_gmt":"2025-11-21T12:19:45","slug":"aimant-en-ceramique-patio-andalou-bailaora-madrid-blanc","status":"publish","type":"product","link":"https:\/\/olemosaic.com\/fr\/produit\/aimant-en-ceramique-patio-andalou-bailaora-madrid-blanc\/","title":{"rendered":"Aimant en c\u00e9ramique. Patio andalou. Bailaora. Madrid. Blanc."},"content":{"rendered":"<p>Cet aimant en c\u00e9ramique est un souvenir vibrant du folklore madril\u00e8ne, parfait pour ceux qui souhaitent emporter un petit morceau d&rsquo;Espagne chez eux. L&rsquo;objet pr\u00e9sente un charmant dessin qui capture l&rsquo;essence de la culture espagnole, montrant un couple de danseurs dans une cour color\u00e9e. Sur l&rsquo;aimant, la danseuse porte une spectaculaire robe rouge \u00e0 pois blancs, qui met en valeur son \u00e9l\u00e9gance et sa passion pour le flamenco. Son \u00e9ventail, symbole de la tradition, ajoute une touche de sophistication. \u00c0 ses c\u00f4t\u00e9s, un homme v\u00eatu d&rsquo;un \u00e9l\u00e9gant costume compl\u00e8te la sc\u00e8ne, symbolisant le riche patrimoine culturel de Madrid.    <\/p>\n<p>Le fond blanc de l&rsquo;aimant fait ressortir les couleurs vives des illustrations, cr\u00e9ant un contraste accrocheur qui \u00e9voque la joie des danses traditionnelles. Le mot \u00ab\u00a0Madrid\u00a0\u00bb, stylis\u00e9 avec un design moderne, souligne le lien culturel du souvenir avec la capitale espagnole. Cet aimant n&rsquo;est pas seulement un accessoire d\u00e9coratif, mais aussi un excellent rappel de l&rsquo;une des sc\u00e8nes les plus embl\u00e9matiques de la culture espagnole.  <\/p>\n<p>Chez Ol\u00e9 MOSAIC, nous proposons cet exquis aimant en c\u00e9ramique dans le cadre de notre s\u00e9lection de souvenirs authentiques, id\u00e9ale pour les boutiques de cadeaux touristiques \u00e0 la recherche de produits repr\u00e9sentatifs et de qualit\u00e9. Avec cet aimant de Madrid, les touristes trouveront un souvenir parfait qui capture l&rsquo;essence de leur visite et la riche tradition du flamenco. <\/p>\n","protected":false},"excerpt":{"rendered":"<p>Aimant en c\u00e9ramique qui capture l&rsquo;essence du folklore madril\u00e8ne, avec un couple de danseurs dans une cour color\u00e9e. Ce magnet blanc, peint \u00e0 la main et de conception artisanale, montre une danseuse v\u00eatue d&rsquo;une robe \u00e0 volants rouge vif et \u00e0 pois, qui s&rsquo;\u00e9vente. \u00c0 c\u00f4t\u00e9 d&rsquo;elle, un homme \u00e9l\u00e9gant v\u00eatu d&rsquo;un costume de flamenco se d\u00e9tache du motif. Avec le mot stylis\u00e9 \u00ab\u00a0Madrid\u00a0\u00bb, ce souvenir est id\u00e9al pour se rem\u00e9morer les joies de la culture espagnole.   <\/p>\n","protected":false},"featured_media":7982,"template":"","meta":{"_acf_changed":false},"product_brand":[],"product_cat":[697],"product_tag":[585],"class_list":{"0":"post-24075","1":"product","2":"type-product","3":"status-publish","4":"has-post-thumbnail","6":"product_cat-aimants","7":"product_tag-ceramique","8":"pa_ciudad-madrid","9":"pa_motivo-cours-interieures","10":"pa_pais-espana","12":"first","13":"instock","14":"shipping-taxable","15":"product-type-simple"},"acf":[],"_links":{"self":[{"href":"https:\/\/olemosaic.com\/fr\/wp-json\/wp\/v2\/product\/24075","targetHints":{"allow":["GET"]}}],"collection":[{"href":"https:\/\/olemosaic.com\/fr\/wp-json\/wp\/v2\/product"}],"about":[{"href":"https:\/\/olemosaic.com\/fr\/wp-json\/wp\/v2\/types\/product"}],"wp:featuredmedia":[{"embeddable":true,"href":"https:\/\/olemosaic.com\/fr\/wp-json\/wp\/v2\/media\/7982"}],"wp:attachment":[{"href":"https:\/\/olemosaic.com\/fr\/wp-json\/wp\/v2\/media?parent=24075"}],"wp:term":[{"taxonomy":"product_brand","embeddable":true,"href":"https:\/\/olemosaic.com\/fr\/wp-json\/wp\/v2\/product_brand?post=24075"},{"taxonomy":"product_cat","embeddable":true,"href":"https:\/\/olemosaic.com\/fr\/wp-json\/wp\/v2\/product_cat?post=24075"},{"taxonomy":"product_tag","embeddable":true,"href":"https:\/\/olemosaic.com\/fr\/wp-json\/wp\/v2\/product_tag?post=24075"}],"curies":[{"name":"wp","href":"https:\/\/api.w.org\/{rel}","templated":true}]}}