{"id":24068,"date":"2025-02-20T23:31:54","date_gmt":"2025-02-20T22:31:54","guid":{"rendered":"https:\/\/olemosaic.com\/producto\/bol-de-noix-de-coco-marron-delfin-espagne\/"},"modified":"2025-02-20T23:31:54","modified_gmt":"2025-02-20T22:31:54","slug":"bol-de-noix-de-coco-marron-delfin-espagne","status":"publish","type":"product","link":"https:\/\/olemosaic.com\/fr\/produit\/bol-de-noix-de-coco-marron-delfin-espagne\/","title":{"rendered":"Bol de noix de coco marron. Delfin. Espagne."},"content":{"rendered":"<p>Cet exquis bol en noix de coco marron, orn\u00e9 d&rsquo;un \u00e9l\u00e9gant motif de dauphin, est un souvenir authentique qui capture l&rsquo;essence du littoral espagnol. Fabriqu\u00e9e \u00e0 la main par des artisans locaux, chaque pi\u00e8ce est unique, combinant la durabilit\u00e9 du bois de cocotier avec des d\u00e9tails dor\u00e9s chatoyants qui rehaussent la beaut\u00e9 naturelle du mat\u00e9riau. La surface du bol pr\u00e9sente un motif complexe qui \u00e9voque les douces vagues de la mer, cr\u00e9ant un sentiment de mouvement et de fluidit\u00e9 qui renvoie \u00e0 la faune marine qui habite les eaux de la M\u00e9diterran\u00e9e.  <\/p>\n<p>Les dauphins, symboles de joie et de libert\u00e9, sont un motif r\u00e9current de la culture marine espagnole, ce qui fait de ce bol non seulement un objet d\u00e9coratif, mais aussi un rappel des aventures en mer. Id\u00e9al pour servir des amuse-gueules ou comme pi\u00e8ce ma\u00eetresse, son design polyvalent en fait un ajout fonctionnel et esth\u00e9tique \u00e0 toute maison. <\/p>\n<p>Chez Ol\u00e9 MOSAIC, nous nous sp\u00e9cialisons dans la distribution de souvenirs en gros, et ce bol en noix de coco est un excellent choix pour les boutiques de cadeaux touristiques qui souhaitent offrir des produits artisanaux de qualit\u00e9 repr\u00e9sentant la culture locale. Il plaira aussi bien aux touristes \u00e0 la recherche de souvenirs authentiques qu&rsquo;\u00e0 ceux qui souhaitent ajouter une touche d&rsquo;exotisme \u00e0 leur d\u00e9cor. <\/p>\n","protected":false},"excerpt":{"rendered":"<p>Bol en noix de coco marron d\u00e9cor\u00e9 d&rsquo;un \u00e9l\u00e9gant motif de dauphin, symbolisant la faune marine de la c\u00f4te espagnole. Ce produit artisanal associe le bois de cocotier \u00e0 des d\u00e9tails dor\u00e9s qui soulignent la beaut\u00e9 de ce mat\u00e9riau naturel. La surface pr\u00e9sente un motif complexe qui \u00e9voque les vagues de la mer, ce qui rend ce bol \u00e0 la fois d\u00e9coratif et fonctionnel, id\u00e9al pour ajouter une touche d&rsquo;exotisme \u00e0 votre int\u00e9rieur.  <\/p>\n","protected":false},"featured_media":10091,"template":"","meta":{"_acf_changed":false},"product_brand":[],"product_cat":[521],"product_tag":[530],"class_list":{"0":"post-24068","1":"product","2":"type-product","3":"status-publish","4":"has-post-thumbnail","6":"product_cat-bols","7":"product_tag-animaux","8":"pa_motivo-dauphins","10":"first","11":"instock","12":"shipping-taxable","13":"product-type-simple"},"acf":[],"_links":{"self":[{"href":"https:\/\/olemosaic.com\/fr\/wp-json\/wp\/v2\/product\/24068","targetHints":{"allow":["GET"]}}],"collection":[{"href":"https:\/\/olemosaic.com\/fr\/wp-json\/wp\/v2\/product"}],"about":[{"href":"https:\/\/olemosaic.com\/fr\/wp-json\/wp\/v2\/types\/product"}],"wp:featuredmedia":[{"embeddable":true,"href":"https:\/\/olemosaic.com\/fr\/wp-json\/wp\/v2\/media\/10091"}],"wp:attachment":[{"href":"https:\/\/olemosaic.com\/fr\/wp-json\/wp\/v2\/media?parent=24068"}],"wp:term":[{"taxonomy":"product_brand","embeddable":true,"href":"https:\/\/olemosaic.com\/fr\/wp-json\/wp\/v2\/product_brand?post=24068"},{"taxonomy":"product_cat","embeddable":true,"href":"https:\/\/olemosaic.com\/fr\/wp-json\/wp\/v2\/product_cat?post=24068"},{"taxonomy":"product_tag","embeddable":true,"href":"https:\/\/olemosaic.com\/fr\/wp-json\/wp\/v2\/product_tag?post=24068"}],"curies":[{"name":"wp","href":"https:\/\/api.w.org\/{rel}","templated":true}]}}