{"id":24067,"date":"2025-02-20T22:31:54","date_gmt":"2025-02-20T22:31:54","guid":{"rendered":"https:\/\/olemosaic.com\/producto\/boule-de-noel-avec-boite-hippocampe\/"},"modified":"2025-02-20T22:31:54","modified_gmt":"2025-02-20T21:31:54","slug":"boule-de-noel-avec-boite-hippocampe","status":"publish","type":"product","link":"https:\/\/olemosaic.com\/fr\/produit\/boule-de-noel-avec-boite-hippocampe\/","title":{"rendered":"Boule de No\u00ebl avec bo\u00eete. Hippocampe."},"content":{"rendered":"<p>Cet ornement de No\u00ebl unique, une boule d\u00e9corative inspir\u00e9e par l&rsquo;\u0153uvre du c\u00e9l\u00e8bre architecte Antoni Gaud\u00ed, est un v\u00e9ritable bijou qui capture l&rsquo;essence du modernisme barcelonais. R\u00e9alis\u00e9e en mosa\u00efque, elle pr\u00e9sente de charmants hippocampes dans des tons bleus, rouges et verts, \u00e9voquant la richesse de la flore et de la faune marines. Les d\u00e9tails de la mosa\u00efque, avec leur finition mate, ajoutent une brillance subtile qui rehausse la pi\u00e8ce, ce qui en fait un \u00e9l\u00e9ment distinctif et artistique pour d\u00e9corer l&rsquo;arbre de No\u00ebl.  <\/p>\n<p>Chaque boule est pr\u00e9sent\u00e9e dans une \u00e9l\u00e9gante bo\u00eete, id\u00e9ale comme cadeau ou comme objet de collection. Ce souvenir repr\u00e9sente non seulement la cr\u00e9ativit\u00e9 et le caract\u00e8re unique de Barcelone, mais rend \u00e9galement hommage \u00e0 l&rsquo;h\u00e9ritage de Gaud\u00ed, embl\u00e8me de l&rsquo;architecture et de l&rsquo;art de la ville. Son design ornemental est parfait pour ceux qui cherchent \u00e0 donner une touche sp\u00e9ciale \u00e0 leurs f\u00eates.  <\/p>\n<p>Chez Ol\u00e9 Mosaic, nous sommes distributeurs de souvenirs authentiques, comme cette boule de No\u00ebl, id\u00e9ale pour les boutiques de cadeaux touristiques. Nous aidons nos clients \u00e0 proposer des produits qui ne sont pas seulement d\u00e9coratifs, mais qui racontent aussi des histoires culturelles, ce qui fait de cet ornement un excellent choix pour ceux qui veulent emporter chez eux un morceau de la magie de Barcelone. <\/p>\n","protected":false},"excerpt":{"rendered":"<p>Boule de No\u00ebl d\u00e9corative avec bo\u00eete, inspir\u00e9e par l&rsquo;\u0153uvre du c\u00e9l\u00e8bre architecte Antoni Gaud\u00ed. Cet ornement pr\u00e9sente un motif en mosa\u00efque avec des hippocampes aux couleurs bleu, rouge et vert \u00e9clatantes, \u00e9voquant l&rsquo;essence de l&rsquo;art moderniste barcelonais. Avec sa finition mate et son ruban rouge, il offre une touche festive et distinctive, parfaite pour ajouter une touche artistique \u00e0 votre arbre de No\u00ebl.  <\/p>\n","protected":false},"featured_media":9743,"template":"","meta":{"_acf_changed":false},"product_brand":[],"product_cat":[659],"product_tag":[530,646],"class_list":{"0":"post-24067","1":"product","2":"type-product","3":"status-publish","4":"has-post-thumbnail","6":"product_cat-boules-de-noel","7":"product_tag-animaux","8":"product_tag-noel","9":"pa_motivo-hippocampes","11":"first","12":"instock","13":"shipping-taxable","14":"product-type-simple"},"acf":[],"_links":{"self":[{"href":"https:\/\/olemosaic.com\/fr\/wp-json\/wp\/v2\/product\/24067","targetHints":{"allow":["GET"]}}],"collection":[{"href":"https:\/\/olemosaic.com\/fr\/wp-json\/wp\/v2\/product"}],"about":[{"href":"https:\/\/olemosaic.com\/fr\/wp-json\/wp\/v2\/types\/product"}],"wp:featuredmedia":[{"embeddable":true,"href":"https:\/\/olemosaic.com\/fr\/wp-json\/wp\/v2\/media\/9743"}],"wp:attachment":[{"href":"https:\/\/olemosaic.com\/fr\/wp-json\/wp\/v2\/media?parent=24067"}],"wp:term":[{"taxonomy":"product_brand","embeddable":true,"href":"https:\/\/olemosaic.com\/fr\/wp-json\/wp\/v2\/product_brand?post=24067"},{"taxonomy":"product_cat","embeddable":true,"href":"https:\/\/olemosaic.com\/fr\/wp-json\/wp\/v2\/product_cat?post=24067"},{"taxonomy":"product_tag","embeddable":true,"href":"https:\/\/olemosaic.com\/fr\/wp-json\/wp\/v2\/product_tag?post=24067"}],"curies":[{"name":"wp","href":"https:\/\/api.w.org\/{rel}","templated":true}]}}