{"id":24061,"date":"2025-02-20T22:31:55","date_gmt":"2025-02-20T22:31:55","guid":{"rendered":"https:\/\/olemosaic.com\/producto\/aimant-en-ceramique-fleurs-barcelone-blanc\/"},"modified":"2025-02-20T22:31:55","modified_gmt":"2025-02-20T21:31:55","slug":"aimant-en-ceramique-fleurs-barcelone-blanc","status":"publish","type":"product","link":"https:\/\/olemosaic.com\/fr\/produit\/aimant-en-ceramique-fleurs-barcelone-blanc\/","title":{"rendered":"Aimant en c\u00e9ramique. Fleurs. Barcelone. Blanc."},"content":{"rendered":"<p>Cet aimant en c\u00e9ramique au motif floral est un charmant souvenir de Barcelone qui capture l&rsquo;esth\u00e9tique vibrante de la ville. Avec sa forme originale de cuill\u00e8re, cet aimant pr\u00e9sente une mosa\u00efque color\u00e9e qui rend hommage aux c\u00e9l\u00e8bres carreaux de Gaud\u00ed. Sur un fond blanc \u00e9clatant, des fleurs dans les tons rouge, jaune et bleu ressortent fortement, cr\u00e9ant un contraste visuel \u00e9tonnant qui \u00e9voque la beaut\u00e9 du modernisme catalan dans n&rsquo;importe quelle maison. Chaque d\u00e9tail de ce magnet refl\u00e8te la cr\u00e9ativit\u00e9 et l&rsquo;esprit festif de Barcelone, ce qui en fait un \u00e9l\u00e9ment d\u00e9coratif attrayant, repr\u00e9sentatif du riche patrimoine culturel de la r\u00e9gion.   <\/p>\n<p>Id\u00e9al pour ceux qui recherchent des souvenirs authentiques de Barcelone, cet aimant en c\u00e9ramique est une pi\u00e8ce parfaite pour se souvenir des moments sp\u00e9ciaux pass\u00e9s dans la ville. Chez Ol\u00e9 Mosaic, nous sommes grossistes en souvenirs et proposons des produits qui c\u00e9l\u00e8brent la diversit\u00e9 culturelle de l&rsquo;Espagne. Cet aimant en forme de fleur est un excellent choix pour les boutiques de cadeaux touristiques, attirant les visiteurs qui veulent ramener chez eux un petit morceau de la Barcelone magique. Son authenticit\u00e9 et son design artistique en font le cadeau id\u00e9al pour tous les amoureux de la culture espagnole.   <\/p>\n","protected":false},"excerpt":{"rendered":"<p>Aimant en c\u00e9ramique avec un motif floral inspir\u00e9 de l&rsquo;esth\u00e9tique vibrante de Barcelone. Ce joli magnet en forme de cuill\u00e8re est d\u00e9cor\u00e9 d&rsquo;une mosa\u00efque color\u00e9e qui \u00e9voque les carreaux embl\u00e9matiques de la ville. Sur un fond blanc, des fleurs dans des tons de rouge, de jaune et de bleu se d\u00e9tachent audacieusement, cr\u00e9ant un \u00e9l\u00e9ment d\u00e9coratif parfait pour n&rsquo;importe quelle maison. Id\u00e9al pour rappeler la beaut\u00e9 du modernisme catalan.   <\/p>\n","protected":false},"featured_media":9082,"template":"","meta":{"_acf_changed":false},"product_brand":[],"product_cat":[697],"product_tag":[585],"class_list":{"0":"post-24061","1":"product","2":"type-product","3":"status-publish","4":"has-post-thumbnail","6":"product_cat-aimants","7":"product_tag-ceramique","8":"pa_ciudad-barcelona","9":"pa_motivo-fleurs","10":"pa_pais-espana","12":"first","13":"instock","14":"shipping-taxable","15":"product-type-simple"},"acf":[],"_links":{"self":[{"href":"https:\/\/olemosaic.com\/fr\/wp-json\/wp\/v2\/product\/24061","targetHints":{"allow":["GET"]}}],"collection":[{"href":"https:\/\/olemosaic.com\/fr\/wp-json\/wp\/v2\/product"}],"about":[{"href":"https:\/\/olemosaic.com\/fr\/wp-json\/wp\/v2\/types\/product"}],"wp:featuredmedia":[{"embeddable":true,"href":"https:\/\/olemosaic.com\/fr\/wp-json\/wp\/v2\/media\/9082"}],"wp:attachment":[{"href":"https:\/\/olemosaic.com\/fr\/wp-json\/wp\/v2\/media?parent=24061"}],"wp:term":[{"taxonomy":"product_brand","embeddable":true,"href":"https:\/\/olemosaic.com\/fr\/wp-json\/wp\/v2\/product_brand?post=24061"},{"taxonomy":"product_cat","embeddable":true,"href":"https:\/\/olemosaic.com\/fr\/wp-json\/wp\/v2\/product_cat?post=24061"},{"taxonomy":"product_tag","embeddable":true,"href":"https:\/\/olemosaic.com\/fr\/wp-json\/wp\/v2\/product_tag?post=24061"}],"curies":[{"name":"wp","href":"https:\/\/api.w.org\/{rel}","templated":true}]}}