{"id":24057,"date":"2025-02-20T23:31:58","date_gmt":"2025-02-20T22:31:58","guid":{"rendered":"https:\/\/olemosaic.com\/producto\/aimant-en-ceramique-madrid-blanc\/"},"modified":"2025-11-21T13:19:29","modified_gmt":"2025-11-21T12:19:29","slug":"aimant-en-ceramique-madrid-blanc","status":"publish","type":"product","link":"https:\/\/olemosaic.com\/fr\/produit\/aimant-en-ceramique-madrid-blanc\/","title":{"rendered":"Aimant en c\u00e9ramique. Madrid. Blanc."},"content":{"rendered":"<p>Cet aimant rond en c\u00e9ramique est un c\u0153ur vibrant de la culture madril\u00e8ne, d\u00e9cor\u00e9 d&rsquo;une magnifique illustration du b\u00e2timent embl\u00e9matique de la Puerta del Sol \u00e0 Madrid. Sa finition blanche sert de toile parfaite pour les d\u00e9tails peints \u00e0 la main qui capturent l&rsquo;essence cosmopolite de la capitale espagnole. Avec des couleurs vives qui ressortent dans le design, l&rsquo;aimant pr\u00e9sente des \u00e9l\u00e9ments embl\u00e9matiques tels que l&rsquo;horloge de la Puerta del Sol, un symbole du m\u00e9tro et des figures repr\u00e9sentatives de la vie quotidienne dans la ville. Chaque d\u00e9tail, des expressions joyeuses des habitants \u00e0 l&rsquo;architecture impressionnante, refl\u00e8te l&rsquo;agitation et la chaleur de Madrid, ce qui en fait un souvenir authentique et significatif.   <\/p>\n<p>Cet aimant n&rsquo;est pas seulement un accessoire pratique pour orner votre r\u00e9frig\u00e9rateur, mais aussi un symbole du patrimoine culturel de Madrid, un souvenir authentique qui rappelle les exp\u00e9riences et les souvenirs d&rsquo;une visite dans l&rsquo;une des villes les plus embl\u00e9matiques d&rsquo;Espagne. Chez Ol\u00e9 MOSAIC, en tant que distributeur de souvenirs en gros, nous vous proposons cette pi\u00e8ce unique qui sera une excellente attraction pour les boutiques de cadeaux touristiques \u00e0 la recherche de produits qui encapsulent la richesse culturelle et artistique de Madrid. Cet aimant en c\u00e9ramique est sans aucun doute un choix id\u00e9al pour les touristes \u00e0 la recherche de souvenirs de qualit\u00e9 et authentiques de leur voyage.  <\/p>\n","protected":false},"excerpt":{"rendered":"<p>Aimant rond en c\u00e9ramique d\u00e9cor\u00e9 d&rsquo;une illustration color\u00e9e de l&#8217;embl\u00e9matique Puerta del Sol de Madrid. Cet attrayant souvenir pr\u00e9sente une finition blanche avec des d\u00e9tails peints \u00e0 la main qui refl\u00e8tent la culture vibrante de Madrid, y compris un symbole de m\u00e9tro et des figures repr\u00e9sentatives. Ses couleurs vives et son design unique en font un souvenir parfait de la capitale espagnole, id\u00e9al pour d\u00e9corer votre r\u00e9frig\u00e9rateur.  <\/p>\n","protected":false},"featured_media":9961,"template":"","meta":{"_acf_changed":false},"product_brand":[],"product_cat":[697],"product_tag":[585],"class_list":{"0":"post-24057","1":"product","2":"type-product","3":"status-publish","4":"has-post-thumbnail","6":"product_cat-aimants","7":"product_tag-ceramique","8":"pa_ciudad-madrid","9":"pa_pais-espana","11":"first","12":"instock","13":"shipping-taxable","14":"product-type-simple"},"acf":[],"_links":{"self":[{"href":"https:\/\/olemosaic.com\/fr\/wp-json\/wp\/v2\/product\/24057","targetHints":{"allow":["GET"]}}],"collection":[{"href":"https:\/\/olemosaic.com\/fr\/wp-json\/wp\/v2\/product"}],"about":[{"href":"https:\/\/olemosaic.com\/fr\/wp-json\/wp\/v2\/types\/product"}],"wp:featuredmedia":[{"embeddable":true,"href":"https:\/\/olemosaic.com\/fr\/wp-json\/wp\/v2\/media\/9961"}],"wp:attachment":[{"href":"https:\/\/olemosaic.com\/fr\/wp-json\/wp\/v2\/media?parent=24057"}],"wp:term":[{"taxonomy":"product_brand","embeddable":true,"href":"https:\/\/olemosaic.com\/fr\/wp-json\/wp\/v2\/product_brand?post=24057"},{"taxonomy":"product_cat","embeddable":true,"href":"https:\/\/olemosaic.com\/fr\/wp-json\/wp\/v2\/product_cat?post=24057"},{"taxonomy":"product_tag","embeddable":true,"href":"https:\/\/olemosaic.com\/fr\/wp-json\/wp\/v2\/product_tag?post=24057"}],"curies":[{"name":"wp","href":"https:\/\/api.w.org\/{rel}","templated":true}]}}