{"id":24053,"date":"2025-02-20T22:31:58","date_gmt":"2025-02-20T22:31:58","guid":{"rendered":"https:\/\/olemosaic.com\/producto\/aimant-en-ceramique-valence-blanc\/"},"modified":"2025-02-20T22:31:58","modified_gmt":"2025-02-20T21:31:58","slug":"aimant-en-ceramique-valence-blanc","status":"publish","type":"product","link":"https:\/\/olemosaic.com\/fr\/produit\/aimant-en-ceramique-valence-blanc\/","title":{"rendered":"Aimant en c\u00e9ramique. Valence. Blanc."},"content":{"rendered":"<p>Cet aimant circulaire en c\u00e9ramique est une belle repr\u00e9sentation de la ville dynamique de Valence. Avec une base blanche qui rehausse l&rsquo;intensit\u00e9 chromatique de son illustration, cet aimant capture l&rsquo;essence de deux des sites les plus embl\u00e9matiques de la r\u00e9gion : l&rsquo;avant-gardiste Cit\u00e9 des arts et des sciences et l&rsquo;historique Lonja de la Seda. L&rsquo;illustration vive et picturale utilise des tons rouges, bleus et jaunes vibrants pour cr\u00e9er un panorama captivant qui \u00e9voque la richesse de la culture et de l&rsquo;architecture de la r\u00e9gion. En haut, le nom \u00ab\u00a0Valencia\u00a0\u00bb est affich\u00e9 en lettres color\u00e9es, ajoutant une touche distinctive et joyeuse \u00e0 ce souvenir.   <\/p>\n<p>Le design de cet aimant n&rsquo;est pas seulement un rappel visuel d&rsquo;une visite \u00e0 Valence, mais aussi un hommage au riche patrimoine artistique de la ville, alliant modernit\u00e9 et tradition. Ce souvenir est parfait pour les touristes qui souhaitent emporter un morceau de la ville chez eux, ce qui en fait un excellent cadeau pour ceux qui appr\u00e9cient l&rsquo;authenticit\u00e9 et le lien culturel. Chez Ol\u00e9 Mosaic, nous sommes sp\u00e9cialis\u00e9s dans la distribution de souvenirs en gros, et cet aimant en c\u00e9ramique est un ajout id\u00e9al \u00e0 toute boutique de cadeaux touristiques cherchant \u00e0 offrir des produits repr\u00e9sentatifs de la beaut\u00e9 valencienne.  <\/p>\n","protected":false},"excerpt":{"rendered":"<p>Aimant en c\u00e9ramique au design circulaire, d\u00e9cor\u00e9 d&rsquo;une vue panoramique de Valence. Cet aimant attrayant pr\u00e9sente des repr\u00e9sentations embl\u00e9matiques telles que la Cit\u00e9 des arts et des sciences et la Lonja de la Seda, le tout dans un style pictural color\u00e9. La base blanche met en valeur les tons rouges, bleus et jaunes utilis\u00e9s dans l&rsquo;illustration, et le nom \u00ab\u00a0Valencia\u00a0\u00bb est imprim\u00e9 en lettres color\u00e9es dans la partie sup\u00e9rieure, ce qui en fait un parfait rappel de cette belle ville.  <\/p>\n","protected":false},"featured_media":9894,"template":"","meta":{"_acf_changed":false},"product_brand":[],"product_cat":[697],"product_tag":[585],"class_list":{"0":"post-24053","1":"product","2":"type-product","3":"status-publish","4":"has-post-thumbnail","6":"product_cat-aimants","7":"product_tag-ceramique","8":"pa_ciudad-valencia","9":"pa_pais-espana","11":"first","12":"instock","13":"shipping-taxable","14":"product-type-simple"},"acf":[],"_links":{"self":[{"href":"https:\/\/olemosaic.com\/fr\/wp-json\/wp\/v2\/product\/24053","targetHints":{"allow":["GET"]}}],"collection":[{"href":"https:\/\/olemosaic.com\/fr\/wp-json\/wp\/v2\/product"}],"about":[{"href":"https:\/\/olemosaic.com\/fr\/wp-json\/wp\/v2\/types\/product"}],"wp:featuredmedia":[{"embeddable":true,"href":"https:\/\/olemosaic.com\/fr\/wp-json\/wp\/v2\/media\/9894"}],"wp:attachment":[{"href":"https:\/\/olemosaic.com\/fr\/wp-json\/wp\/v2\/media?parent=24053"}],"wp:term":[{"taxonomy":"product_brand","embeddable":true,"href":"https:\/\/olemosaic.com\/fr\/wp-json\/wp\/v2\/product_brand?post=24053"},{"taxonomy":"product_cat","embeddable":true,"href":"https:\/\/olemosaic.com\/fr\/wp-json\/wp\/v2\/product_cat?post=24053"},{"taxonomy":"product_tag","embeddable":true,"href":"https:\/\/olemosaic.com\/fr\/wp-json\/wp\/v2\/product_tag?post=24053"}],"curies":[{"name":"wp","href":"https:\/\/api.w.org\/{rel}","templated":true}]}}