{"id":24049,"date":"2025-02-20T23:31:57","date_gmt":"2025-02-20T22:31:57","guid":{"rendered":"https:\/\/olemosaic.com\/producto\/aimant-en-ceramique-salamandre-et-fleurs-barcelone-blanc\/"},"modified":"2025-02-20T23:31:57","modified_gmt":"2025-02-20T22:31:57","slug":"aimant-en-ceramique-salamandre-et-fleurs-barcelone-blanc","status":"publish","type":"product","link":"https:\/\/olemosaic.com\/fr\/produit\/aimant-en-ceramique-salamandre-et-fleurs-barcelone-blanc\/","title":{"rendered":"Aimant en c\u00e9ramique. Salamandre et fleurs. Barcelone. Blanc."},"content":{"rendered":"<p>Cet aimant en c\u00e9ramique repr\u00e9sentant une salamandre color\u00e9e est un souvenir distinctif qui capture l&rsquo;essence vibrante de Barcelone. Inspir\u00e9 par l&rsquo;architecture moderniste embl\u00e9matique de la ville, ce souvenir attrayant pr\u00e9sente un motif en mosa\u00efque qui combine des tons rouges, jaunes, bleus et verts sur un fond blanc, \u00e9voquant la cr\u00e9ativit\u00e9 et l&rsquo;esprit artistique qui caract\u00e9risent la capitale catalane. La salamandre, symbole de la nature et de la transformation, est devenue un \u00e9l\u00e9ment repr\u00e9sentatif de l&rsquo;\u0153uvre du c\u00e9l\u00e8bre architecte Antoni Gaud\u00ed, et cet aimant c\u00e9l\u00e8bre ce riche lien culturel.  <\/p>\n<p>D\u00e9cor\u00e9e \u00e0 la main, chaque pi\u00e8ce pr\u00e9sente des d\u00e9tails uniques qui en font un excellent compl\u00e9ment pour ceux qui souhaitent se souvenir de leur visite \u00e0 Barcelone ou envoyer un morceau de la ville \u00e0 leurs amis et \u00e0 leur famille. L&rsquo;inscription \u00ab\u00a0Barcelona\u00a0\u00bb souligne l&rsquo;authenticit\u00e9 de ce souvenir, le rendant non seulement d\u00e9coratif mais aussi embl\u00e9matique. <\/p>\n<p>Id\u00e9al pour \u00eatre fix\u00e9 sur n&rsquo;importe quelle surface m\u00e9tallique, cet aimant ajoute une touche d&rsquo;originalit\u00e9 et de couleur \u00e0 la maison et au bureau. Chez Ol\u00e9 Mosaic, nous sommes experts dans la distribution de souvenirs en gros, offrant des produits authentiques qui refl\u00e8tent la culture locale. Cet aimant en forme de salamandre est un choix parfait pour les boutiques de cadeaux touristiques qui cherchent \u00e0 relier leurs clients \u00e0 l&rsquo;essence de Barcelone et \u00e0 son patrimoine artistique.  <\/p>\n","protected":false},"excerpt":{"rendered":"<p>Aimant en c\u00e9ramique repr\u00e9sentant une salamandre color\u00e9e, inspir\u00e9e par l&rsquo;architecture de Barcelone. Cet attrayant souvenir pr\u00e9sente un motif en mosa\u00efque combinant des nuances vibrantes de rouge, de jaune, de bleu et de vert sur un fond blanc. La pi\u00e8ce est fabriqu\u00e9e \u00e0 la main et d\u00e9cor\u00e9e de l&rsquo;inscription \u00ab\u00a0Barcelona\u00a0\u00bb, qui capture l&rsquo;essence de l&rsquo;art moderniste de la ville. Parfait pour ajouter une touche d&rsquo;originalit\u00e9 \u00e0 n&rsquo;importe quelle surface m\u00e9tallique.   <\/p>\n","protected":false},"featured_media":8096,"template":"","meta":{"_acf_changed":false},"product_brand":[],"product_cat":[697],"product_tag":[530,585],"class_list":{"0":"post-24049","1":"product","2":"type-product","3":"status-publish","4":"has-post-thumbnail","6":"product_cat-aimants","7":"product_tag-animaux","8":"product_tag-ceramique","9":"pa_ciudad-barcelona","10":"pa_motivo-salamandres","11":"pa_pais-espana","13":"first","14":"instock","15":"shipping-taxable","16":"product-type-simple"},"acf":[],"_links":{"self":[{"href":"https:\/\/olemosaic.com\/fr\/wp-json\/wp\/v2\/product\/24049","targetHints":{"allow":["GET"]}}],"collection":[{"href":"https:\/\/olemosaic.com\/fr\/wp-json\/wp\/v2\/product"}],"about":[{"href":"https:\/\/olemosaic.com\/fr\/wp-json\/wp\/v2\/types\/product"}],"wp:featuredmedia":[{"embeddable":true,"href":"https:\/\/olemosaic.com\/fr\/wp-json\/wp\/v2\/media\/8096"}],"wp:attachment":[{"href":"https:\/\/olemosaic.com\/fr\/wp-json\/wp\/v2\/media?parent=24049"}],"wp:term":[{"taxonomy":"product_brand","embeddable":true,"href":"https:\/\/olemosaic.com\/fr\/wp-json\/wp\/v2\/product_brand?post=24049"},{"taxonomy":"product_cat","embeddable":true,"href":"https:\/\/olemosaic.com\/fr\/wp-json\/wp\/v2\/product_cat?post=24049"},{"taxonomy":"product_tag","embeddable":true,"href":"https:\/\/olemosaic.com\/fr\/wp-json\/wp\/v2\/product_tag?post=24049"}],"curies":[{"name":"wp","href":"https:\/\/api.w.org\/{rel}","templated":true}]}}