{"id":24038,"date":"2025-02-20T23:31:58","date_gmt":"2025-02-20T22:31:58","guid":{"rendered":"https:\/\/olemosaic.com\/producto\/aimant-en-ceramique-sagrada-familia-barcelone-bleu\/"},"modified":"2025-02-20T23:31:58","modified_gmt":"2025-02-20T22:31:58","slug":"aimant-en-ceramique-sagrada-familia-barcelone-bleu","status":"publish","type":"product","link":"https:\/\/olemosaic.com\/fr\/produit\/aimant-en-ceramique-sagrada-familia-barcelone-bleu\/","title":{"rendered":"Aimant en c\u00e9ramique. Sagrada Familia. Barcelone. Bleu."},"content":{"rendered":"<p>Cet aimant en c\u00e9ramique au design vibrant est un hommage \u00e0 l&#8217;embl\u00e9matique Sagrada Familia, l&rsquo;un des monuments les plus embl\u00e9matiques de Barcelone. Avec un style color\u00e9 qui met en valeur l&rsquo;architecture unique de Gaud\u00ed, ce souvenir capture l&rsquo;essence de la ville dans ses moindres d\u00e9tails. L&rsquo;aimant pr\u00e9sente une illustration de la Sagrada Familia dans des tons de rouge et de vert, soulignant sa silhouette unique, entour\u00e9e d&rsquo;un fond bleu et jaune qui \u00e9voque les mosa\u00efques caract\u00e9ristiques de l&rsquo;\u0153uvre de Gaud\u00ed.  <\/p>\n<p>Peint \u00e0 la main, chaque aimant est unique, refl\u00e9tant l&rsquo;engagement artisanal qui caract\u00e9rise les souvenirs authentiques. Cet aimant n&rsquo;est pas seulement un accessoire d\u00e9coratif id\u00e9al pour tout r\u00e9frig\u00e9rateur, mais aussi un rappel constant des merveilles de Barcelone et de son riche patrimoine culturel. Parfait pour les touristes qui souhaitent emporter un morceau de la ville chez eux ou pour ceux qui souhaitent donner une touche d&rsquo;art catalan, cet aimant est le cadeau id\u00e9al pour les amateurs d&rsquo;art et de culture. Chez Ol\u00e9 Mosaic, en tant que distributeurs en gros de souvenirs de Barcelone, nous garantissons l&rsquo;authenticit\u00e9 et la qualit\u00e9 de chaque pi\u00e8ce, assurant que cet aimant est un excellent repr\u00e9sentant de la beaut\u00e9 de la ville.   <\/p>\n","protected":false},"excerpt":{"rendered":"<p>Aimant en c\u00e9ramique au design vibrant, inspir\u00e9 par l&rsquo;architecture de Barcelone. Cet aimant color\u00e9 pr\u00e9sente une illustration de l&#8217;embl\u00e9matique Sagrada Familia, avec sa forme caract\u00e9ristique dans des tons de rouge et de vert, contrastant avec le fond bleu et jaune, \u00e9voquant les mosa\u00efques de Gaudi. Peint dans un style artisanal, ce souvenir capture l&rsquo;essence de la ville, ce qui en fait un excellent souvenir ou un cadeau attrayant pour les amoureux de l&rsquo;art et de la culture barcelonaise.  <\/p>\n","protected":false},"featured_media":12105,"template":"","meta":{"_acf_changed":false},"product_brand":[],"product_cat":[697],"product_tag":[585],"class_list":{"0":"post-24038","1":"product","2":"type-product","3":"status-publish","4":"has-post-thumbnail","6":"product_cat-aimants","7":"product_tag-ceramique","8":"pa_ciudad-barcelona","9":"pa_pais-espana","11":"first","12":"instock","13":"shipping-taxable","14":"product-type-simple"},"acf":[],"_links":{"self":[{"href":"https:\/\/olemosaic.com\/fr\/wp-json\/wp\/v2\/product\/24038","targetHints":{"allow":["GET"]}}],"collection":[{"href":"https:\/\/olemosaic.com\/fr\/wp-json\/wp\/v2\/product"}],"about":[{"href":"https:\/\/olemosaic.com\/fr\/wp-json\/wp\/v2\/types\/product"}],"wp:featuredmedia":[{"embeddable":true,"href":"https:\/\/olemosaic.com\/fr\/wp-json\/wp\/v2\/media\/12105"}],"wp:attachment":[{"href":"https:\/\/olemosaic.com\/fr\/wp-json\/wp\/v2\/media?parent=24038"}],"wp:term":[{"taxonomy":"product_brand","embeddable":true,"href":"https:\/\/olemosaic.com\/fr\/wp-json\/wp\/v2\/product_brand?post=24038"},{"taxonomy":"product_cat","embeddable":true,"href":"https:\/\/olemosaic.com\/fr\/wp-json\/wp\/v2\/product_cat?post=24038"},{"taxonomy":"product_tag","embeddable":true,"href":"https:\/\/olemosaic.com\/fr\/wp-json\/wp\/v2\/product_tag?post=24038"}],"curies":[{"name":"wp","href":"https:\/\/api.w.org\/{rel}","templated":true}]}}