{"id":24021,"date":"2025-02-20T23:31:57","date_gmt":"2025-02-20T22:31:57","guid":{"rendered":"https:\/\/olemosaic.com\/producto\/aimant-en-ceramique-cour-andalouse-espagne-blanc\/"},"modified":"2025-02-20T23:31:57","modified_gmt":"2025-02-20T22:31:57","slug":"aimant-en-ceramique-cour-andalouse-espagne-blanc","status":"publish","type":"product","link":"https:\/\/olemosaic.com\/fr\/produit\/aimant-en-ceramique-cour-andalouse-espagne-blanc\/","title":{"rendered":"Aimant en c\u00e9ramique. Cour andalouse. Espagne. Blanc."},"content":{"rendered":"<p>Cet aimant en c\u00e9ramique, avec son design vibrant, capture l&rsquo;essence du flamenco andalou, ce qui en fait le parfait souvenir d&rsquo;Espagne. Il repr\u00e9sente une sc\u00e8ne anim\u00e9e avec deux danseurs : une \u00e9blouissante bailaora v\u00eatue d&rsquo;une robe rouge \u00e0 pois et un \u00e9l\u00e9gant gentleman en costume traditionnel. Les deux personnages, qui incarnent l&rsquo;esprit du flamenco, sont entour\u00e9s d&rsquo;\u00e9l\u00e9ments embl\u00e9matiques tels qu&rsquo;une guitare et des chaises en jonc, le tout encadr\u00e9 par un fond blanc \u00e9voquant une cour andalouse, orn\u00e9e de d\u00e9tails en mosa\u00efque qui ajoutent une touche artistique.  <\/p>\n<p>Les vignes color\u00e9es et les couleurs vives de la bailaora soulignent la passion et la joie de la danse flamenco, tandis que le fond, avec son motif de mosa\u00efque, refl\u00e8te l&rsquo;influence architecturale de l&rsquo;Andalousie. Cet aimant n&rsquo;est pas seulement un objet d\u00e9coratif pratique, il repr\u00e9sente \u00e9galement la richesse de la culture et des traditions de la r\u00e9gion, ce qui en fait un excellent souvenir pour ceux qui souhaitent emporter un petit morceau d&rsquo;Espagne chez eux. <\/p>\n<p>D&rsquo;Ol\u00e9 Mosaic, nous vous proposons cet aimant en c\u00e9ramique dans le cadre de notre s\u00e9lection de souvenirs de haute qualit\u00e9. C&rsquo;est un choix id\u00e9al pour les boutiques de cadeaux touristiques \u00e0 la recherche de produits authentiques et artistiques qui mettent en valeur la beaut\u00e9 du folklore espagnol et de l&rsquo;artisanat local. Parfait pour les touristes qui veulent se souvenir de leur visite en Andalousie, cet aimant est une magnifique repr\u00e9sentation du patrimoine culturel espagnol.  <\/p>\n","protected":false},"excerpt":{"rendered":"<p>Aimant en c\u00e9ramique avec un design vibrant qui \u00e9voque l&rsquo;atmosph\u00e8re authentique du flamenco andalou. Le produit repr\u00e9sente deux danseurs : une femme en robe \u00e0 pois rouges et un homme en costume traditionnel. Ils sont entour\u00e9s d&rsquo;\u00e9l\u00e9ments typiques tels qu&rsquo;une guitare et des chaises en jonc, le tout sur un fond blanc d\u00e9cor\u00e9 de d\u00e9tails en mosa\u00efque. Id\u00e9al pour emporter chez vous un petit morceau de la culture espagnole.   <\/p>\n","protected":false},"featured_media":8429,"template":"","meta":{"_acf_changed":false},"product_brand":[],"product_cat":[697],"product_tag":[585],"class_list":{"0":"post-24021","1":"product","2":"type-product","3":"status-publish","4":"has-post-thumbnail","6":"product_cat-aimants","7":"product_tag-ceramique","8":"pa_motivo-cours-interieures","10":"first","11":"instock","12":"shipping-taxable","13":"product-type-simple"},"acf":[],"_links":{"self":[{"href":"https:\/\/olemosaic.com\/fr\/wp-json\/wp\/v2\/product\/24021","targetHints":{"allow":["GET"]}}],"collection":[{"href":"https:\/\/olemosaic.com\/fr\/wp-json\/wp\/v2\/product"}],"about":[{"href":"https:\/\/olemosaic.com\/fr\/wp-json\/wp\/v2\/types\/product"}],"wp:featuredmedia":[{"embeddable":true,"href":"https:\/\/olemosaic.com\/fr\/wp-json\/wp\/v2\/media\/8429"}],"wp:attachment":[{"href":"https:\/\/olemosaic.com\/fr\/wp-json\/wp\/v2\/media?parent=24021"}],"wp:term":[{"taxonomy":"product_brand","embeddable":true,"href":"https:\/\/olemosaic.com\/fr\/wp-json\/wp\/v2\/product_brand?post=24021"},{"taxonomy":"product_cat","embeddable":true,"href":"https:\/\/olemosaic.com\/fr\/wp-json\/wp\/v2\/product_cat?post=24021"},{"taxonomy":"product_tag","embeddable":true,"href":"https:\/\/olemosaic.com\/fr\/wp-json\/wp\/v2\/product_tag?post=24021"}],"curies":[{"name":"wp","href":"https:\/\/api.w.org\/{rel}","templated":true}]}}