{"id":24013,"date":"2025-02-20T23:31:56","date_gmt":"2025-02-20T22:31:56","guid":{"rendered":"https:\/\/olemosaic.com\/producto\/aimant-en-ceramique-patio-andalou-danseuse-blanc\/"},"modified":"2025-02-20T23:31:56","modified_gmt":"2025-02-20T22:31:56","slug":"aimant-en-ceramique-patio-andalou-danseuse-blanc","status":"publish","type":"product","link":"https:\/\/olemosaic.com\/fr\/produit\/aimant-en-ceramique-patio-andalou-danseuse-blanc\/","title":{"rendered":"Aimant en c\u00e9ramique. Patio andalou. Danseuse. Blanc."},"content":{"rendered":"<p>Cet aimant en c\u00e9ramique au design traditionnel capture l&rsquo;essence vibrante du folklore andalou, ce qui en fait un authentique souvenir d&rsquo;Espagne. Il pr\u00e9sente une sc\u00e8ne peinte \u00e0 la main illustrant une danseuse de flamenco v\u00eatue d&rsquo;une robe rouge resplendissante, accompagn\u00e9e d&rsquo;un homme portant un sombrero et une lanterne, le tout entour\u00e9 de fleurs luxuriantes et d&rsquo;\u00e9l\u00e9ments typiques d&rsquo;une cour pittoresque. Le fond blanc de l&rsquo;aimant offre un beau contraste qui fait ressortir les couleurs chaudes et vives de l&rsquo;illustration, tandis que les d\u00e9tails rouges ajoutent une touche artistique qui \u00e9voque la chaleur et l&rsquo;\u00e9clat des f\u00eates andalouses.  <\/p>\n<p>Cet aimant n&rsquo;est pas seulement un \u00e9l\u00e9ment d\u00e9coratif qui attire l&rsquo;attention, mais une repr\u00e9sentation tangible des traditions culturelles espagnoles, id\u00e9ale pour ceux qui recherchent un souvenir alliant l&rsquo;art et le folklore. Il est parfait pour orner les surfaces m\u00e9talliques de la maison, offrant un morceau d&rsquo;Andalousie \u00e0 chaque coup d&rsquo;\u0153il. Chez Ol\u00e9 Mosaic, en tant que grossiste en souvenirs, nous proposons cet aimant comme un excellent choix pour les boutiques de cadeaux touristiques, o\u00f9 l&rsquo;authenticit\u00e9 et la qualit\u00e9 sont primordiales. Cet aimant en c\u00e9ramique est un souvenir distinctif qui ravira les visiteurs et leur permettra de ramener chez eux un morceau de la riche culture espagnole.   <\/p>\n","protected":false},"excerpt":{"rendered":"<p>Aimant en c\u00e9ramique au design traditionnel \u00e9voquant une cour andalouse anim\u00e9e. Cet aimant attrayant pr\u00e9sente une sc\u00e8ne artisanale peinte \u00e0 la main repr\u00e9sentant une danseuse de flamenco v\u00eatue d&rsquo;une robe rouge et un homme coiff\u00e9 d&rsquo;un chapeau, entour\u00e9s de fleurs et de lanternes sur un fond blanc. La finition en c\u00e9ramique comprend des d\u00e9tails rouges, cr\u00e9ant un lien avec le folklore espagnol et capturant l&rsquo;essence de la culture flamenco. Id\u00e9al pour la d\u00e9coration et comme souvenir de l&rsquo;Espagne.   <\/p>\n","protected":false},"featured_media":8431,"template":"","meta":{"_acf_changed":false},"product_brand":[],"product_cat":[697],"product_tag":[585],"class_list":{"0":"post-24013","1":"product","2":"type-product","3":"status-publish","4":"has-post-thumbnail","6":"product_cat-aimants","7":"product_tag-ceramique","8":"pa_motivo-cours-interieures","10":"first","11":"instock","12":"shipping-taxable","13":"product-type-simple"},"acf":[],"_links":{"self":[{"href":"https:\/\/olemosaic.com\/fr\/wp-json\/wp\/v2\/product\/24013","targetHints":{"allow":["GET"]}}],"collection":[{"href":"https:\/\/olemosaic.com\/fr\/wp-json\/wp\/v2\/product"}],"about":[{"href":"https:\/\/olemosaic.com\/fr\/wp-json\/wp\/v2\/types\/product"}],"wp:featuredmedia":[{"embeddable":true,"href":"https:\/\/olemosaic.com\/fr\/wp-json\/wp\/v2\/media\/8431"}],"wp:attachment":[{"href":"https:\/\/olemosaic.com\/fr\/wp-json\/wp\/v2\/media?parent=24013"}],"wp:term":[{"taxonomy":"product_brand","embeddable":true,"href":"https:\/\/olemosaic.com\/fr\/wp-json\/wp\/v2\/product_brand?post=24013"},{"taxonomy":"product_cat","embeddable":true,"href":"https:\/\/olemosaic.com\/fr\/wp-json\/wp\/v2\/product_cat?post=24013"},{"taxonomy":"product_tag","embeddable":true,"href":"https:\/\/olemosaic.com\/fr\/wp-json\/wp\/v2\/product_tag?post=24013"}],"curies":[{"name":"wp","href":"https:\/\/api.w.org\/{rel}","templated":true}]}}